{"id":819,"date":"2023-07-20T18:46:45","date_gmt":"2023-07-20T16:46:45","guid":{"rendered":"https:\/\/sasldeh.cluster030.hosting.ovh.net\/?page_id=819"},"modified":"2023-07-20T18:46:45","modified_gmt":"2023-07-20T16:46:45","slug":"16-juin-2023-17h-18h-autour-de-quelques-contrats-inedits-dorfevrerie-perpignanaise-guillem-dalmau-doctorant-en-histoire-cdm66","status":"publish","type":"page","link":"https:\/\/sasl-des-po.fr\/index.php\/16-juin-2023-17h-18h-autour-de-quelques-contrats-inedits-dorfevrerie-perpignanaise-guillem-dalmau-doctorant-en-histoire-cdm66\/","title":{"rendered":"16 juin 2023 \u2013 17h-18h \u2013 Autour de quelques contrats in\u00e9dits d&rsquo;orf\u00e8vrerie perpignanaise. Guillem Dalmau, doctorant en histoire \/ CDM66"},"content":{"rendered":"\n<p>Le d\u00e9pouillement des registres notari\u00e9s de Perpignan, men\u00e9 dans le cadre de mes recherches doctorales sur les orf\u00e8vres de Perpignan et leur production (XVIe-XVIIe si\u00e8cle), a \u00e9t\u00e9 l\u2019occasion de d\u00e9couvrir des documents de premi\u00e8re main. Parmi eux, les contrats de commande de pi\u00e8ces d\u2019argenterie pour l\u2019exercice du culte sont une source d\u2019informations exceptionnelle. Au-del\u00e0 de l\u2019attribution d\u2019\u0153uvres qui, par chance, sont parfois conserv\u00e9es, ces documents nous offrent aussi des renseignements sur leur contexte d\u2019ex\u00e9cution, les techniques de r\u00e9alisation, les proc\u00e9d\u00e9s de financement&#8230; Ce sont donc ces divers aspects que nous proposons de pr\u00e9senter ici.<\/p>\n\n\n\n<p><\/p>\n\n\n\n<figure class=\"wp-block-image size-large\"><a href=\"https:\/\/sasldeh.cluster030.hosting.ovh.net\/wp-content\/uploads\/2023\/07\/1127-scaled.jpg\"><img loading=\"lazy\" decoding=\"async\" width=\"683\" height=\"1024\" src=\"https:\/\/sasldeh.cluster030.hosting.ovh.net\/wp-content\/uploads\/2023\/07\/1127-683x1024.jpg\" alt=\"\" class=\"wp-image-820\" srcset=\"https:\/\/sasl-des-po.fr\/wp-content\/uploads\/2023\/07\/1127-683x1024.jpg 683w, https:\/\/sasl-des-po.fr\/wp-content\/uploads\/2023\/07\/1127-200x300.jpg 200w, https:\/\/sasl-des-po.fr\/wp-content\/uploads\/2023\/07\/1127-768x1152.jpg 768w, https:\/\/sasl-des-po.fr\/wp-content\/uploads\/2023\/07\/1127-1024x1536.jpg 1024w, https:\/\/sasl-des-po.fr\/wp-content\/uploads\/2023\/07\/1127-1365x2048.jpg 1365w, https:\/\/sasl-des-po.fr\/wp-content\/uploads\/2023\/07\/1127-scaled.jpg 1707w\" sizes=\"auto, (max-width: 683px) 100vw, 683px\" \/><\/a><\/figure>\n\n\n\n<figure class=\"wp-block-image size-large\"><a href=\"https:\/\/sasldeh.cluster030.hosting.ovh.net\/wp-content\/uploads\/2023\/07\/20210412_143522-scaled.jpg\"><img loading=\"lazy\" decoding=\"async\" width=\"768\" height=\"1024\" src=\"https:\/\/sasldeh.cluster030.hosting.ovh.net\/wp-content\/uploads\/2023\/07\/20210412_143522-768x1024.jpg\" alt=\"\" class=\"wp-image-821\" srcset=\"https:\/\/sasl-des-po.fr\/wp-content\/uploads\/2023\/07\/20210412_143522-768x1024.jpg 768w, https:\/\/sasl-des-po.fr\/wp-content\/uploads\/2023\/07\/20210412_143522-225x300.jpg 225w, https:\/\/sasl-des-po.fr\/wp-content\/uploads\/2023\/07\/20210412_143522-1152x1536.jpg 1152w, https:\/\/sasl-des-po.fr\/wp-content\/uploads\/2023\/07\/20210412_143522-1536x2048.jpg 1536w, https:\/\/sasl-des-po.fr\/wp-content\/uploads\/2023\/07\/20210412_143522-scaled.jpg 1920w\" sizes=\"auto, (max-width: 768px) 100vw, 768px\" \/><\/a><\/figure>\n","protected":false},"excerpt":{"rendered":"<p>Le d\u00e9pouillement des registres notari\u00e9s de Perpignan, men\u00e9 dans le cadre de mes recherches doctorales sur les orf\u00e8vres de Perpignan et leur production (XVIe-XVIIe si\u00e8cle), a \u00e9t\u00e9 l\u2019occasion de d\u00e9couvrir des documents de premi\u00e8re main. Parmi eux, les contrats de commande de pi\u00e8ces d\u2019argenterie pour l\u2019exercice du culte sont une source d\u2019informations exceptionnelle. Au-del\u00e0 de &hellip; <a href=\"https:\/\/sasl-des-po.fr\/index.php\/16-juin-2023-17h-18h-autour-de-quelques-contrats-inedits-dorfevrerie-perpignanaise-guillem-dalmau-doctorant-en-histoire-cdm66\/\" class=\"more-link\">Continuer la lecture de <span class=\"screen-reader-text\">16 juin 2023 \u2013 17h-18h \u2013 Autour de quelques contrats in\u00e9dits d&rsquo;orf\u00e8vrerie perpignanaise. Guillem Dalmau, doctorant en histoire \/ CDM66<\/span><\/a><\/p>\n","protected":false},"author":1,"featured_media":0,"parent":0,"menu_order":0,"comment_status":"closed","ping_status":"closed","template":"","meta":{"footnotes":""},"class_list":["post-819","page","type-page","status-publish","hentry"],"_links":{"self":[{"href":"https:\/\/sasl-des-po.fr\/index.php\/wp-json\/wp\/v2\/pages\/819","targetHints":{"allow":["GET"]}}],"collection":[{"href":"https:\/\/sasl-des-po.fr\/index.php\/wp-json\/wp\/v2\/pages"}],"about":[{"href":"https:\/\/sasl-des-po.fr\/index.php\/wp-json\/wp\/v2\/types\/page"}],"author":[{"embeddable":true,"href":"https:\/\/sasl-des-po.fr\/index.php\/wp-json\/wp\/v2\/users\/1"}],"replies":[{"embeddable":true,"href":"https:\/\/sasl-des-po.fr\/index.php\/wp-json\/wp\/v2\/comments?post=819"}],"version-history":[{"count":1,"href":"https:\/\/sasl-des-po.fr\/index.php\/wp-json\/wp\/v2\/pages\/819\/revisions"}],"predecessor-version":[{"id":822,"href":"https:\/\/sasl-des-po.fr\/index.php\/wp-json\/wp\/v2\/pages\/819\/revisions\/822"}],"wp:attachment":[{"href":"https:\/\/sasl-des-po.fr\/index.php\/wp-json\/wp\/v2\/media?parent=819"}],"curies":[{"name":"wp","href":"https:\/\/api.w.org\/{rel}","templated":true}]}}