{"id":809,"date":"2023-07-20T18:36:44","date_gmt":"2023-07-20T16:36:44","guid":{"rendered":"https:\/\/sasldeh.cluster030.hosting.ovh.net\/?page_id=809"},"modified":"2023-07-20T18:36:44","modified_gmt":"2023-07-20T16:36:44","slug":"21-avril-2023-17h-18h-larn-messager-de-lhypothese-jusquaux-vaccins-michel-delseny-membre-de-lacademie-des-sciences-cdm66","status":"publish","type":"page","link":"https:\/\/sasl-des-po.fr\/index.php\/21-avril-2023-17h-18h-larn-messager-de-lhypothese-jusquaux-vaccins-michel-delseny-membre-de-lacademie-des-sciences-cdm66\/","title":{"rendered":"21 avril 2023 \u2013 17h-18h \u2013 L&rsquo;ARN messager, de l&rsquo;hypoth\u00e8se jusqu\u2019aux vaccins. Michel Delseny, membre de l&rsquo;Acad\u00e9mie des Sciences \/ CDM66"},"content":{"rendered":"\n<p>L\u2019ARN messager (ARNm) a fait irruption dans le quotidien de nos concitoyens avec la mise au point de vaccins d\u2019un nouveau type contre le virus de la COVID 19. Pourtant cette mol\u00e9cule est loin d\u2019\u00eatre nouvelle&nbsp;: elle a \u00e9t\u00e9 mise en \u00e9vidence exp\u00e9rimentalement il y a un peu plus de soixante ans. La conf\u00e9rence pr\u00e9sentera la fa\u00e7on dont a \u00e9t\u00e9 effectu\u00e9e cette d\u00e9couverte et les tr\u00e8s nombreuses connaissances acquises depuis sur cette mol\u00e9cule. Elle d\u00e9crira \u00e9galement les al\u00e9as de ces recherches et les tribulations diverses et vari\u00e9es qui ont finalement conduit \u00e0 la mise au point de vaccins de nouvelle g\u00e9n\u00e9ration.<\/p>\n\n\n\n<p>Michel Delseny est Directeur de Recherche \u00e9m\u00e9rite honoraire au CNRS. Il a effectu\u00e9 l\u2019essentiel de sa carri\u00e8re \u00e0 l\u2019Universit\u00e9 de Perpignan via Domitia o\u00f9 il a dirig\u00e9 le Laboratoire G\u00e9nome et D\u00e9veloppement des Plantes. Il est l\u2019un des d\u00e9couvreurs, en 1974, de l\u2019ARNm des plantes. Il est membre de l\u2019Acad\u00e9mie des Sciences.<\/p>\n\n\n\n<figure class=\"wp-block-image size-large\"><img loading=\"lazy\" decoding=\"async\" width=\"683\" height=\"1024\" src=\"https:\/\/sasldeh.cluster030.hosting.ovh.net\/wp-content\/uploads\/2023\/07\/Delseny-683x1024.jpg\" alt=\"\" class=\"wp-image-810\" srcset=\"https:\/\/sasl-des-po.fr\/wp-content\/uploads\/2023\/07\/Delseny-683x1024.jpg 683w, https:\/\/sasl-des-po.fr\/wp-content\/uploads\/2023\/07\/Delseny-200x300.jpg 200w, https:\/\/sasl-des-po.fr\/wp-content\/uploads\/2023\/07\/Delseny-768x1152.jpg 768w, https:\/\/sasl-des-po.fr\/wp-content\/uploads\/2023\/07\/Delseny-1024x1536.jpg 1024w, https:\/\/sasl-des-po.fr\/wp-content\/uploads\/2023\/07\/Delseny.jpg 1152w\" sizes=\"auto, (max-width: 683px) 100vw, 683px\" \/><\/figure>\n","protected":false},"excerpt":{"rendered":"<p>L\u2019ARN messager (ARNm) a fait irruption dans le quotidien de nos concitoyens avec la mise au point de vaccins d\u2019un nouveau type contre le virus de la COVID 19. Pourtant cette mol\u00e9cule est loin d\u2019\u00eatre nouvelle&nbsp;: elle a \u00e9t\u00e9 mise en \u00e9vidence exp\u00e9rimentalement il y a un peu plus de soixante ans. La conf\u00e9rence pr\u00e9sentera &hellip; <a href=\"https:\/\/sasl-des-po.fr\/index.php\/21-avril-2023-17h-18h-larn-messager-de-lhypothese-jusquaux-vaccins-michel-delseny-membre-de-lacademie-des-sciences-cdm66\/\" class=\"more-link\">Continuer la lecture de <span class=\"screen-reader-text\">21 avril 2023 \u2013 17h-18h \u2013 L&rsquo;ARN messager, de l&rsquo;hypoth\u00e8se jusqu\u2019aux vaccins. Michel Delseny, membre de l&rsquo;Acad\u00e9mie des Sciences \/ CDM66<\/span><\/a><\/p>\n","protected":false},"author":1,"featured_media":0,"parent":0,"menu_order":0,"comment_status":"closed","ping_status":"closed","template":"","meta":{"footnotes":""},"class_list":["post-809","page","type-page","status-publish","hentry"],"_links":{"self":[{"href":"https:\/\/sasl-des-po.fr\/index.php\/wp-json\/wp\/v2\/pages\/809","targetHints":{"allow":["GET"]}}],"collection":[{"href":"https:\/\/sasl-des-po.fr\/index.php\/wp-json\/wp\/v2\/pages"}],"about":[{"href":"https:\/\/sasl-des-po.fr\/index.php\/wp-json\/wp\/v2\/types\/page"}],"author":[{"embeddable":true,"href":"https:\/\/sasl-des-po.fr\/index.php\/wp-json\/wp\/v2\/users\/1"}],"replies":[{"embeddable":true,"href":"https:\/\/sasl-des-po.fr\/index.php\/wp-json\/wp\/v2\/comments?post=809"}],"version-history":[{"count":1,"href":"https:\/\/sasl-des-po.fr\/index.php\/wp-json\/wp\/v2\/pages\/809\/revisions"}],"predecessor-version":[{"id":811,"href":"https:\/\/sasl-des-po.fr\/index.php\/wp-json\/wp\/v2\/pages\/809\/revisions\/811"}],"wp:attachment":[{"href":"https:\/\/sasl-des-po.fr\/index.php\/wp-json\/wp\/v2\/media?parent=809"}],"curies":[{"name":"wp","href":"https:\/\/api.w.org\/{rel}","templated":true}]}}