{"id":750,"date":"2023-01-24T00:55:22","date_gmt":"2023-01-23T23:55:22","guid":{"rendered":"http:\/\/sasldeh.cluster030.hosting.ovh.net\/?page_id=750"},"modified":"2023-07-22T10:07:24","modified_gmt":"2023-07-22T08:07:24","slug":"13-janvier-2023-17h-18h-la-colonie-miniere-de-la-pinosa-une-nouvelle-vie-pour-un-site-multi-patrimonial-charlotte-besombes-chargee-de-mission-au-syndicat-mixte-canigo-grand-site","status":"publish","type":"page","link":"https:\/\/sasl-des-po.fr\/index.php\/13-janvier-2023-17h-18h-la-colonie-miniere-de-la-pinosa-une-nouvelle-vie-pour-un-site-multi-patrimonial-charlotte-besombes-chargee-de-mission-au-syndicat-mixte-canigo-grand-site\/","title":{"rendered":"13 janvier 2023 \u2013 17h-18h \u2013 La colonie mini\u00e8re de la Pinosa, une nouvelle vie pour un site multi-patrimonial. Charlotte Besombes, charg\u00e9e de mission au Syndicat mixte Canig\u00f3 Grand Site (SMCGS)"},"content":{"rendered":"\n<figure class=\"wp-block-image size-large\"><a href=\"http:\/\/sasldeh.cluster030.hosting.ovh.net\/wp-content\/uploads\/2023\/01\/SASL-La-colonie-miniere-de-La-Pinosa-13-janvier-2022-1.png\"><img loading=\"lazy\" decoding=\"async\" width=\"724\" height=\"1024\" src=\"http:\/\/sasldeh.cluster030.hosting.ovh.net\/wp-content\/uploads\/2023\/01\/SASL-La-colonie-miniere-de-La-Pinosa-13-janvier-2022-1-724x1024.png\" alt=\"\" class=\"wp-image-754\" srcset=\"https:\/\/sasl-des-po.fr\/wp-content\/uploads\/2023\/01\/SASL-La-colonie-miniere-de-La-Pinosa-13-janvier-2022-1-724x1024.png 724w, https:\/\/sasl-des-po.fr\/wp-content\/uploads\/2023\/01\/SASL-La-colonie-miniere-de-La-Pinosa-13-janvier-2022-1-212x300.png 212w, https:\/\/sasl-des-po.fr\/wp-content\/uploads\/2023\/01\/SASL-La-colonie-miniere-de-La-Pinosa-13-janvier-2022-1-768x1086.png 768w, https:\/\/sasl-des-po.fr\/wp-content\/uploads\/2023\/01\/SASL-La-colonie-miniere-de-La-Pinosa-13-janvier-2022-1-1086x1536.png 1086w, https:\/\/sasl-des-po.fr\/wp-content\/uploads\/2023\/01\/SASL-La-colonie-miniere-de-La-Pinosa-13-janvier-2022-1-1448x2048.png 1448w, https:\/\/sasl-des-po.fr\/wp-content\/uploads\/2023\/01\/SASL-La-colonie-miniere-de-La-Pinosa-13-janvier-2022-1.png 1587w\" sizes=\"auto, (max-width: 724px) 100vw, 724px\" \/><\/a><\/figure>\n\n\n\n<p>Acquise en 2014 par le Syndicat Mixte Canig\u00f3 Grand Site, la colonie mini\u00e8re de la Pinosa, situ\u00e9e \u00e0 1350m d&rsquo;altitude au nord de la commune de Valmanya, est un haut-lieu du patrimoine du massif du Canig\u00f3, et plus largement, du d\u00e9partement. La pr\u00e9sence du fer sur le massif du Canig\u00f3 est \u00e0 l&rsquo;origine de l&rsquo;installation de ces infrastructures, qui rivalisent d&rsquo;ing\u00e9niosit\u00e9 pour exploiter et transporter le minerai de fer. T\u00e9moin de la vie des mineurs jusqu&rsquo;en 1931, puis d&rsquo;un \u00e9pisode marquant de la Seconde Guerre Mondiale, la Pinosa fait partie de ces lieux qui multiplient les int\u00e9r\u00eats patrimoniaux et suscite l&rsquo;attachement et l&rsquo;\u00e9motion des habitants et visiteurs. Le projet de r\u00e9habilitation port\u00e9 par le SMCGS remet au jour ce lieu unique pour la d\u00e9couverte.<\/p>\n","protected":false},"excerpt":{"rendered":"<p>Acquise en 2014 par le Syndicat Mixte Canig\u00f3 Grand Site, la colonie mini\u00e8re de la Pinosa, situ\u00e9e \u00e0 1350m d&rsquo;altitude au nord de la commune de Valmanya, est un haut-lieu du patrimoine du massif du Canig\u00f3, et plus largement, du d\u00e9partement. La pr\u00e9sence du fer sur le massif du Canig\u00f3 est \u00e0 l&rsquo;origine de l&rsquo;installation &hellip; <a href=\"https:\/\/sasl-des-po.fr\/index.php\/13-janvier-2023-17h-18h-la-colonie-miniere-de-la-pinosa-une-nouvelle-vie-pour-un-site-multi-patrimonial-charlotte-besombes-chargee-de-mission-au-syndicat-mixte-canigo-grand-site\/\" class=\"more-link\">Continuer la lecture de <span class=\"screen-reader-text\">13 janvier 2023 \u2013 17h-18h \u2013 La colonie mini\u00e8re de la Pinosa, une nouvelle vie pour un site multi-patrimonial. Charlotte Besombes, charg\u00e9e de mission au Syndicat mixte Canig\u00f3 Grand Site (SMCGS)<\/span><\/a><\/p>\n","protected":false},"author":1,"featured_media":0,"parent":0,"menu_order":0,"comment_status":"closed","ping_status":"closed","template":"","meta":{"footnotes":""},"class_list":["post-750","page","type-page","status-publish","hentry"],"_links":{"self":[{"href":"https:\/\/sasl-des-po.fr\/index.php\/wp-json\/wp\/v2\/pages\/750","targetHints":{"allow":["GET"]}}],"collection":[{"href":"https:\/\/sasl-des-po.fr\/index.php\/wp-json\/wp\/v2\/pages"}],"about":[{"href":"https:\/\/sasl-des-po.fr\/index.php\/wp-json\/wp\/v2\/types\/page"}],"author":[{"embeddable":true,"href":"https:\/\/sasl-des-po.fr\/index.php\/wp-json\/wp\/v2\/users\/1"}],"replies":[{"embeddable":true,"href":"https:\/\/sasl-des-po.fr\/index.php\/wp-json\/wp\/v2\/comments?post=750"}],"version-history":[{"count":3,"href":"https:\/\/sasl-des-po.fr\/index.php\/wp-json\/wp\/v2\/pages\/750\/revisions"}],"predecessor-version":[{"id":824,"href":"https:\/\/sasl-des-po.fr\/index.php\/wp-json\/wp\/v2\/pages\/750\/revisions\/824"}],"wp:attachment":[{"href":"https:\/\/sasl-des-po.fr\/index.php\/wp-json\/wp\/v2\/media?parent=750"}],"curies":[{"name":"wp","href":"https:\/\/api.w.org\/{rel}","templated":true}]}}