{"id":714,"date":"2023-01-04T22:26:37","date_gmt":"2023-01-04T21:26:37","guid":{"rendered":"http:\/\/sasldeh.cluster030.hosting.ovh.net\/?page_id=714"},"modified":"2023-01-04T22:49:12","modified_gmt":"2023-01-04T21:49:12","slug":"23-decembre-2022-noel-de-la-sasl-apres-midi-a-sant-vicens-domaine-de-sant-vicens-perpignan","status":"publish","type":"page","link":"https:\/\/sasl-des-po.fr\/index.php\/23-decembre-2022-noel-de-la-sasl-apres-midi-a-sant-vicens-domaine-de-sant-vicens-perpignan\/","title":{"rendered":"23 d\u00e9cembre 2022 \u2013 No\u00ebl de la SASL &#8211; Apr\u00e8s-midi \u00e0 Sant Vicens (Domaine de Sant Vicens, Perpignan)"},"content":{"rendered":"\n<p>Visite guid\u00e9e et pr\u00e9sentation des cr\u00e9ations actuelles.&nbsp; Claire Bauby, c\u00e9ramiste \u2013 18h-19h.<\/p>\n\n\n\n<p>Le Pessebre de Sant Vicens (conf\u00e9rence). Enric Benavent Vall\u00e8s, professeur d\u2019Universit\u00e9 \u2013 19h-20h.<\/p>\n\n\n\n<figure class=\"wp-block-image size-large\"><a href=\"http:\/\/sasldeh.cluster030.hosting.ovh.net\/wp-content\/uploads\/2023\/01\/Noel-de-la-SASL-23-decembre-2022.png\"><img loading=\"lazy\" decoding=\"async\" width=\"1024\" height=\"726\" src=\"http:\/\/sasldeh.cluster030.hosting.ovh.net\/wp-content\/uploads\/2023\/01\/Noel-de-la-SASL-23-decembre-2022-1024x726.png\" alt=\"\" class=\"wp-image-718\" srcset=\"https:\/\/sasl-des-po.fr\/wp-content\/uploads\/2023\/01\/Noel-de-la-SASL-23-decembre-2022-1024x726.png 1024w, https:\/\/sasl-des-po.fr\/wp-content\/uploads\/2023\/01\/Noel-de-la-SASL-23-decembre-2022-300x213.png 300w, https:\/\/sasl-des-po.fr\/wp-content\/uploads\/2023\/01\/Noel-de-la-SASL-23-decembre-2022-768x545.png 768w, https:\/\/sasl-des-po.fr\/wp-content\/uploads\/2023\/01\/Noel-de-la-SASL-23-decembre-2022-1536x1090.png 1536w, https:\/\/sasl-des-po.fr\/wp-content\/uploads\/2023\/01\/Noel-de-la-SASL-23-decembre-2022.png 1748w\" sizes=\"auto, (max-width: 1024px) 100vw, 1024px\" \/><\/a><\/figure>\n\n\n\n<p><\/p>\n\n\n\n<figure class=\"wp-block-image size-large\"><a href=\"http:\/\/sasldeh.cluster030.hosting.ovh.net\/wp-content\/uploads\/2023\/01\/IMG_9183.jpg\"><img loading=\"lazy\" decoding=\"async\" width=\"1024\" height=\"683\" src=\"http:\/\/sasldeh.cluster030.hosting.ovh.net\/wp-content\/uploads\/2023\/01\/IMG_9183-1024x683.jpg\" alt=\"\" class=\"wp-image-719\" srcset=\"https:\/\/sasl-des-po.fr\/wp-content\/uploads\/2023\/01\/IMG_9183-1024x683.jpg 1024w, https:\/\/sasl-des-po.fr\/wp-content\/uploads\/2023\/01\/IMG_9183-300x200.jpg 300w, https:\/\/sasl-des-po.fr\/wp-content\/uploads\/2023\/01\/IMG_9183-768x512.jpg 768w, https:\/\/sasl-des-po.fr\/wp-content\/uploads\/2023\/01\/IMG_9183-1536x1024.jpg 1536w, https:\/\/sasl-des-po.fr\/wp-content\/uploads\/2023\/01\/IMG_9183-2048x1365.jpg 2048w\" sizes=\"auto, (max-width: 1024px) 100vw, 1024px\" \/><\/a><\/figure>\n\n\n\n<figure class=\"wp-block-image size-large\"><a href=\"http:\/\/sasldeh.cluster030.hosting.ovh.net\/wp-content\/uploads\/2023\/01\/IMG_9186.jpg\"><img loading=\"lazy\" decoding=\"async\" width=\"1024\" height=\"683\" src=\"http:\/\/sasldeh.cluster030.hosting.ovh.net\/wp-content\/uploads\/2023\/01\/IMG_9186-1024x683.jpg\" alt=\"\" class=\"wp-image-720\" srcset=\"https:\/\/sasl-des-po.fr\/wp-content\/uploads\/2023\/01\/IMG_9186-1024x683.jpg 1024w, https:\/\/sasl-des-po.fr\/wp-content\/uploads\/2023\/01\/IMG_9186-300x200.jpg 300w, https:\/\/sasl-des-po.fr\/wp-content\/uploads\/2023\/01\/IMG_9186-768x512.jpg 768w, https:\/\/sasl-des-po.fr\/wp-content\/uploads\/2023\/01\/IMG_9186-1536x1024.jpg 1536w, https:\/\/sasl-des-po.fr\/wp-content\/uploads\/2023\/01\/IMG_9186-2048x1365.jpg 2048w\" sizes=\"auto, (max-width: 1024px) 100vw, 1024px\" \/><\/a><\/figure>\n\n\n\n<figure class=\"wp-block-gallery has-nested-images columns-default is-cropped wp-block-gallery-1 is-layout-flex wp-block-gallery-is-layout-flex\">\n<figure class=\"wp-block-image size-large\"><a href=\"http:\/\/sasldeh.cluster030.hosting.ovh.net\/wp-content\/uploads\/2023\/01\/320839790_1150485485841586_8791084684419091164_n.jpg\"><img loading=\"lazy\" decoding=\"async\" width=\"768\" height=\"1024\" data-id=\"733\" src=\"http:\/\/sasldeh.cluster030.hosting.ovh.net\/wp-content\/uploads\/2023\/01\/320839790_1150485485841586_8791084684419091164_n-768x1024.jpg\" alt=\"\" class=\"wp-image-733\" srcset=\"https:\/\/sasl-des-po.fr\/wp-content\/uploads\/2023\/01\/320839790_1150485485841586_8791084684419091164_n-768x1024.jpg 768w, https:\/\/sasl-des-po.fr\/wp-content\/uploads\/2023\/01\/320839790_1150485485841586_8791084684419091164_n-225x300.jpg 225w, https:\/\/sasl-des-po.fr\/wp-content\/uploads\/2023\/01\/320839790_1150485485841586_8791084684419091164_n-1152x1536.jpg 1152w, https:\/\/sasl-des-po.fr\/wp-content\/uploads\/2023\/01\/320839790_1150485485841586_8791084684419091164_n.jpg 1536w\" sizes=\"auto, (max-width: 768px) 100vw, 768px\" \/><\/a><\/figure>\n\n\n\n<figure class=\"wp-block-image size-large\"><a href=\"http:\/\/sasldeh.cluster030.hosting.ovh.net\/wp-content\/uploads\/2023\/01\/320974202_669601401376443_887302048806722079_n.jpg\"><img loading=\"lazy\" decoding=\"async\" width=\"768\" height=\"1024\" data-id=\"728\" src=\"http:\/\/sasldeh.cluster030.hosting.ovh.net\/wp-content\/uploads\/2023\/01\/320974202_669601401376443_887302048806722079_n-768x1024.jpg\" alt=\"\" class=\"wp-image-728\" srcset=\"https:\/\/sasl-des-po.fr\/wp-content\/uploads\/2023\/01\/320974202_669601401376443_887302048806722079_n-768x1024.jpg 768w, https:\/\/sasl-des-po.fr\/wp-content\/uploads\/2023\/01\/320974202_669601401376443_887302048806722079_n-225x300.jpg 225w, https:\/\/sasl-des-po.fr\/wp-content\/uploads\/2023\/01\/320974202_669601401376443_887302048806722079_n-1152x1536.jpg 1152w, https:\/\/sasl-des-po.fr\/wp-content\/uploads\/2023\/01\/320974202_669601401376443_887302048806722079_n.jpg 1536w\" sizes=\"auto, (max-width: 768px) 100vw, 768px\" \/><\/a><\/figure>\n\n\n\n<figure class=\"wp-block-image size-large\"><a href=\"http:\/\/sasldeh.cluster030.hosting.ovh.net\/wp-content\/uploads\/2023\/01\/321294104_892694328571550_9097404008412763721_n.jpg\"><img loading=\"lazy\" decoding=\"async\" width=\"768\" height=\"1024\" data-id=\"730\" src=\"http:\/\/sasldeh.cluster030.hosting.ovh.net\/wp-content\/uploads\/2023\/01\/321294104_892694328571550_9097404008412763721_n-768x1024.jpg\" alt=\"\" class=\"wp-image-730\" srcset=\"https:\/\/sasl-des-po.fr\/wp-content\/uploads\/2023\/01\/321294104_892694328571550_9097404008412763721_n-768x1024.jpg 768w, https:\/\/sasl-des-po.fr\/wp-content\/uploads\/2023\/01\/321294104_892694328571550_9097404008412763721_n-225x300.jpg 225w, https:\/\/sasl-des-po.fr\/wp-content\/uploads\/2023\/01\/321294104_892694328571550_9097404008412763721_n-1152x1536.jpg 1152w, https:\/\/sasl-des-po.fr\/wp-content\/uploads\/2023\/01\/321294104_892694328571550_9097404008412763721_n.jpg 1536w\" sizes=\"auto, (max-width: 768px) 100vw, 768px\" \/><\/a><\/figure>\n\n\n\n<figure class=\"wp-block-image size-large\"><a href=\"http:\/\/sasldeh.cluster030.hosting.ovh.net\/wp-content\/uploads\/2023\/01\/321464005_540605324661636_2154893079361595966_n.jpg\"><img loading=\"lazy\" decoding=\"async\" width=\"1024\" height=\"768\" data-id=\"729\" src=\"http:\/\/sasldeh.cluster030.hosting.ovh.net\/wp-content\/uploads\/2023\/01\/321464005_540605324661636_2154893079361595966_n-1024x768.jpg\" alt=\"\" class=\"wp-image-729\" srcset=\"https:\/\/sasl-des-po.fr\/wp-content\/uploads\/2023\/01\/321464005_540605324661636_2154893079361595966_n-1024x768.jpg 1024w, https:\/\/sasl-des-po.fr\/wp-content\/uploads\/2023\/01\/321464005_540605324661636_2154893079361595966_n-300x225.jpg 300w, https:\/\/sasl-des-po.fr\/wp-content\/uploads\/2023\/01\/321464005_540605324661636_2154893079361595966_n-768x576.jpg 768w, https:\/\/sasl-des-po.fr\/wp-content\/uploads\/2023\/01\/321464005_540605324661636_2154893079361595966_n-1536x1152.jpg 1536w, https:\/\/sasl-des-po.fr\/wp-content\/uploads\/2023\/01\/321464005_540605324661636_2154893079361595966_n.jpg 2048w\" sizes=\"auto, (max-width: 1024px) 100vw, 1024px\" \/><\/a><\/figure>\n\n\n\n<figure class=\"wp-block-image size-large\"><a href=\"http:\/\/sasldeh.cluster030.hosting.ovh.net\/wp-content\/uploads\/2023\/01\/321513997_1706005839792982_2061760597718667804_n.jpg\"><img loading=\"lazy\" decoding=\"async\" width=\"1024\" height=\"768\" data-id=\"732\" src=\"http:\/\/sasldeh.cluster030.hosting.ovh.net\/wp-content\/uploads\/2023\/01\/321513997_1706005839792982_2061760597718667804_n-1024x768.jpg\" alt=\"\" class=\"wp-image-732\" srcset=\"https:\/\/sasl-des-po.fr\/wp-content\/uploads\/2023\/01\/321513997_1706005839792982_2061760597718667804_n-1024x768.jpg 1024w, https:\/\/sasl-des-po.fr\/wp-content\/uploads\/2023\/01\/321513997_1706005839792982_2061760597718667804_n-300x225.jpg 300w, https:\/\/sasl-des-po.fr\/wp-content\/uploads\/2023\/01\/321513997_1706005839792982_2061760597718667804_n-768x576.jpg 768w, https:\/\/sasl-des-po.fr\/wp-content\/uploads\/2023\/01\/321513997_1706005839792982_2061760597718667804_n-1536x1152.jpg 1536w, https:\/\/sasl-des-po.fr\/wp-content\/uploads\/2023\/01\/321513997_1706005839792982_2061760597718667804_n.jpg 2048w\" sizes=\"auto, (max-width: 1024px) 100vw, 1024px\" \/><\/a><figcaption class=\"wp-element-caption\">rbt<\/figcaption><\/figure>\n\n\n\n<figure class=\"wp-block-image size-large\"><a href=\"http:\/\/sasldeh.cluster030.hosting.ovh.net\/wp-content\/uploads\/2023\/01\/321604947_384393493894333_183709267580065318_n-1.jpg\"><img loading=\"lazy\" decoding=\"async\" width=\"1024\" height=\"768\" data-id=\"731\" src=\"http:\/\/sasldeh.cluster030.hosting.ovh.net\/wp-content\/uploads\/2023\/01\/321604947_384393493894333_183709267580065318_n-1-1024x768.jpg\" alt=\"\" class=\"wp-image-731\" srcset=\"https:\/\/sasl-des-po.fr\/wp-content\/uploads\/2023\/01\/321604947_384393493894333_183709267580065318_n-1-1024x768.jpg 1024w, https:\/\/sasl-des-po.fr\/wp-content\/uploads\/2023\/01\/321604947_384393493894333_183709267580065318_n-1-300x225.jpg 300w, https:\/\/sasl-des-po.fr\/wp-content\/uploads\/2023\/01\/321604947_384393493894333_183709267580065318_n-1-768x576.jpg 768w, https:\/\/sasl-des-po.fr\/wp-content\/uploads\/2023\/01\/321604947_384393493894333_183709267580065318_n-1-1536x1152.jpg 1536w, https:\/\/sasl-des-po.fr\/wp-content\/uploads\/2023\/01\/321604947_384393493894333_183709267580065318_n-1.jpg 2048w\" sizes=\"auto, (max-width: 1024px) 100vw, 1024px\" \/><\/a><\/figure>\n\n\n\n<figure class=\"wp-block-image size-large\"><a href=\"http:\/\/sasldeh.cluster030.hosting.ovh.net\/wp-content\/uploads\/2023\/01\/321622347_816048812831204_3501701470082888789_n.jpg\"><img loading=\"lazy\" decoding=\"async\" width=\"1024\" height=\"768\" data-id=\"734\" src=\"http:\/\/sasldeh.cluster030.hosting.ovh.net\/wp-content\/uploads\/2023\/01\/321622347_816048812831204_3501701470082888789_n-1024x768.jpg\" alt=\"\" class=\"wp-image-734\" srcset=\"https:\/\/sasl-des-po.fr\/wp-content\/uploads\/2023\/01\/321622347_816048812831204_3501701470082888789_n-1024x768.jpg 1024w, https:\/\/sasl-des-po.fr\/wp-content\/uploads\/2023\/01\/321622347_816048812831204_3501701470082888789_n-300x225.jpg 300w, https:\/\/sasl-des-po.fr\/wp-content\/uploads\/2023\/01\/321622347_816048812831204_3501701470082888789_n-768x576.jpg 768w, https:\/\/sasl-des-po.fr\/wp-content\/uploads\/2023\/01\/321622347_816048812831204_3501701470082888789_n-1536x1152.jpg 1536w, https:\/\/sasl-des-po.fr\/wp-content\/uploads\/2023\/01\/321622347_816048812831204_3501701470082888789_n.jpg 2048w\" sizes=\"auto, (max-width: 1024px) 100vw, 1024px\" \/><\/a><\/figure>\n\n\n\n<figure class=\"wp-block-image size-large\"><a href=\"http:\/\/sasldeh.cluster030.hosting.ovh.net\/wp-content\/uploads\/2023\/01\/321821262_823655462269282_6581848289501516473_n.jpg\"><img loading=\"lazy\" decoding=\"async\" width=\"1024\" height=\"768\" data-id=\"735\" src=\"http:\/\/sasldeh.cluster030.hosting.ovh.net\/wp-content\/uploads\/2023\/01\/321821262_823655462269282_6581848289501516473_n-1024x768.jpg\" alt=\"\" class=\"wp-image-735\" srcset=\"https:\/\/sasl-des-po.fr\/wp-content\/uploads\/2023\/01\/321821262_823655462269282_6581848289501516473_n-1024x768.jpg 1024w, https:\/\/sasl-des-po.fr\/wp-content\/uploads\/2023\/01\/321821262_823655462269282_6581848289501516473_n-300x225.jpg 300w, https:\/\/sasl-des-po.fr\/wp-content\/uploads\/2023\/01\/321821262_823655462269282_6581848289501516473_n-768x576.jpg 768w, https:\/\/sasl-des-po.fr\/wp-content\/uploads\/2023\/01\/321821262_823655462269282_6581848289501516473_n-1536x1152.jpg 1536w, https:\/\/sasl-des-po.fr\/wp-content\/uploads\/2023\/01\/321821262_823655462269282_6581848289501516473_n.jpg 2048w\" sizes=\"auto, (max-width: 1024px) 100vw, 1024px\" \/><\/a><\/figure>\n\n\n\n<figure class=\"wp-block-image size-large\"><a href=\"http:\/\/sasldeh.cluster030.hosting.ovh.net\/wp-content\/uploads\/2023\/01\/IMG_1308-1-scaled.jpg\"><img loading=\"lazy\" decoding=\"async\" width=\"768\" height=\"1024\" data-id=\"736\" src=\"http:\/\/sasldeh.cluster030.hosting.ovh.net\/wp-content\/uploads\/2023\/01\/IMG_1308-1-768x1024.jpg\" alt=\"\" class=\"wp-image-736\" srcset=\"https:\/\/sasl-des-po.fr\/wp-content\/uploads\/2023\/01\/IMG_1308-1-768x1024.jpg 768w, https:\/\/sasl-des-po.fr\/wp-content\/uploads\/2023\/01\/IMG_1308-1-225x300.jpg 225w, https:\/\/sasl-des-po.fr\/wp-content\/uploads\/2023\/01\/IMG_1308-1-1152x1536.jpg 1152w, https:\/\/sasl-des-po.fr\/wp-content\/uploads\/2023\/01\/IMG_1308-1-1536x2048.jpg 1536w, https:\/\/sasl-des-po.fr\/wp-content\/uploads\/2023\/01\/IMG_1308-1-scaled.jpg 1920w\" sizes=\"auto, (max-width: 768px) 100vw, 768px\" \/><\/a><\/figure>\n<\/figure>\n\n\n\n<p><\/p>\n\n\n\n<p><\/p>\n\n\n\n<figure class=\"wp-block-image size-full\"><a href=\"http:\/\/sasldeh.cluster030.hosting.ovh.net\/wp-content\/uploads\/2023\/01\/Capture-decran-2023-01-04-213052.jpg\"><img loading=\"lazy\" decoding=\"async\" width=\"572\" height=\"548\" src=\"http:\/\/sasldeh.cluster030.hosting.ovh.net\/wp-content\/uploads\/2023\/01\/Capture-decran-2023-01-04-213052.jpg\" alt=\"\" class=\"wp-image-722\" srcset=\"https:\/\/sasl-des-po.fr\/wp-content\/uploads\/2023\/01\/Capture-decran-2023-01-04-213052.jpg 572w, https:\/\/sasl-des-po.fr\/wp-content\/uploads\/2023\/01\/Capture-decran-2023-01-04-213052-300x287.jpg 300w\" sizes=\"auto, (max-width: 572px) 100vw, 572px\" \/><\/a><\/figure>\n","protected":false},"excerpt":{"rendered":"<p>Visite guid\u00e9e et pr\u00e9sentation des cr\u00e9ations actuelles.&nbsp; Claire Bauby, c\u00e9ramiste \u2013 18h-19h. Le Pessebre de Sant Vicens (conf\u00e9rence). Enric Benavent Vall\u00e8s, professeur d\u2019Universit\u00e9 \u2013 19h-20h.<\/p>\n","protected":false},"author":1,"featured_media":0,"parent":0,"menu_order":0,"comment_status":"closed","ping_status":"closed","template":"","meta":{"footnotes":""},"class_list":["post-714","page","type-page","status-publish","hentry"],"_links":{"self":[{"href":"https:\/\/sasl-des-po.fr\/index.php\/wp-json\/wp\/v2\/pages\/714","targetHints":{"allow":["GET"]}}],"collection":[{"href":"https:\/\/sasl-des-po.fr\/index.php\/wp-json\/wp\/v2\/pages"}],"about":[{"href":"https:\/\/sasl-des-po.fr\/index.php\/wp-json\/wp\/v2\/types\/page"}],"author":[{"embeddable":true,"href":"https:\/\/sasl-des-po.fr\/index.php\/wp-json\/wp\/v2\/users\/1"}],"replies":[{"embeddable":true,"href":"https:\/\/sasl-des-po.fr\/index.php\/wp-json\/wp\/v2\/comments?post=714"}],"version-history":[{"count":4,"href":"https:\/\/sasl-des-po.fr\/index.php\/wp-json\/wp\/v2\/pages\/714\/revisions"}],"predecessor-version":[{"id":737,"href":"https:\/\/sasl-des-po.fr\/index.php\/wp-json\/wp\/v2\/pages\/714\/revisions\/737"}],"wp:attachment":[{"href":"https:\/\/sasl-des-po.fr\/index.php\/wp-json\/wp\/v2\/media?parent=714"}],"curies":[{"name":"wp","href":"https:\/\/api.w.org\/{rel}","templated":true}]}}