{"id":706,"date":"2023-01-04T22:24:22","date_gmt":"2023-01-04T21:24:22","guid":{"rendered":"http:\/\/sasldeh.cluster030.hosting.ovh.net\/?page_id=706"},"modified":"2023-01-04T22:25:31","modified_gmt":"2023-01-04T21:25:31","slug":"9-decembre-2022-17h-18h-la-manipulation-de-la-presse-de-province-sous-loccupation-gerard-bonet-docteur-en-histoire","status":"publish","type":"page","link":"https:\/\/sasl-des-po.fr\/index.php\/9-decembre-2022-17h-18h-la-manipulation-de-la-presse-de-province-sous-loccupation-gerard-bonet-docteur-en-histoire\/","title":{"rendered":"9 d\u00e9cembre 2022 \u2013 17h-18h \u2013 La manipulation de la presse de province sous l&rsquo;Occupation. G\u00e9rard Bonet, docteur en histoire"},"content":{"rendered":"\n<p>Agence de presse vichyste et pro-allemande, l&rsquo;agence Inter-France manipula la presse de province pendant les \u00ab ann\u00e9es noires \u00bb. Les journaux de la r\u00e9gion, quotidiens et p\u00e9riodiques &#8211; qu&rsquo;il s&rsquo;agisse de&nbsp;<em>L&rsquo;Ind\u00e9pendant,&nbsp;<\/em>du<em>&nbsp;Courrier de C\u00e9ret,&nbsp;<\/em>de<em>&nbsp;La D\u00e9p\u00eache&nbsp;<\/em>de Toulouse<em>,&nbsp;<\/em>du<em>&nbsp;Petit M\u00e9ridional&nbsp;<\/em>et de<em>&nbsp;L\u2019\u00c9clair&nbsp;<\/em>de Montpellier, du<em>&nbsp;Journal de Limoux&nbsp;<\/em>ou<em>&nbsp;<\/em>de<em>&nbsp;L&rsquo;Agathois<\/em>&nbsp;etc. &#8211; ne furent pas \u00e0 l&rsquo;abri de \u00ab la plus n\u00e9faste et la plus importante des agences de presse de la Collaboration \u00bb (<em>Le Populaire<\/em>&nbsp;du 14 mai 1949).<\/p>\n\n\n\n<p>Avant m\u00eame d&rsquo;utiliser les d\u00e9p\u00eaches estampill\u00e9es Inter-France, ces m\u00eames journaux roussillonnais et languedociens, actionnaires de la SA Inter-France, contribu\u00e8rent, avec des centaines d&rsquo;autres de France et de Navarre, \u00e0&nbsp;la cr\u00e9ation et au d\u00e9veloppement d&rsquo;une centrale dont la presse de la Lib\u00e9ration put \u00e9crire qu&rsquo;elle fut l&rsquo;une des plus \u00ab parfaites officines de la trahison qui aient \u00e9t\u00e9 mont\u00e9es dans notre pays \u00bb (<em>Le Parisien Lib\u00e9r\u00e9&nbsp;<\/em>du 16 juin 1949).<\/p>\n\n\n\n<p>Entreprise patronale sous le Front populaire, d&rsquo;abord nationaliste puis ouvertement collaborationniste, enfin franchement hitl\u00e9rienne, \u00ab v\u00e9ritable directrice de conscience des journaux au service de l&rsquo;ennemi \u00bb (<em>Le Monde<\/em>&nbsp;du 16 juin 1948), l&rsquo;agence Inter-France disparut avec la Lib\u00e9ration, non sans laisser quelques surgeons qui s&rsquo;\u00e9panouirent dans les ann\u00e9es 1950-1960.<\/p>\n\n\n\n<p>Aujourd&rsquo;hui encore m\u00e9connue pour ne pas dire inconnue, sortie de l&rsquo;oubli gr\u00e2ce aux archives de&nbsp;<em>L&rsquo;Ind\u00e9pendant<\/em>&nbsp;relay\u00e9es par les archives publiques, l\u2019histoire de l&rsquo;agence Inter-France n&rsquo;est sans r\u00e9sonances avec la guerre en Ukraine, dernier et terrible exemple de la manipulation de l&rsquo;opinion par les m\u00e9dias \u00e0 travers la d\u00e9sinformation, la propagande, les communiqu\u00e9s fallacieux et autres&nbsp;<em>fake news<\/em>.<\/p>\n\n\n\n<figure class=\"wp-block-image size-large\"><a href=\"http:\/\/sasldeh.cluster030.hosting.ovh.net\/wp-content\/uploads\/2023\/01\/Marron-Papier-Occidental-Recherche-Affiche.png\"><img loading=\"lazy\" decoding=\"async\" width=\"724\" height=\"1024\" src=\"http:\/\/sasldeh.cluster030.hosting.ovh.net\/wp-content\/uploads\/2023\/01\/Marron-Papier-Occidental-Recherche-Affiche-724x1024.png\" alt=\"\" class=\"wp-image-707\" srcset=\"https:\/\/sasl-des-po.fr\/wp-content\/uploads\/2023\/01\/Marron-Papier-Occidental-Recherche-Affiche-724x1024.png 724w, https:\/\/sasl-des-po.fr\/wp-content\/uploads\/2023\/01\/Marron-Papier-Occidental-Recherche-Affiche-212x300.png 212w, https:\/\/sasl-des-po.fr\/wp-content\/uploads\/2023\/01\/Marron-Papier-Occidental-Recherche-Affiche-768x1086.png 768w, https:\/\/sasl-des-po.fr\/wp-content\/uploads\/2023\/01\/Marron-Papier-Occidental-Recherche-Affiche-1086x1536.png 1086w, https:\/\/sasl-des-po.fr\/wp-content\/uploads\/2023\/01\/Marron-Papier-Occidental-Recherche-Affiche-1448x2048.png 1448w, https:\/\/sasl-des-po.fr\/wp-content\/uploads\/2023\/01\/Marron-Papier-Occidental-Recherche-Affiche.png 1587w\" sizes=\"auto, (max-width: 724px) 100vw, 724px\" \/><\/a><\/figure>\n\n\n\n<figure class=\"wp-block-image size-large\"><a href=\"http:\/\/sasldeh.cluster030.hosting.ovh.net\/wp-content\/uploads\/2023\/01\/318975137_485305980359014_7012771844183880399_n.jpg\"><img loading=\"lazy\" decoding=\"async\" width=\"1024\" height=\"768\" src=\"http:\/\/sasldeh.cluster030.hosting.ovh.net\/wp-content\/uploads\/2023\/01\/318975137_485305980359014_7012771844183880399_n-1024x768.jpg\" alt=\"\" class=\"wp-image-708\" srcset=\"https:\/\/sasl-des-po.fr\/wp-content\/uploads\/2023\/01\/318975137_485305980359014_7012771844183880399_n-1024x768.jpg 1024w, https:\/\/sasl-des-po.fr\/wp-content\/uploads\/2023\/01\/318975137_485305980359014_7012771844183880399_n-300x225.jpg 300w, https:\/\/sasl-des-po.fr\/wp-content\/uploads\/2023\/01\/318975137_485305980359014_7012771844183880399_n-768x576.jpg 768w, https:\/\/sasl-des-po.fr\/wp-content\/uploads\/2023\/01\/318975137_485305980359014_7012771844183880399_n-1536x1152.jpg 1536w, https:\/\/sasl-des-po.fr\/wp-content\/uploads\/2023\/01\/318975137_485305980359014_7012771844183880399_n.jpg 2048w\" sizes=\"auto, (max-width: 1024px) 100vw, 1024px\" \/><\/a><\/figure>\n\n\n\n<figure class=\"wp-block-image size-large\"><a href=\"http:\/\/sasldeh.cluster030.hosting.ovh.net\/wp-content\/uploads\/2023\/01\/319001321_485305373692408_7115067406646457312_n.jpg\"><img loading=\"lazy\" decoding=\"async\" width=\"1024\" height=\"768\" src=\"http:\/\/sasldeh.cluster030.hosting.ovh.net\/wp-content\/uploads\/2023\/01\/319001321_485305373692408_7115067406646457312_n-1024x768.jpg\" alt=\"\" class=\"wp-image-709\" srcset=\"https:\/\/sasl-des-po.fr\/wp-content\/uploads\/2023\/01\/319001321_485305373692408_7115067406646457312_n-1024x768.jpg 1024w, https:\/\/sasl-des-po.fr\/wp-content\/uploads\/2023\/01\/319001321_485305373692408_7115067406646457312_n-300x225.jpg 300w, https:\/\/sasl-des-po.fr\/wp-content\/uploads\/2023\/01\/319001321_485305373692408_7115067406646457312_n-768x576.jpg 768w, https:\/\/sasl-des-po.fr\/wp-content\/uploads\/2023\/01\/319001321_485305373692408_7115067406646457312_n-1536x1152.jpg 1536w, https:\/\/sasl-des-po.fr\/wp-content\/uploads\/2023\/01\/319001321_485305373692408_7115067406646457312_n.jpg 2048w\" sizes=\"auto, (max-width: 1024px) 100vw, 1024px\" \/><\/a><\/figure>\n\n\n\n<figure class=\"wp-block-image size-large\"><a href=\"http:\/\/sasldeh.cluster030.hosting.ovh.net\/wp-content\/uploads\/2023\/01\/319324402_485305850359027_1994935045914709849_n.jpg\"><img loading=\"lazy\" decoding=\"async\" width=\"768\" height=\"1024\" src=\"http:\/\/sasldeh.cluster030.hosting.ovh.net\/wp-content\/uploads\/2023\/01\/319324402_485305850359027_1994935045914709849_n-768x1024.jpg\" alt=\"\" class=\"wp-image-710\" srcset=\"https:\/\/sasl-des-po.fr\/wp-content\/uploads\/2023\/01\/319324402_485305850359027_1994935045914709849_n-768x1024.jpg 768w, https:\/\/sasl-des-po.fr\/wp-content\/uploads\/2023\/01\/319324402_485305850359027_1994935045914709849_n-225x300.jpg 225w, https:\/\/sasl-des-po.fr\/wp-content\/uploads\/2023\/01\/319324402_485305850359027_1994935045914709849_n-1152x1536.jpg 1152w, https:\/\/sasl-des-po.fr\/wp-content\/uploads\/2023\/01\/319324402_485305850359027_1994935045914709849_n.jpg 1536w\" sizes=\"auto, (max-width: 768px) 100vw, 768px\" \/><\/a><\/figure>\n","protected":false},"excerpt":{"rendered":"<p>Agence de presse vichyste et pro-allemande, l&rsquo;agence Inter-France manipula la presse de province pendant les \u00ab ann\u00e9es noires \u00bb. Les journaux de la r\u00e9gion, quotidiens et p\u00e9riodiques &#8211; qu&rsquo;il s&rsquo;agisse de&nbsp;L&rsquo;Ind\u00e9pendant,&nbsp;du&nbsp;Courrier de C\u00e9ret,&nbsp;de&nbsp;La D\u00e9p\u00eache&nbsp;de Toulouse,&nbsp;du&nbsp;Petit M\u00e9ridional&nbsp;et de&nbsp;L\u2019\u00c9clair&nbsp;de Montpellier, du&nbsp;Journal de Limoux&nbsp;ou&nbsp;de&nbsp;L&rsquo;Agathois&nbsp;etc. &#8211; ne furent pas \u00e0 l&rsquo;abri de \u00ab la plus n\u00e9faste et la plus &hellip; <a href=\"https:\/\/sasl-des-po.fr\/index.php\/9-decembre-2022-17h-18h-la-manipulation-de-la-presse-de-province-sous-loccupation-gerard-bonet-docteur-en-histoire\/\" class=\"more-link\">Continuer la lecture de <span class=\"screen-reader-text\">9 d\u00e9cembre 2022 \u2013 17h-18h \u2013 La manipulation de la presse de province sous l&rsquo;Occupation. G\u00e9rard Bonet, docteur en histoire<\/span><\/a><\/p>\n","protected":false},"author":1,"featured_media":0,"parent":0,"menu_order":0,"comment_status":"closed","ping_status":"closed","template":"","meta":{"footnotes":""},"class_list":["post-706","page","type-page","status-publish","hentry"],"_links":{"self":[{"href":"https:\/\/sasl-des-po.fr\/index.php\/wp-json\/wp\/v2\/pages\/706","targetHints":{"allow":["GET"]}}],"collection":[{"href":"https:\/\/sasl-des-po.fr\/index.php\/wp-json\/wp\/v2\/pages"}],"about":[{"href":"https:\/\/sasl-des-po.fr\/index.php\/wp-json\/wp\/v2\/types\/page"}],"author":[{"embeddable":true,"href":"https:\/\/sasl-des-po.fr\/index.php\/wp-json\/wp\/v2\/users\/1"}],"replies":[{"embeddable":true,"href":"https:\/\/sasl-des-po.fr\/index.php\/wp-json\/wp\/v2\/comments?post=706"}],"version-history":[{"count":2,"href":"https:\/\/sasl-des-po.fr\/index.php\/wp-json\/wp\/v2\/pages\/706\/revisions"}],"predecessor-version":[{"id":713,"href":"https:\/\/sasl-des-po.fr\/index.php\/wp-json\/wp\/v2\/pages\/706\/revisions\/713"}],"wp:attachment":[{"href":"https:\/\/sasl-des-po.fr\/index.php\/wp-json\/wp\/v2\/media?parent=706"}],"curies":[{"name":"wp","href":"https:\/\/api.w.org\/{rel}","templated":true}]}}