{"id":593,"date":"2022-11-01T15:06:13","date_gmt":"2022-11-01T14:06:13","guid":{"rendered":"http:\/\/sasldeh.cluster030.hosting.ovh.net\/?page_id=593"},"modified":"2022-11-01T15:08:23","modified_gmt":"2022-11-01T14:08:23","slug":"28-octobre-2022-17h-18h-claude-simon-et-andre-vick-mengus-matiere-photographique-et-affinites-primitivistes-laura-laborie-chercheuse-en-litterature-et-plasticienne-centre-dep","status":"publish","type":"page","link":"https:\/\/sasl-des-po.fr\/index.php\/28-octobre-2022-17h-18h-claude-simon-et-andre-vick-mengus-matiere-photographique-et-affinites-primitivistes-laura-laborie-chercheuse-en-litterature-et-plasticienne-centre-dep\/","title":{"rendered":"28 octobre 2022 \u2013 17h-18h \u2013 Claude Simon et Andr\u00e9 Vick-Mengus : mati\u00e8re photographique et affinit\u00e9s primitivistes. Laura Laborie, chercheuse en litt\u00e9rature et plasticienne \/ Centre d\u00e9partemental de M\u00e9moire. 4, rue de l&rsquo;Acad\u00e9mie &#8211; Perpignan"},"content":{"rendered":"\n<p>Connu pour avoir inspir\u00e9 le personnage d\u2019Antoine Mont\u00e8s dans\u00a0<em>Le Vent\u00a0<\/em>de Claude Simon, Andr\u00e9 Vick-Mengus a laiss\u00e9 une \u0153uvre photographique dense, qu\u2019il n\u2019a pourtant pas souhait\u00e9 diffuser hors des fronti\u00e8res du Roussillon. S\u2019int\u00e9resser \u00e0 sa d\u00e9marche artistique permet de tracer des parall\u00e8les f\u00e9conds avec les choix esth\u00e9tiques de Claude Simon photographe. \u00c0 travers la notion de primitivisme, ce mouvement qui a marqu\u00e9 tous les arts du XX<sup>e\u00a0<\/sup>si\u00e8cle, on appr\u00e9cie les convergences th\u00e9matiques et formelles qui lient les deux cousins, immortalisant les m\u00eames enfants gitans et dialoguant avec les cultures des peuples dits \u00ab\u00a0primitifs\u00a0\u00bb. Fragilisant l\u2019entreprise mim\u00e9tique \u00ab\u00a0r\u00e9aliste\u00a0\u00bb, ils resserrent aussi leur cadrage, donnant vie \u00e0 une mati\u00e8re visuelle, expressive et pr\u00e9-rationnelle.<\/p>\n\n\n\n<figure class=\"wp-block-image size-large\"><a href=\"http:\/\/sasldeh.cluster030.hosting.ovh.net\/wp-content\/uploads\/2022\/11\/LABORIE-Affiche-JPG.jpg\"><img loading=\"lazy\" decoding=\"async\" width=\"724\" height=\"1024\" src=\"http:\/\/sasldeh.cluster030.hosting.ovh.net\/wp-content\/uploads\/2022\/11\/LABORIE-Affiche-JPG-724x1024.jpg\" alt=\"\" class=\"wp-image-595\" srcset=\"https:\/\/sasl-des-po.fr\/wp-content\/uploads\/2022\/11\/LABORIE-Affiche-JPG-724x1024.jpg 724w, https:\/\/sasl-des-po.fr\/wp-content\/uploads\/2022\/11\/LABORIE-Affiche-JPG-212x300.jpg 212w, https:\/\/sasl-des-po.fr\/wp-content\/uploads\/2022\/11\/LABORIE-Affiche-JPG-768x1086.jpg 768w, https:\/\/sasl-des-po.fr\/wp-content\/uploads\/2022\/11\/LABORIE-Affiche-JPG-1086x1536.jpg 1086w, https:\/\/sasl-des-po.fr\/wp-content\/uploads\/2022\/11\/LABORIE-Affiche-JPG-1448x2048.jpg 1448w, https:\/\/sasl-des-po.fr\/wp-content\/uploads\/2022\/11\/LABORIE-Affiche-JPG.jpg 1587w\" sizes=\"auto, (max-width: 724px) 100vw, 724px\" \/><\/a><\/figure>\n\n\n\n<figure class=\"wp-block-gallery has-nested-images columns-default is-cropped wp-block-gallery-1 is-layout-flex wp-block-gallery-is-layout-flex\">\n<figure class=\"wp-block-image size-large\"><a href=\"http:\/\/sasldeh.cluster030.hosting.ovh.net\/wp-content\/uploads\/2022\/11\/P1290250.jpg\"><img loading=\"lazy\" decoding=\"async\" width=\"1024\" height=\"768\" data-id=\"599\" src=\"http:\/\/sasldeh.cluster030.hosting.ovh.net\/wp-content\/uploads\/2022\/11\/P1290250-1024x768.jpg\" alt=\"\" class=\"wp-image-599\" srcset=\"https:\/\/sasl-des-po.fr\/wp-content\/uploads\/2022\/11\/P1290250-1024x768.jpg 1024w, https:\/\/sasl-des-po.fr\/wp-content\/uploads\/2022\/11\/P1290250-300x225.jpg 300w, https:\/\/sasl-des-po.fr\/wp-content\/uploads\/2022\/11\/P1290250-768x576.jpg 768w, https:\/\/sasl-des-po.fr\/wp-content\/uploads\/2022\/11\/P1290250-1536x1152.jpg 1536w, https:\/\/sasl-des-po.fr\/wp-content\/uploads\/2022\/11\/P1290250-2048x1536.jpg 2048w\" sizes=\"auto, (max-width: 1024px) 100vw, 1024px\" \/><\/a><\/figure>\n\n\n\n<figure class=\"wp-block-image size-large\"><a href=\"http:\/\/sasldeh.cluster030.hosting.ovh.net\/wp-content\/uploads\/2022\/11\/P1290252.jpg\"><img loading=\"lazy\" decoding=\"async\" width=\"1024\" height=\"768\" data-id=\"602\" src=\"http:\/\/sasldeh.cluster030.hosting.ovh.net\/wp-content\/uploads\/2022\/11\/P1290252-1024x768.jpg\" alt=\"\" class=\"wp-image-602\" srcset=\"https:\/\/sasl-des-po.fr\/wp-content\/uploads\/2022\/11\/P1290252-1024x768.jpg 1024w, https:\/\/sasl-des-po.fr\/wp-content\/uploads\/2022\/11\/P1290252-300x225.jpg 300w, https:\/\/sasl-des-po.fr\/wp-content\/uploads\/2022\/11\/P1290252-768x576.jpg 768w, https:\/\/sasl-des-po.fr\/wp-content\/uploads\/2022\/11\/P1290252-1536x1152.jpg 1536w, https:\/\/sasl-des-po.fr\/wp-content\/uploads\/2022\/11\/P1290252-2048x1536.jpg 2048w\" sizes=\"auto, (max-width: 1024px) 100vw, 1024px\" \/><\/a><\/figure>\n\n\n\n<figure class=\"wp-block-image size-large\"><a href=\"http:\/\/sasldeh.cluster030.hosting.ovh.net\/wp-content\/uploads\/2022\/11\/P1290255.jpg\"><img loading=\"lazy\" decoding=\"async\" width=\"1024\" height=\"768\" data-id=\"604\" src=\"http:\/\/sasldeh.cluster030.hosting.ovh.net\/wp-content\/uploads\/2022\/11\/P1290255-1024x768.jpg\" alt=\"\" class=\"wp-image-604\" srcset=\"https:\/\/sasl-des-po.fr\/wp-content\/uploads\/2022\/11\/P1290255-1024x768.jpg 1024w, https:\/\/sasl-des-po.fr\/wp-content\/uploads\/2022\/11\/P1290255-300x225.jpg 300w, https:\/\/sasl-des-po.fr\/wp-content\/uploads\/2022\/11\/P1290255-768x576.jpg 768w, https:\/\/sasl-des-po.fr\/wp-content\/uploads\/2022\/11\/P1290255-1536x1152.jpg 1536w, https:\/\/sasl-des-po.fr\/wp-content\/uploads\/2022\/11\/P1290255-2048x1536.jpg 2048w\" sizes=\"auto, (max-width: 1024px) 100vw, 1024px\" \/><\/a><\/figure>\n\n\n\n<figure class=\"wp-block-image size-large\"><a href=\"http:\/\/sasldeh.cluster030.hosting.ovh.net\/wp-content\/uploads\/2022\/11\/P1290257-rotated.jpg\"><img loading=\"lazy\" decoding=\"async\" width=\"768\" height=\"1024\" data-id=\"601\" src=\"http:\/\/sasldeh.cluster030.hosting.ovh.net\/wp-content\/uploads\/2022\/11\/P1290257-768x1024.jpg\" alt=\"\" class=\"wp-image-601\" srcset=\"https:\/\/sasl-des-po.fr\/wp-content\/uploads\/2022\/11\/P1290257-768x1024.jpg 768w, https:\/\/sasl-des-po.fr\/wp-content\/uploads\/2022\/11\/P1290257-225x300.jpg 225w, https:\/\/sasl-des-po.fr\/wp-content\/uploads\/2022\/11\/P1290257-1152x1536.jpg 1152w, https:\/\/sasl-des-po.fr\/wp-content\/uploads\/2022\/11\/P1290257-1536x2048.jpg 1536w, https:\/\/sasl-des-po.fr\/wp-content\/uploads\/2022\/11\/P1290257-rotated.jpg 1824w\" sizes=\"auto, (max-width: 768px) 100vw, 768px\" \/><\/a><\/figure>\n\n\n\n<figure class=\"wp-block-image size-large\"><a href=\"http:\/\/sasldeh.cluster030.hosting.ovh.net\/wp-content\/uploads\/2022\/11\/P1290258.jpg\"><img loading=\"lazy\" decoding=\"async\" width=\"1024\" height=\"768\" data-id=\"603\" src=\"http:\/\/sasldeh.cluster030.hosting.ovh.net\/wp-content\/uploads\/2022\/11\/P1290258-1024x768.jpg\" alt=\"\" class=\"wp-image-603\" srcset=\"https:\/\/sasl-des-po.fr\/wp-content\/uploads\/2022\/11\/P1290258-1024x768.jpg 1024w, https:\/\/sasl-des-po.fr\/wp-content\/uploads\/2022\/11\/P1290258-300x225.jpg 300w, https:\/\/sasl-des-po.fr\/wp-content\/uploads\/2022\/11\/P1290258-768x576.jpg 768w, https:\/\/sasl-des-po.fr\/wp-content\/uploads\/2022\/11\/P1290258-1536x1152.jpg 1536w, https:\/\/sasl-des-po.fr\/wp-content\/uploads\/2022\/11\/P1290258-2048x1536.jpg 2048w\" sizes=\"auto, (max-width: 1024px) 100vw, 1024px\" \/><\/a><\/figure>\n\n\n\n<figure class=\"wp-block-image size-large\"><a href=\"http:\/\/sasldeh.cluster030.hosting.ovh.net\/wp-content\/uploads\/2022\/11\/P1290260.jpg\"><img loading=\"lazy\" decoding=\"async\" width=\"1024\" height=\"768\" data-id=\"600\" src=\"http:\/\/sasldeh.cluster030.hosting.ovh.net\/wp-content\/uploads\/2022\/11\/P1290260-1024x768.jpg\" alt=\"\" class=\"wp-image-600\" srcset=\"https:\/\/sasl-des-po.fr\/wp-content\/uploads\/2022\/11\/P1290260-1024x768.jpg 1024w, https:\/\/sasl-des-po.fr\/wp-content\/uploads\/2022\/11\/P1290260-300x225.jpg 300w, https:\/\/sasl-des-po.fr\/wp-content\/uploads\/2022\/11\/P1290260-768x576.jpg 768w, https:\/\/sasl-des-po.fr\/wp-content\/uploads\/2022\/11\/P1290260-1536x1152.jpg 1536w, https:\/\/sasl-des-po.fr\/wp-content\/uploads\/2022\/11\/P1290260-2048x1536.jpg 2048w\" sizes=\"auto, (max-width: 1024px) 100vw, 1024px\" \/><\/a><\/figure>\n\n\n\n<figure class=\"wp-block-image size-large\"><a href=\"http:\/\/sasldeh.cluster030.hosting.ovh.net\/wp-content\/uploads\/2022\/11\/P1290262-rotated.jpg\"><img loading=\"lazy\" decoding=\"async\" width=\"768\" height=\"1024\" data-id=\"605\" src=\"http:\/\/sasldeh.cluster030.hosting.ovh.net\/wp-content\/uploads\/2022\/11\/P1290262-768x1024.jpg\" alt=\"\" class=\"wp-image-605\" srcset=\"https:\/\/sasl-des-po.fr\/wp-content\/uploads\/2022\/11\/P1290262-768x1024.jpg 768w, https:\/\/sasl-des-po.fr\/wp-content\/uploads\/2022\/11\/P1290262-225x300.jpg 225w, https:\/\/sasl-des-po.fr\/wp-content\/uploads\/2022\/11\/P1290262-1152x1536.jpg 1152w, https:\/\/sasl-des-po.fr\/wp-content\/uploads\/2022\/11\/P1290262-1536x2048.jpg 1536w, https:\/\/sasl-des-po.fr\/wp-content\/uploads\/2022\/11\/P1290262-rotated.jpg 1824w\" sizes=\"auto, (max-width: 768px) 100vw, 768px\" \/><\/a><\/figure>\n\n\n\n<figure class=\"wp-block-image size-large\"><a href=\"http:\/\/sasldeh.cluster030.hosting.ovh.net\/wp-content\/uploads\/2022\/11\/P1290264-rotated.jpg\"><img loading=\"lazy\" decoding=\"async\" width=\"768\" height=\"1024\" data-id=\"606\" src=\"http:\/\/sasldeh.cluster030.hosting.ovh.net\/wp-content\/uploads\/2022\/11\/P1290264-768x1024.jpg\" alt=\"\" class=\"wp-image-606\" srcset=\"https:\/\/sasl-des-po.fr\/wp-content\/uploads\/2022\/11\/P1290264-768x1024.jpg 768w, https:\/\/sasl-des-po.fr\/wp-content\/uploads\/2022\/11\/P1290264-225x300.jpg 225w, https:\/\/sasl-des-po.fr\/wp-content\/uploads\/2022\/11\/P1290264-1152x1536.jpg 1152w, https:\/\/sasl-des-po.fr\/wp-content\/uploads\/2022\/11\/P1290264-1536x2048.jpg 1536w, https:\/\/sasl-des-po.fr\/wp-content\/uploads\/2022\/11\/P1290264-rotated.jpg 1824w\" sizes=\"auto, (max-width: 768px) 100vw, 768px\" \/><\/a><\/figure>\n\n\n\n<figure class=\"wp-block-image size-large\"><a href=\"http:\/\/sasldeh.cluster030.hosting.ovh.net\/wp-content\/uploads\/2022\/11\/P1290268.jpg\"><img loading=\"lazy\" decoding=\"async\" width=\"1024\" height=\"768\" data-id=\"607\" src=\"http:\/\/sasldeh.cluster030.hosting.ovh.net\/wp-content\/uploads\/2022\/11\/P1290268-1024x768.jpg\" alt=\"\" class=\"wp-image-607\" srcset=\"https:\/\/sasl-des-po.fr\/wp-content\/uploads\/2022\/11\/P1290268-1024x768.jpg 1024w, https:\/\/sasl-des-po.fr\/wp-content\/uploads\/2022\/11\/P1290268-300x225.jpg 300w, https:\/\/sasl-des-po.fr\/wp-content\/uploads\/2022\/11\/P1290268-768x576.jpg 768w, https:\/\/sasl-des-po.fr\/wp-content\/uploads\/2022\/11\/P1290268-1536x1152.jpg 1536w, https:\/\/sasl-des-po.fr\/wp-content\/uploads\/2022\/11\/P1290268-2048x1536.jpg 2048w\" sizes=\"auto, (max-width: 1024px) 100vw, 1024px\" \/><\/a><\/figure>\n\n\n\n<figure class=\"wp-block-image size-large\"><a href=\"http:\/\/sasldeh.cluster030.hosting.ovh.net\/wp-content\/uploads\/2022\/11\/P1290272-rotated.jpg\"><img loading=\"lazy\" decoding=\"async\" width=\"768\" height=\"1024\" data-id=\"608\" src=\"http:\/\/sasldeh.cluster030.hosting.ovh.net\/wp-content\/uploads\/2022\/11\/P1290272-768x1024.jpg\" alt=\"\" class=\"wp-image-608\" srcset=\"https:\/\/sasl-des-po.fr\/wp-content\/uploads\/2022\/11\/P1290272-768x1024.jpg 768w, https:\/\/sasl-des-po.fr\/wp-content\/uploads\/2022\/11\/P1290272-225x300.jpg 225w, https:\/\/sasl-des-po.fr\/wp-content\/uploads\/2022\/11\/P1290272-1152x1536.jpg 1152w, https:\/\/sasl-des-po.fr\/wp-content\/uploads\/2022\/11\/P1290272-1536x2048.jpg 1536w, https:\/\/sasl-des-po.fr\/wp-content\/uploads\/2022\/11\/P1290272-rotated.jpg 1824w\" sizes=\"auto, (max-width: 768px) 100vw, 768px\" \/><\/a><\/figure>\n\n\n\n<figure class=\"wp-block-image size-large\"><a href=\"http:\/\/sasldeh.cluster030.hosting.ovh.net\/wp-content\/uploads\/2022\/11\/P1290276.jpg\"><img loading=\"lazy\" decoding=\"async\" width=\"1024\" height=\"768\" data-id=\"609\" src=\"http:\/\/sasldeh.cluster030.hosting.ovh.net\/wp-content\/uploads\/2022\/11\/P1290276-1024x768.jpg\" alt=\"\" class=\"wp-image-609\" srcset=\"https:\/\/sasl-des-po.fr\/wp-content\/uploads\/2022\/11\/P1290276-1024x768.jpg 1024w, https:\/\/sasl-des-po.fr\/wp-content\/uploads\/2022\/11\/P1290276-300x225.jpg 300w, https:\/\/sasl-des-po.fr\/wp-content\/uploads\/2022\/11\/P1290276-768x576.jpg 768w, https:\/\/sasl-des-po.fr\/wp-content\/uploads\/2022\/11\/P1290276-1536x1152.jpg 1536w, https:\/\/sasl-des-po.fr\/wp-content\/uploads\/2022\/11\/P1290276-2048x1536.jpg 2048w\" sizes=\"auto, (max-width: 1024px) 100vw, 1024px\" \/><\/a><\/figure>\n\n\n\n<figure class=\"wp-block-image size-large\"><a href=\"http:\/\/sasldeh.cluster030.hosting.ovh.net\/wp-content\/uploads\/2022\/11\/P1290278.jpg\"><img loading=\"lazy\" decoding=\"async\" width=\"1024\" height=\"768\" data-id=\"610\" src=\"http:\/\/sasldeh.cluster030.hosting.ovh.net\/wp-content\/uploads\/2022\/11\/P1290278-1024x768.jpg\" alt=\"\" class=\"wp-image-610\" srcset=\"https:\/\/sasl-des-po.fr\/wp-content\/uploads\/2022\/11\/P1290278-1024x768.jpg 1024w, https:\/\/sasl-des-po.fr\/wp-content\/uploads\/2022\/11\/P1290278-300x225.jpg 300w, https:\/\/sasl-des-po.fr\/wp-content\/uploads\/2022\/11\/P1290278-768x576.jpg 768w, https:\/\/sasl-des-po.fr\/wp-content\/uploads\/2022\/11\/P1290278-1536x1152.jpg 1536w, https:\/\/sasl-des-po.fr\/wp-content\/uploads\/2022\/11\/P1290278-2048x1536.jpg 2048w\" sizes=\"auto, (max-width: 1024px) 100vw, 1024px\" \/><\/a><\/figure>\n\n\n\n<figure class=\"wp-block-image size-large\"><a href=\"http:\/\/sasldeh.cluster030.hosting.ovh.net\/wp-content\/uploads\/2022\/11\/P1290279.jpg\"><img loading=\"lazy\" decoding=\"async\" width=\"1024\" height=\"768\" data-id=\"611\" src=\"http:\/\/sasldeh.cluster030.hosting.ovh.net\/wp-content\/uploads\/2022\/11\/P1290279-1024x768.jpg\" alt=\"\" class=\"wp-image-611\" srcset=\"https:\/\/sasl-des-po.fr\/wp-content\/uploads\/2022\/11\/P1290279-1024x768.jpg 1024w, https:\/\/sasl-des-po.fr\/wp-content\/uploads\/2022\/11\/P1290279-300x225.jpg 300w, https:\/\/sasl-des-po.fr\/wp-content\/uploads\/2022\/11\/P1290279-768x576.jpg 768w, https:\/\/sasl-des-po.fr\/wp-content\/uploads\/2022\/11\/P1290279-1536x1152.jpg 1536w, https:\/\/sasl-des-po.fr\/wp-content\/uploads\/2022\/11\/P1290279-2048x1536.jpg 2048w\" sizes=\"auto, (max-width: 1024px) 100vw, 1024px\" \/><\/a><\/figure>\n\n\n\n<figure class=\"wp-block-image size-large\"><a href=\"http:\/\/sasldeh.cluster030.hosting.ovh.net\/wp-content\/uploads\/2022\/11\/P1290282.jpg\"><img loading=\"lazy\" decoding=\"async\" width=\"1024\" height=\"768\" data-id=\"612\" src=\"http:\/\/sasldeh.cluster030.hosting.ovh.net\/wp-content\/uploads\/2022\/11\/P1290282-1024x768.jpg\" alt=\"\" class=\"wp-image-612\" srcset=\"https:\/\/sasl-des-po.fr\/wp-content\/uploads\/2022\/11\/P1290282-1024x768.jpg 1024w, https:\/\/sasl-des-po.fr\/wp-content\/uploads\/2022\/11\/P1290282-300x225.jpg 300w, https:\/\/sasl-des-po.fr\/wp-content\/uploads\/2022\/11\/P1290282-768x576.jpg 768w, https:\/\/sasl-des-po.fr\/wp-content\/uploads\/2022\/11\/P1290282-1536x1152.jpg 1536w, https:\/\/sasl-des-po.fr\/wp-content\/uploads\/2022\/11\/P1290282-2048x1536.jpg 2048w\" sizes=\"auto, (max-width: 1024px) 100vw, 1024px\" \/><\/a><\/figure>\n<\/figure>\n","protected":false},"excerpt":{"rendered":"<p>Connu pour avoir inspir\u00e9 le personnage d\u2019Antoine Mont\u00e8s dans\u00a0Le Vent\u00a0de Claude Simon, Andr\u00e9 Vick-Mengus a laiss\u00e9 une \u0153uvre photographique dense, qu\u2019il n\u2019a pourtant pas souhait\u00e9 diffuser hors des fronti\u00e8res du Roussillon. S\u2019int\u00e9resser \u00e0 sa d\u00e9marche artistique permet de tracer des parall\u00e8les f\u00e9conds avec les choix esth\u00e9tiques de Claude Simon photographe. \u00c0 travers la notion de &hellip; <a href=\"https:\/\/sasl-des-po.fr\/index.php\/28-octobre-2022-17h-18h-claude-simon-et-andre-vick-mengus-matiere-photographique-et-affinites-primitivistes-laura-laborie-chercheuse-en-litterature-et-plasticienne-centre-dep\/\" class=\"more-link\">Continuer la lecture de <span class=\"screen-reader-text\">28 octobre 2022 \u2013 17h-18h \u2013 Claude Simon et Andr\u00e9 Vick-Mengus : mati\u00e8re photographique et affinit\u00e9s primitivistes. Laura Laborie, chercheuse en litt\u00e9rature et plasticienne \/ Centre d\u00e9partemental de M\u00e9moire. 4, rue de l&rsquo;Acad\u00e9mie &#8211; Perpignan<\/span><\/a><\/p>\n","protected":false},"author":1,"featured_media":0,"parent":0,"menu_order":0,"comment_status":"closed","ping_status":"closed","template":"","meta":{"footnotes":""},"class_list":["post-593","page","type-page","status-publish","hentry"],"_links":{"self":[{"href":"https:\/\/sasl-des-po.fr\/index.php\/wp-json\/wp\/v2\/pages\/593","targetHints":{"allow":["GET"]}}],"collection":[{"href":"https:\/\/sasl-des-po.fr\/index.php\/wp-json\/wp\/v2\/pages"}],"about":[{"href":"https:\/\/sasl-des-po.fr\/index.php\/wp-json\/wp\/v2\/types\/page"}],"author":[{"embeddable":true,"href":"https:\/\/sasl-des-po.fr\/index.php\/wp-json\/wp\/v2\/users\/1"}],"replies":[{"embeddable":true,"href":"https:\/\/sasl-des-po.fr\/index.php\/wp-json\/wp\/v2\/comments?post=593"}],"version-history":[{"count":2,"href":"https:\/\/sasl-des-po.fr\/index.php\/wp-json\/wp\/v2\/pages\/593\/revisions"}],"predecessor-version":[{"id":613,"href":"https:\/\/sasl-des-po.fr\/index.php\/wp-json\/wp\/v2\/pages\/593\/revisions\/613"}],"wp:attachment":[{"href":"https:\/\/sasl-des-po.fr\/index.php\/wp-json\/wp\/v2\/media?parent=593"}],"curies":[{"name":"wp","href":"https:\/\/api.w.org\/{rel}","templated":true}]}}