{"id":578,"date":"2022-10-13T21:23:08","date_gmt":"2022-10-13T19:23:08","guid":{"rendered":"http:\/\/sasldeh.cluster030.hosting.ovh.net\/?page_id=578"},"modified":"2022-10-13T21:23:08","modified_gmt":"2022-10-13T19:23:08","slug":"7-octobre-2022-17h-18h-henri-ey-1900-1977-medecin-psychiatre-et-philosophe-un-humaniste-catalan-dans-le-siecle-et-dans-lhistoire-dr-robert-michel-palem-medecin-psychiatre","status":"publish","type":"page","link":"https:\/\/sasl-des-po.fr\/index.php\/7-octobre-2022-17h-18h-henri-ey-1900-1977-medecin-psychiatre-et-philosophe-un-humaniste-catalan-dans-le-siecle-et-dans-lhistoire-dr-robert-michel-palem-medecin-psychiatre\/","title":{"rendered":"7 octobre 2022 \u2013 17h-18h \u2013 Henri Ey (1900-1977), m\u00e9decin psychiatre et philosophe. Un humaniste catalan dans le si\u00e8cle et dans l&rsquo;histoire. Dr. Robert-Michel Palem, m\u00e9decin psychiatre \/ CDM66*"},"content":{"rendered":"\n<p>Robert M. Palem, docteur en M\u00e9decine et en Psychologie, pr\u00e9sident de l\u2019Association pour la fondation Henri Ey.<\/p>\n\n\n\n<p>L\u2019Odyss\u00e9e d\u2019un Ulysse catalan des temps modernes. \u00ab&nbsp;Un homme de la Renaissance \u00e9gar\u00e9 au XX\u00e8me si\u00e8cle&nbsp;\u00bb. Introduction \u00e0 sa vie et \u00e0 son \u0153uvre de m\u00e9decin (mais aussi de philosophe, historien, syndicaliste, anthropologue) \u00e0 propos d\u2019ouvrages r\u00e9cemment parus aux \u00e9ditions du Trabucaire.<\/p>\n\n\n\n<p>L\u2019ouvrage de R. M. Palem est l\u2019aboutissement d\u2019une s\u00e9rie d\u2019\u00e9tudes, d\u2019enqu\u00eates, de rapports sur la vie, la pens\u00e9e et l\u2019\u0153uvre d\u2019H. Ey depuis un demi si\u00e8cle, \u00e0 travers plusieurs livres et une revue (les&nbsp;<em>Cahiers H. Ey<\/em>). Le dernier ouvrage (juin 2019) est consid\u00e9r\u00e9 comme un \u00ab&nbsp;travail d\u2019ampleur, le seul du genre&nbsp;; historique mais combien actuel, solide, contemporain et urgent, pour une clinique de la personne&nbsp;\u00bb (AFP). &nbsp;<\/p>\n\n\n\n<p>C\u2019est une biographie savante. Elle a du genre biographique la s\u00e9duction et les faiblesses. \u00ab&nbsp;Le biographe conna\u00eet le g\u00e9nie et souvent ignore l\u2019homme&nbsp;\u00bb (Blanchot). D\u2019autres ont noy\u00e9 le g\u00e9nie sous sa quotidiennet\u00e9. L\u2019auteur a connu les deux, \u00e0 commencer par Henri Ey le remerciant, un an avant sa mort, pour \u00ab&nbsp;la compr\u00e9hension si profonde et si justement critique de sa pens\u00e9e&nbsp;\u00bb (18\/10\/76).<\/p>\n\n\n\n<p>La scientificit\u00e9 et la nature des d\u00e9bats de soci\u00e9t\u00e9 auxquels a particip\u00e9 H. Ey, qu\u2019il a provoqu\u00e9s, impuls\u00e9s ou dirig\u00e9s\u2026occupe une place importante de l\u2019ouvrage. En marge&nbsp;: l\u2019occasion est belle de rappeler l\u2019excellent peintre du pays catalan que fut Paul Ey, le fr\u00e8re d\u2019Henri Ey (10 planches couleur, diaporama).<\/p>\n\n\n\n<figure class=\"wp-block-image size-large\"><a href=\"http:\/\/sasldeh.cluster030.hosting.ovh.net\/wp-content\/uploads\/2022\/10\/Affiche-Conference-Dr-Palem-7-octobre-2022.jpg\"><img loading=\"lazy\" decoding=\"async\" width=\"724\" height=\"1024\" src=\"http:\/\/sasldeh.cluster030.hosting.ovh.net\/wp-content\/uploads\/2022\/10\/Affiche-Conference-Dr-Palem-7-octobre-2022-724x1024.jpg\" alt=\"\" class=\"wp-image-579\" srcset=\"https:\/\/sasl-des-po.fr\/wp-content\/uploads\/2022\/10\/Affiche-Conference-Dr-Palem-7-octobre-2022-724x1024.jpg 724w, https:\/\/sasl-des-po.fr\/wp-content\/uploads\/2022\/10\/Affiche-Conference-Dr-Palem-7-octobre-2022-212x300.jpg 212w, https:\/\/sasl-des-po.fr\/wp-content\/uploads\/2022\/10\/Affiche-Conference-Dr-Palem-7-octobre-2022-768x1086.jpg 768w, https:\/\/sasl-des-po.fr\/wp-content\/uploads\/2022\/10\/Affiche-Conference-Dr-Palem-7-octobre-2022-1086x1536.jpg 1086w, https:\/\/sasl-des-po.fr\/wp-content\/uploads\/2022\/10\/Affiche-Conference-Dr-Palem-7-octobre-2022-1448x2048.jpg 1448w, https:\/\/sasl-des-po.fr\/wp-content\/uploads\/2022\/10\/Affiche-Conference-Dr-Palem-7-octobre-2022.jpg 1587w\" sizes=\"auto, (max-width: 724px) 100vw, 724px\" \/><\/a><\/figure>\n\n\n\n<p><\/p>\n","protected":false},"excerpt":{"rendered":"<p>Robert M. Palem, docteur en M\u00e9decine et en Psychologie, pr\u00e9sident de l\u2019Association pour la fondation Henri Ey. L\u2019Odyss\u00e9e d\u2019un Ulysse catalan des temps modernes. \u00ab&nbsp;Un homme de la Renaissance \u00e9gar\u00e9 au XX\u00e8me si\u00e8cle&nbsp;\u00bb. Introduction \u00e0 sa vie et \u00e0 son \u0153uvre de m\u00e9decin (mais aussi de philosophe, historien, syndicaliste, anthropologue) \u00e0 propos d\u2019ouvrages r\u00e9cemment parus &hellip; <a href=\"https:\/\/sasl-des-po.fr\/index.php\/7-octobre-2022-17h-18h-henri-ey-1900-1977-medecin-psychiatre-et-philosophe-un-humaniste-catalan-dans-le-siecle-et-dans-lhistoire-dr-robert-michel-palem-medecin-psychiatre\/\" class=\"more-link\">Continuer la lecture de <span class=\"screen-reader-text\">7 octobre 2022 \u2013 17h-18h \u2013 Henri Ey (1900-1977), m\u00e9decin psychiatre et philosophe. Un humaniste catalan dans le si\u00e8cle et dans l&rsquo;histoire. Dr. Robert-Michel Palem, m\u00e9decin psychiatre \/ CDM66*<\/span><\/a><\/p>\n","protected":false},"author":1,"featured_media":0,"parent":0,"menu_order":0,"comment_status":"closed","ping_status":"closed","template":"","meta":{"footnotes":""},"class_list":["post-578","page","type-page","status-publish","hentry"],"_links":{"self":[{"href":"https:\/\/sasl-des-po.fr\/index.php\/wp-json\/wp\/v2\/pages\/578","targetHints":{"allow":["GET"]}}],"collection":[{"href":"https:\/\/sasl-des-po.fr\/index.php\/wp-json\/wp\/v2\/pages"}],"about":[{"href":"https:\/\/sasl-des-po.fr\/index.php\/wp-json\/wp\/v2\/types\/page"}],"author":[{"embeddable":true,"href":"https:\/\/sasl-des-po.fr\/index.php\/wp-json\/wp\/v2\/users\/1"}],"replies":[{"embeddable":true,"href":"https:\/\/sasl-des-po.fr\/index.php\/wp-json\/wp\/v2\/comments?post=578"}],"version-history":[{"count":1,"href":"https:\/\/sasl-des-po.fr\/index.php\/wp-json\/wp\/v2\/pages\/578\/revisions"}],"predecessor-version":[{"id":580,"href":"https:\/\/sasl-des-po.fr\/index.php\/wp-json\/wp\/v2\/pages\/578\/revisions\/580"}],"wp:attachment":[{"href":"https:\/\/sasl-des-po.fr\/index.php\/wp-json\/wp\/v2\/media?parent=578"}],"curies":[{"name":"wp","href":"https:\/\/api.w.org\/{rel}","templated":true}]}}