{"id":566,"date":"2022-09-27T22:34:59","date_gmt":"2022-09-27T20:34:59","guid":{"rendered":"http:\/\/sasldeh.cluster030.hosting.ovh.net\/?page_id=566"},"modified":"2022-09-27T22:34:59","modified_gmt":"2022-09-27T20:34:59","slug":"24-septembre-2022-18h-19h-lhopital-des-pauvres-de-la-cite-delne-au-xviiie-siecle-thomas-marchal-doctorant-en-histoire-espace-gavroche-13-boulevard-voltaire-elne","status":"publish","type":"page","link":"https:\/\/sasl-des-po.fr\/index.php\/24-septembre-2022-18h-19h-lhopital-des-pauvres-de-la-cite-delne-au-xviiie-siecle-thomas-marchal-doctorant-en-histoire-espace-gavroche-13-boulevard-voltaire-elne\/","title":{"rendered":"24 septembre 2022 \u2013 18h-19h \u2013 L&rsquo;h\u00f4pital des pauvres de la cit\u00e9 d&rsquo;Elne au XVIIIe si\u00e8cle. Thomas Marchal, doctorant en histoire \/ Espace Gavroche, 13 boulevard Voltaire, Elne."},"content":{"rendered":"\n<p>Les h\u00f4pitaux occupent une place importante dans les villes au XVIIIe si\u00e8cle. C&rsquo;est le cas de l&rsquo;h\u00f4pital des pauvres de la cit\u00e9 d&rsquo;Elne. Cette institution d&rsquo;assistance, de faible capacit\u00e9 \u2013&nbsp;une dizaine de lits \u2013, s&rsquo;av\u00e8re cependant tr\u00e8s repr\u00e9sentative de la vie illib\u00e9rienne d&rsquo;alors.&nbsp;<\/p>\n\n\n\n<p>Cette \u00e9tude se centre sur l&rsquo;aspect administratif. Durant tout le si\u00e8cle, le mod\u00e8le de gestion conna\u00eet diff\u00e9rentes \u00e9volutions et soubresauts. Leur \u00e9tude permet d\u2019aborder de nombreux aspects des relations sociales, d\u00e9voilant au grand jour des fonctionnements et des joutes internes \u00e0&nbsp;la cit\u00e9.&nbsp;<\/p>\n\n\n\n<p>Cette \u00e9vocation permet \u00e0&nbsp;la fois d\u2019en conna\u00eetre plus sur une histoire hospitali\u00e8re encore trop m\u00e9connue du grand public et sur les r\u00e9alit\u00e9s de la vie quotidienne d\u2019une petite ville au Si\u00e8cle des Lumi\u00e8res.<\/p>\n\n\n\n<figure class=\"wp-block-image size-large\"><a href=\"http:\/\/sasldeh.cluster030.hosting.ovh.net\/wp-content\/uploads\/2022\/09\/Affiche-Thomas-Marchal-1.jpg\"><img loading=\"lazy\" decoding=\"async\" width=\"724\" height=\"1024\" src=\"http:\/\/sasldeh.cluster030.hosting.ovh.net\/wp-content\/uploads\/2022\/09\/Affiche-Thomas-Marchal-1-724x1024.jpg\" alt=\"\" class=\"wp-image-567\" srcset=\"https:\/\/sasl-des-po.fr\/wp-content\/uploads\/2022\/09\/Affiche-Thomas-Marchal-1-724x1024.jpg 724w, https:\/\/sasl-des-po.fr\/wp-content\/uploads\/2022\/09\/Affiche-Thomas-Marchal-1-212x300.jpg 212w, https:\/\/sasl-des-po.fr\/wp-content\/uploads\/2022\/09\/Affiche-Thomas-Marchal-1-768x1086.jpg 768w, https:\/\/sasl-des-po.fr\/wp-content\/uploads\/2022\/09\/Affiche-Thomas-Marchal-1-1086x1536.jpg 1086w, https:\/\/sasl-des-po.fr\/wp-content\/uploads\/2022\/09\/Affiche-Thomas-Marchal-1-1448x2048.jpg 1448w, https:\/\/sasl-des-po.fr\/wp-content\/uploads\/2022\/09\/Affiche-Thomas-Marchal-1.jpg 1587w\" sizes=\"auto, (max-width: 724px) 100vw, 724px\" \/><\/a><\/figure>\n\n\n\n<figure class=\"wp-block-image size-large\"><a href=\"http:\/\/sasldeh.cluster030.hosting.ovh.net\/wp-content\/uploads\/2022\/09\/308651319_179562141244587_663646168801061866_n.jpg\"><img loading=\"lazy\" decoding=\"async\" width=\"1024\" height=\"682\" src=\"http:\/\/sasldeh.cluster030.hosting.ovh.net\/wp-content\/uploads\/2022\/09\/308651319_179562141244587_663646168801061866_n-1024x682.jpg\" alt=\"\" class=\"wp-image-568\" srcset=\"https:\/\/sasl-des-po.fr\/wp-content\/uploads\/2022\/09\/308651319_179562141244587_663646168801061866_n-1024x682.jpg 1024w, https:\/\/sasl-des-po.fr\/wp-content\/uploads\/2022\/09\/308651319_179562141244587_663646168801061866_n-300x200.jpg 300w, https:\/\/sasl-des-po.fr\/wp-content\/uploads\/2022\/09\/308651319_179562141244587_663646168801061866_n-768x512.jpg 768w, https:\/\/sasl-des-po.fr\/wp-content\/uploads\/2022\/09\/308651319_179562141244587_663646168801061866_n-1536x1023.jpg 1536w, https:\/\/sasl-des-po.fr\/wp-content\/uploads\/2022\/09\/308651319_179562141244587_663646168801061866_n.jpg 2048w\" sizes=\"auto, (max-width: 1024px) 100vw, 1024px\" \/><\/a><\/figure>\n\n\n\n<figure class=\"wp-block-image size-large\"><a href=\"http:\/\/sasldeh.cluster030.hosting.ovh.net\/wp-content\/uploads\/2022\/09\/308453738_179562161244585_8292894464725711644_n.jpg\"><img loading=\"lazy\" decoding=\"async\" width=\"1024\" height=\"682\" src=\"http:\/\/sasldeh.cluster030.hosting.ovh.net\/wp-content\/uploads\/2022\/09\/308453738_179562161244585_8292894464725711644_n-1024x682.jpg\" alt=\"\" class=\"wp-image-569\" srcset=\"https:\/\/sasl-des-po.fr\/wp-content\/uploads\/2022\/09\/308453738_179562161244585_8292894464725711644_n-1024x682.jpg 1024w, https:\/\/sasl-des-po.fr\/wp-content\/uploads\/2022\/09\/308453738_179562161244585_8292894464725711644_n-300x200.jpg 300w, https:\/\/sasl-des-po.fr\/wp-content\/uploads\/2022\/09\/308453738_179562161244585_8292894464725711644_n-768x512.jpg 768w, https:\/\/sasl-des-po.fr\/wp-content\/uploads\/2022\/09\/308453738_179562161244585_8292894464725711644_n-1536x1023.jpg 1536w, https:\/\/sasl-des-po.fr\/wp-content\/uploads\/2022\/09\/308453738_179562161244585_8292894464725711644_n.jpg 2048w\" sizes=\"auto, (max-width: 1024px) 100vw, 1024px\" \/><\/a><\/figure>\n\n\n\n<figure class=\"wp-block-image size-full\"><a href=\"http:\/\/sasldeh.cluster030.hosting.ovh.net\/wp-content\/uploads\/2022\/09\/308580248_179562174577917_7624926791944400740_n.jpg\"><img loading=\"lazy\" decoding=\"async\" width=\"901\" height=\"600\" src=\"http:\/\/sasldeh.cluster030.hosting.ovh.net\/wp-content\/uploads\/2022\/09\/308580248_179562174577917_7624926791944400740_n.jpg\" alt=\"\" class=\"wp-image-570\" srcset=\"https:\/\/sasl-des-po.fr\/wp-content\/uploads\/2022\/09\/308580248_179562174577917_7624926791944400740_n.jpg 901w, https:\/\/sasl-des-po.fr\/wp-content\/uploads\/2022\/09\/308580248_179562174577917_7624926791944400740_n-300x200.jpg 300w, https:\/\/sasl-des-po.fr\/wp-content\/uploads\/2022\/09\/308580248_179562174577917_7624926791944400740_n-768x511.jpg 768w\" sizes=\"auto, (max-width: 901px) 100vw, 901px\" \/><\/a><\/figure>\n\n\n\n<figure class=\"wp-block-image size-large\"><a href=\"http:\/\/sasldeh.cluster030.hosting.ovh.net\/wp-content\/uploads\/2022\/09\/308583497_179562157911252_512151248778360869_n.jpg\"><img loading=\"lazy\" decoding=\"async\" width=\"1024\" height=\"682\" src=\"http:\/\/sasldeh.cluster030.hosting.ovh.net\/wp-content\/uploads\/2022\/09\/308583497_179562157911252_512151248778360869_n-1024x682.jpg\" alt=\"\" class=\"wp-image-571\" srcset=\"https:\/\/sasl-des-po.fr\/wp-content\/uploads\/2022\/09\/308583497_179562157911252_512151248778360869_n-1024x682.jpg 1024w, https:\/\/sasl-des-po.fr\/wp-content\/uploads\/2022\/09\/308583497_179562157911252_512151248778360869_n-300x200.jpg 300w, https:\/\/sasl-des-po.fr\/wp-content\/uploads\/2022\/09\/308583497_179562157911252_512151248778360869_n-768x512.jpg 768w, https:\/\/sasl-des-po.fr\/wp-content\/uploads\/2022\/09\/308583497_179562157911252_512151248778360869_n-1536x1023.jpg 1536w, https:\/\/sasl-des-po.fr\/wp-content\/uploads\/2022\/09\/308583497_179562157911252_512151248778360869_n.jpg 2048w\" sizes=\"auto, (max-width: 1024px) 100vw, 1024px\" \/><\/a><\/figure>\n\n\n\n\n\n<p>La conf\u00e9rence s&rsquo;est tenue en pr\u00e9sence de M. le maire d&rsquo;Elne et de deux de ses adjoints, M. Pere Manzanares et Mme Annie Pezin, ainsi que d&rsquo;une bonne partie du Bureau de la SASL : le pr\u00e9sident, Sylvain Chevauch\u00e9, les deux vice-pr\u00e9sidents Pierre Coureux et Me Michel Bougain, et la secr\u00e9taire g\u00e9n\u00e9rale, Clarisse Requena, sans compter divers membres du Conseil d&rsquo;administration.<\/p>\n","protected":false},"excerpt":{"rendered":"<p>Les h\u00f4pitaux occupent une place importante dans les villes au XVIIIe si\u00e8cle. C&rsquo;est le cas de l&rsquo;h\u00f4pital des pauvres de la cit\u00e9 d&rsquo;Elne. Cette institution d&rsquo;assistance, de faible capacit\u00e9 \u2013&nbsp;une dizaine de lits \u2013, s&rsquo;av\u00e8re cependant tr\u00e8s repr\u00e9sentative de la vie illib\u00e9rienne d&rsquo;alors.&nbsp; Cette \u00e9tude se centre sur l&rsquo;aspect administratif. Durant tout le si\u00e8cle, le &hellip; <a href=\"https:\/\/sasl-des-po.fr\/index.php\/24-septembre-2022-18h-19h-lhopital-des-pauvres-de-la-cite-delne-au-xviiie-siecle-thomas-marchal-doctorant-en-histoire-espace-gavroche-13-boulevard-voltaire-elne\/\" class=\"more-link\">Continuer la lecture de <span class=\"screen-reader-text\">24 septembre 2022 \u2013 18h-19h \u2013 L&rsquo;h\u00f4pital des pauvres de la cit\u00e9 d&rsquo;Elne au XVIIIe si\u00e8cle. Thomas Marchal, doctorant en histoire \/ Espace Gavroche, 13 boulevard Voltaire, Elne.<\/span><\/a><\/p>\n","protected":false},"author":1,"featured_media":0,"parent":0,"menu_order":0,"comment_status":"closed","ping_status":"closed","template":"","meta":{"footnotes":""},"class_list":["post-566","page","type-page","status-publish","hentry"],"_links":{"self":[{"href":"https:\/\/sasl-des-po.fr\/index.php\/wp-json\/wp\/v2\/pages\/566","targetHints":{"allow":["GET"]}}],"collection":[{"href":"https:\/\/sasl-des-po.fr\/index.php\/wp-json\/wp\/v2\/pages"}],"about":[{"href":"https:\/\/sasl-des-po.fr\/index.php\/wp-json\/wp\/v2\/types\/page"}],"author":[{"embeddable":true,"href":"https:\/\/sasl-des-po.fr\/index.php\/wp-json\/wp\/v2\/users\/1"}],"replies":[{"embeddable":true,"href":"https:\/\/sasl-des-po.fr\/index.php\/wp-json\/wp\/v2\/comments?post=566"}],"version-history":[{"count":1,"href":"https:\/\/sasl-des-po.fr\/index.php\/wp-json\/wp\/v2\/pages\/566\/revisions"}],"predecessor-version":[{"id":572,"href":"https:\/\/sasl-des-po.fr\/index.php\/wp-json\/wp\/v2\/pages\/566\/revisions\/572"}],"wp:attachment":[{"href":"https:\/\/sasl-des-po.fr\/index.php\/wp-json\/wp\/v2\/media?parent=566"}],"curies":[{"name":"wp","href":"https:\/\/api.w.org\/{rel}","templated":true}]}}