{"id":559,"date":"2022-09-27T22:28:18","date_gmt":"2022-09-27T20:28:18","guid":{"rendered":"http:\/\/sasldeh.cluster030.hosting.ovh.net\/?page_id=559"},"modified":"2022-09-27T22:28:18","modified_gmt":"2022-09-27T20:28:18","slug":"15-septembre-2022-17h-18h-les-effets-de-la-concentration-dans-le-monde-de-limprimerie-edition-presse-librairie-en-france-jean-yves-mollier-professeur-duniversite-hotel","status":"publish","type":"page","link":"https:\/\/sasl-des-po.fr\/index.php\/15-septembre-2022-17h-18h-les-effets-de-la-concentration-dans-le-monde-de-limprimerie-edition-presse-librairie-en-france-jean-yves-mollier-professeur-duniversite-hotel\/","title":{"rendered":"15 septembre 2022 \u2013 17h-18h \u2013 Les effets de la concentration dans le monde de l&rsquo;imprimerie (\u00e9dition, presse, librairie) en France. Jean-Yves Mollier, professeur d&rsquo;Universit\u00e9 \/ H\u00f4tel Pams, 18 rue \u00c9mile-Zola, Perpignan."},"content":{"rendered":"\n<p>Jean-Yves Mollier, Professeur \u00e9m\u00e9rite d&rsquo;histoire contemporaine, Centre d&rsquo;histoire culturelle des soci\u00e9t\u00e9s contemporaines, Universit\u00e9 Paris Saclay\/Versailles Saint-Quentin<\/p>\n\n\n\n<p>Le Professeur Jean-Yves Mollier s&rsquo;appuiera sur sa : Br\u00e8ve histoire de la concentration dans le monde du livre, \u00e0 para\u00eetre le 8 septembre chez Libertalia, \u00e0 propos des cons\u00e9quences de la concentration sur l&rsquo;\u00e9dition, la librairie et la presse, d&rsquo;un point de vue global et local, y compris dans les Pyr\u00e9n\u00e9es-Orientales.<\/p>\n\n\n\n<p>Partant de la bataille en cours pour le contr\u00f4le du groupe Hachette par Vivendi, l&rsquo;auteur remonte \u00e0 la constitution des grands groupes fran\u00e7ais depuis 50 ans (Hachette, Editis, Gallimard-Flammarion et M\u00e9dia-Participations) et en \u00e9tudie les soubassements, \u00e0 la fois \u00e9conomiques, financiers et id\u00e9ologiques. Contr\u00f4lant la production, la diffusion et la distribution des livres, ainsi que leur promotion via radios, t\u00e9l\u00e9visions et presse \u00e9crite, ces g\u00e9ants laissent peu de place en librairie pour les centaines de PME, nationales et r\u00e9gionales, qui continuent \u00e0 proposer des livres de qualit\u00e9 \u00e0 leurs lecteurs.<\/p>\n\n\n\n<figure class=\"wp-block-image size-large\"><a href=\"http:\/\/sasldeh.cluster030.hosting.ovh.net\/wp-content\/uploads\/2022\/09\/Mollier-1.jpg\"><img loading=\"lazy\" decoding=\"async\" width=\"724\" height=\"1024\" src=\"http:\/\/sasldeh.cluster030.hosting.ovh.net\/wp-content\/uploads\/2022\/09\/Mollier-1-724x1024.jpg\" alt=\"\" class=\"wp-image-560\" srcset=\"https:\/\/sasl-des-po.fr\/wp-content\/uploads\/2022\/09\/Mollier-1-724x1024.jpg 724w, https:\/\/sasl-des-po.fr\/wp-content\/uploads\/2022\/09\/Mollier-1-212x300.jpg 212w, https:\/\/sasl-des-po.fr\/wp-content\/uploads\/2022\/09\/Mollier-1-768x1086.jpg 768w, https:\/\/sasl-des-po.fr\/wp-content\/uploads\/2022\/09\/Mollier-1-1086x1536.jpg 1086w, https:\/\/sasl-des-po.fr\/wp-content\/uploads\/2022\/09\/Mollier-1-1448x2048.jpg 1448w, https:\/\/sasl-des-po.fr\/wp-content\/uploads\/2022\/09\/Mollier-1.jpg 1587w\" sizes=\"auto, (max-width: 724px) 100vw, 724px\" \/><\/a><\/figure>\n\n\n\n<figure class=\"wp-block-image size-full\"><a href=\"http:\/\/sasldeh.cluster030.hosting.ovh.net\/wp-content\/uploads\/2022\/09\/La-Semaine-du-Roussillon-20220915.pdf\"><img loading=\"lazy\" decoding=\"async\" width=\"768\" height=\"796\" src=\"http:\/\/sasldeh.cluster030.hosting.ovh.net\/wp-content\/uploads\/2022\/09\/20220915-La-Semaine-du-Roussillon-capture.jpg\" alt=\"\" class=\"wp-image-561\" srcset=\"https:\/\/sasl-des-po.fr\/wp-content\/uploads\/2022\/09\/20220915-La-Semaine-du-Roussillon-capture.jpg 768w, https:\/\/sasl-des-po.fr\/wp-content\/uploads\/2022\/09\/20220915-La-Semaine-du-Roussillon-capture-289x300.jpg 289w\" sizes=\"auto, (max-width: 768px) 100vw, 768px\" \/><\/a><\/figure>\n\n\n\n<p>La conf\u00e9rence du Professeur Jean-Yves Mollier \u00ab\u00a0Les effets de la concentration dans le monde de l\u2019imprimerie (\u00e9dition, presse, librairie) en France\u00a0\u00bb, pr\u00e9vue le 15 septembre \u00e0 la M\u00e9diath\u00e8que de Perpignan, s&rsquo;est d\u00e9roul\u00e9e en vid\u00e9oconf\u00e9rence.<\/p>\n\n\n\n<p>La vid\u00e9o de cette intervention est d\u00e9sormais disponible pour ceux qui n&rsquo;auraient pas pu \u00eatre pr\u00e9sents et souhaiteraient la revoir.<\/p>\n\n\n\n<p>Merci \u00e0 l&rsquo;\u00e9quipe de la M\u00e9diath\u00e8que municipale de Perpignan pour avoir accueilli la vid\u00e9oconf\u00e9rence, capt\u00e9 l&rsquo;image <a><\/a>et mont\u00e9 la vid\u00e9o.<\/p>\n\n\n\n<p class=\"has-x-large-font-size\">Vid\u00e9o de la conf\u00e9rence : <\/p>\n\n\n\n<figure class=\"wp-block-embed is-type-rich is-provider-prise-en-charge-des-contenus-embarques wp-block-embed-prise-en-charge-des-contenus-embarques wp-embed-aspect-16-9 wp-has-aspect-ratio\"><div class=\"wp-block-embed__wrapper\">\n<iframe loading=\"lazy\" title=\"Conf\u00e9rence Jean Yves Mollier\" width=\"660\" height=\"371\" src=\"https:\/\/www.youtube.com\/embed\/UP7qdi4Ni-g?feature=oembed\" frameborder=\"0\" allow=\"accelerometer; autoplay; clipboard-write; encrypted-media; gyroscope; picture-in-picture; web-share\" referrerpolicy=\"strict-origin-when-cross-origin\" allowfullscreen><\/iframe>\n<\/div><\/figure>\n","protected":false},"excerpt":{"rendered":"<p>Jean-Yves Mollier, Professeur \u00e9m\u00e9rite d&rsquo;histoire contemporaine, Centre d&rsquo;histoire culturelle des soci\u00e9t\u00e9s contemporaines, Universit\u00e9 Paris Saclay\/Versailles Saint-Quentin Le Professeur Jean-Yves Mollier s&rsquo;appuiera sur sa : Br\u00e8ve histoire de la concentration dans le monde du livre, \u00e0 para\u00eetre le 8 septembre chez Libertalia, \u00e0 propos des cons\u00e9quences de la concentration sur l&rsquo;\u00e9dition, la librairie et la presse, &hellip; <a href=\"https:\/\/sasl-des-po.fr\/index.php\/15-septembre-2022-17h-18h-les-effets-de-la-concentration-dans-le-monde-de-limprimerie-edition-presse-librairie-en-france-jean-yves-mollier-professeur-duniversite-hotel\/\" class=\"more-link\">Continuer la lecture de <span class=\"screen-reader-text\">15 septembre 2022 \u2013 17h-18h \u2013 Les effets de la concentration dans le monde de l&rsquo;imprimerie (\u00e9dition, presse, librairie) en France. Jean-Yves Mollier, professeur d&rsquo;Universit\u00e9 \/ H\u00f4tel Pams, 18 rue \u00c9mile-Zola, Perpignan.<\/span><\/a><\/p>\n","protected":false},"author":1,"featured_media":0,"parent":0,"menu_order":0,"comment_status":"closed","ping_status":"closed","template":"","meta":{"footnotes":""},"class_list":["post-559","page","type-page","status-publish","hentry"],"_links":{"self":[{"href":"https:\/\/sasl-des-po.fr\/index.php\/wp-json\/wp\/v2\/pages\/559","targetHints":{"allow":["GET"]}}],"collection":[{"href":"https:\/\/sasl-des-po.fr\/index.php\/wp-json\/wp\/v2\/pages"}],"about":[{"href":"https:\/\/sasl-des-po.fr\/index.php\/wp-json\/wp\/v2\/types\/page"}],"author":[{"embeddable":true,"href":"https:\/\/sasl-des-po.fr\/index.php\/wp-json\/wp\/v2\/users\/1"}],"replies":[{"embeddable":true,"href":"https:\/\/sasl-des-po.fr\/index.php\/wp-json\/wp\/v2\/comments?post=559"}],"version-history":[{"count":1,"href":"https:\/\/sasl-des-po.fr\/index.php\/wp-json\/wp\/v2\/pages\/559\/revisions"}],"predecessor-version":[{"id":564,"href":"https:\/\/sasl-des-po.fr\/index.php\/wp-json\/wp\/v2\/pages\/559\/revisions\/564"}],"wp:attachment":[{"href":"https:\/\/sasl-des-po.fr\/index.php\/wp-json\/wp\/v2\/media?parent=559"}],"curies":[{"name":"wp","href":"https:\/\/api.w.org\/{rel}","templated":true}]}}