{"id":541,"date":"2022-08-24T12:18:28","date_gmt":"2022-08-24T10:18:28","guid":{"rendered":"http:\/\/sasldeh.cluster030.hosting.ovh.net\/?page_id=541"},"modified":"2022-08-24T12:18:28","modified_gmt":"2022-08-24T10:18:28","slug":"19-aout-2022-17h-18h-la-societe-agricole-scientifique-et-litteraire-des-pyrenees-orientales-une-sentinelle-dans-la-lutte-contre-le-phylloxera-la-politisation-de-la-submersi","status":"publish","type":"page","link":"https:\/\/sasl-des-po.fr\/index.php\/19-aout-2022-17h-18h-la-societe-agricole-scientifique-et-litteraire-des-pyrenees-orientales-une-sentinelle-dans-la-lutte-contre-le-phylloxera-la-politisation-de-la-submersi\/","title":{"rendered":"19 ao\u00fbt 2022 \u2013 17h-18h \u2013La Soci\u00e9t\u00e9 Agricole, scientifique et Litt\u00e9raire des Pyr\u00e9n\u00e9es-Orientales, une sentinelle dans la lutte contre le phyllox\u00e9ra\u00a0: la politisation de la submersion des vignes en Roussillon (1871-1885). Quentin Sint\u00e8s, dipl\u00f4m\u00e9 de master \/ CDM66"},"content":{"rendered":"\n<p>Le phyllox\u00e9ra ravage les vignes du Midi d\u00e8s la fin des ann\u00e9es 1860. En l\u2019absence de consensus scientifique sur le bon rem\u00e8de \u00e0 adopter, un propri\u00e9taire du Midi d\u00e9couvre que le phyllox\u00e9ra, log\u00e9 sur les racines de la vigne, ne survit pas \u00e0 une submersion de plusieurs semaines. Cette technique implique donc un approvisionnement en eau cons\u00e9quent et n\u2019est applicable que dans les vignobles de plaines inondables, o\u00f9 la topographie permet de contenir une couche d\u2019eau pendant le temps n\u00e9cessaire. Bien que difficilement applicable et on\u00e9reux, ce proc\u00e9d\u00e9 est largement promu par des experts locaux gravitant autour de la SASL, que l\u2019on peut ici d\u00e9finir comme des savants praticiens, des propri\u00e9taires et des agronomes.<\/p>\n\n\n\n<p>Cette communication a pour but d\u2019\u00e9claircir les logiques qui ont conduit certains agronomes et notables de la SASL \u00e0 militer en faveur de la submersion. Il s\u2019agira de saisir cet espace d\u2019expertise comme le lieu d\u2019une n\u00e9gociation m\u00ealant des acteurs et des int\u00e9r\u00eats divers, entre d\u2019une part l\u2019Etat, les agronomes locaux, les propri\u00e9taires, et d\u2019autre part la nature non humaine.<\/p>\n\n\n\n<figure class=\"wp-block-image size-large\"><a href=\"http:\/\/sasldeh.cluster030.hosting.ovh.net\/wp-content\/uploads\/2022\/08\/SASL-Affiche-19-aout-2022-Quentin-Sintes.jpg\"><img loading=\"lazy\" decoding=\"async\" width=\"724\" height=\"1024\" src=\"http:\/\/sasldeh.cluster030.hosting.ovh.net\/wp-content\/uploads\/2022\/08\/SASL-Affiche-19-aout-2022-Quentin-Sintes-724x1024.jpg\" alt=\"\" class=\"wp-image-543\" srcset=\"https:\/\/sasl-des-po.fr\/wp-content\/uploads\/2022\/08\/SASL-Affiche-19-aout-2022-Quentin-Sintes-724x1024.jpg 724w, https:\/\/sasl-des-po.fr\/wp-content\/uploads\/2022\/08\/SASL-Affiche-19-aout-2022-Quentin-Sintes-212x300.jpg 212w, https:\/\/sasl-des-po.fr\/wp-content\/uploads\/2022\/08\/SASL-Affiche-19-aout-2022-Quentin-Sintes-768x1086.jpg 768w, https:\/\/sasl-des-po.fr\/wp-content\/uploads\/2022\/08\/SASL-Affiche-19-aout-2022-Quentin-Sintes-1086x1536.jpg 1086w, https:\/\/sasl-des-po.fr\/wp-content\/uploads\/2022\/08\/SASL-Affiche-19-aout-2022-Quentin-Sintes-1448x2048.jpg 1448w, https:\/\/sasl-des-po.fr\/wp-content\/uploads\/2022\/08\/SASL-Affiche-19-aout-2022-Quentin-Sintes.jpg 1587w\" sizes=\"auto, (max-width: 724px) 100vw, 724px\" \/><\/a><\/figure>\n\n\n<div class=\"wp-block-image\">\n<figure class=\"aligncenter size-full\"><a href=\"http:\/\/sasldeh.cluster030.hosting.ovh.net\/wp-content\/uploads\/2022\/08\/capture.jpg\"><img loading=\"lazy\" decoding=\"async\" width=\"552\" height=\"756\" src=\"http:\/\/sasldeh.cluster030.hosting.ovh.net\/wp-content\/uploads\/2022\/08\/capture.jpg\" alt=\"\" class=\"wp-image-544\" srcset=\"https:\/\/sasl-des-po.fr\/wp-content\/uploads\/2022\/08\/capture.jpg 552w, https:\/\/sasl-des-po.fr\/wp-content\/uploads\/2022\/08\/capture-219x300.jpg 219w\" sizes=\"auto, (max-width: 552px) 100vw, 552px\" \/><\/a><\/figure>\n<\/div>\n\n\n<figure class=\"wp-block-image size-large\"><a href=\"http:\/\/sasldeh.cluster030.hosting.ovh.net\/wp-content\/uploads\/2022\/08\/WhatsApp-Image-2022-08-22-at-14.36.50-2.jpeg\"><img loading=\"lazy\" decoding=\"async\" width=\"768\" height=\"1024\" src=\"http:\/\/sasldeh.cluster030.hosting.ovh.net\/wp-content\/uploads\/2022\/08\/WhatsApp-Image-2022-08-22-at-14.36.50-2-768x1024.jpeg\" alt=\"\" class=\"wp-image-545\" srcset=\"https:\/\/sasl-des-po.fr\/wp-content\/uploads\/2022\/08\/WhatsApp-Image-2022-08-22-at-14.36.50-2-768x1024.jpeg 768w, https:\/\/sasl-des-po.fr\/wp-content\/uploads\/2022\/08\/WhatsApp-Image-2022-08-22-at-14.36.50-2-225x300.jpeg 225w, https:\/\/sasl-des-po.fr\/wp-content\/uploads\/2022\/08\/WhatsApp-Image-2022-08-22-at-14.36.50-2-1152x1536.jpeg 1152w, https:\/\/sasl-des-po.fr\/wp-content\/uploads\/2022\/08\/WhatsApp-Image-2022-08-22-at-14.36.50-2.jpeg 1200w\" sizes=\"auto, (max-width: 768px) 100vw, 768px\" \/><\/a><\/figure>\n\n\n<div class=\"wp-block-image\">\n<figure class=\"aligncenter size-full\"><a href=\"http:\/\/sasldeh.cluster030.hosting.ovh.net\/wp-content\/uploads\/2022\/08\/capture1.jpg\"><img loading=\"lazy\" decoding=\"async\" width=\"548\" height=\"725\" src=\"http:\/\/sasldeh.cluster030.hosting.ovh.net\/wp-content\/uploads\/2022\/08\/capture1.jpg\" alt=\"\" class=\"wp-image-546\" srcset=\"https:\/\/sasl-des-po.fr\/wp-content\/uploads\/2022\/08\/capture1.jpg 548w, https:\/\/sasl-des-po.fr\/wp-content\/uploads\/2022\/08\/capture1-227x300.jpg 227w\" sizes=\"auto, (max-width: 548px) 100vw, 548px\" \/><\/a><\/figure>\n<\/div>\n\n\n<iframe loading=\"lazy\" width=\"560\" height=\"315\" src=\"https:\/\/www.youtube.com\/embed\/aP5GdtIp1o4\" title=\"YouTube video player\" frameborder=\"0\" allow=\"accelerometer; autoplay; clipboard-write; encrypted-media; gyroscope; picture-in-picture\" allowfullscreen><\/iframe>\n","protected":false},"excerpt":{"rendered":"<p>Le phyllox\u00e9ra ravage les vignes du Midi d\u00e8s la fin des ann\u00e9es 1860. En l\u2019absence de consensus scientifique sur le bon rem\u00e8de \u00e0 adopter, un propri\u00e9taire du Midi d\u00e9couvre que le phyllox\u00e9ra, log\u00e9 sur les racines de la vigne, ne survit pas \u00e0 une submersion de plusieurs semaines. Cette technique implique donc un approvisionnement en &hellip; <a href=\"https:\/\/sasl-des-po.fr\/index.php\/19-aout-2022-17h-18h-la-societe-agricole-scientifique-et-litteraire-des-pyrenees-orientales-une-sentinelle-dans-la-lutte-contre-le-phylloxera-la-politisation-de-la-submersi\/\" class=\"more-link\">Continuer la lecture de <span class=\"screen-reader-text\">19 ao\u00fbt 2022 \u2013 17h-18h \u2013La Soci\u00e9t\u00e9 Agricole, scientifique et Litt\u00e9raire des Pyr\u00e9n\u00e9es-Orientales, une sentinelle dans la lutte contre le phyllox\u00e9ra\u00a0: la politisation de la submersion des vignes en Roussillon (1871-1885). Quentin Sint\u00e8s, dipl\u00f4m\u00e9 de master \/ CDM66<\/span><\/a><\/p>\n","protected":false},"author":1,"featured_media":0,"parent":0,"menu_order":0,"comment_status":"closed","ping_status":"closed","template":"","meta":{"footnotes":""},"class_list":["post-541","page","type-page","status-publish","hentry"],"_links":{"self":[{"href":"https:\/\/sasl-des-po.fr\/index.php\/wp-json\/wp\/v2\/pages\/541","targetHints":{"allow":["GET"]}}],"collection":[{"href":"https:\/\/sasl-des-po.fr\/index.php\/wp-json\/wp\/v2\/pages"}],"about":[{"href":"https:\/\/sasl-des-po.fr\/index.php\/wp-json\/wp\/v2\/types\/page"}],"author":[{"embeddable":true,"href":"https:\/\/sasl-des-po.fr\/index.php\/wp-json\/wp\/v2\/users\/1"}],"replies":[{"embeddable":true,"href":"https:\/\/sasl-des-po.fr\/index.php\/wp-json\/wp\/v2\/comments?post=541"}],"version-history":[{"count":1,"href":"https:\/\/sasl-des-po.fr\/index.php\/wp-json\/wp\/v2\/pages\/541\/revisions"}],"predecessor-version":[{"id":547,"href":"https:\/\/sasl-des-po.fr\/index.php\/wp-json\/wp\/v2\/pages\/541\/revisions\/547"}],"wp:attachment":[{"href":"https:\/\/sasl-des-po.fr\/index.php\/wp-json\/wp\/v2\/media?parent=541"}],"curies":[{"name":"wp","href":"https:\/\/api.w.org\/{rel}","templated":true}]}}