{"id":371,"date":"2022-08-10T10:44:35","date_gmt":"2022-08-10T08:44:35","guid":{"rendered":"http:\/\/sasldeh.cluster030.hosting.ovh.net\/?page_id=371"},"modified":"2022-08-10T10:44:35","modified_gmt":"2022-08-10T08:44:35","slug":"26-juillet-2022-18h-19h-legendes-et-mysteres-des-pyrenees-orientales-christian-doumergue-historien-de-lart-et-de-la-litterature-hotel-pams-18-rue-emile-zola-perpignan","status":"publish","type":"page","link":"https:\/\/sasl-des-po.fr\/index.php\/26-juillet-2022-18h-19h-legendes-et-mysteres-des-pyrenees-orientales-christian-doumergue-historien-de-lart-et-de-la-litterature-hotel-pams-18-rue-emile-zola-perpignan\/","title":{"rendered":"26 juillet 2022 \u2013 18h-19h\u2013 L\u00e9gendes et myst\u00e8res des Pyr\u00e9n\u00e9es-Orientales. Christian Doumergue, historien de l&rsquo;art et de la litt\u00e9rature \/ H\u00f4tel Pams, 18 rue \u00c9mile-Zola, Perpignan."},"content":{"rendered":"\n<p>Le d\u00e9partement des Pyr\u00e9n\u00e9es-Orientales est une terre riche de myst\u00e8res. Souterrains ou secrets templiers, histoires de sorci\u00e8res et de f\u00e9es, cr\u00e9atures fantastiques tels les effrayants Simiots&#8230; les nombreuses l\u00e9gendes qui hantent le territoire sont aussi le reflet de sa riche histoire. Loin d&rsquo;\u00eatre simple \u0153uvre de l&rsquo;imagination, certains r\u00e9cits fantastiques seraient le vecteur d&rsquo;une histoire oubli\u00e9e. Ainsi des l\u00e9gendes du Canigou, qui garderaient la trace de tr\u00e8s anciens cultes pa\u00efens \u00e0 la Grande Montagne&#8230; et le souvenir d&rsquo;une \u00e9nigmatique d\u00e9esse sur laquelle on ne sait presque rien : Pyr\u00e8ne. Passionn\u00e9 par le Myst\u00e8re, Christian Doumergue nous invite \u00e0 un voyage entre la l\u00e9gende et l&rsquo;histoire, \u00e0 la d\u00e9couverte du riche patrimoine \u00ab\u00a0fantastique\u00a0\u00bb et arch\u00e9ologique du d\u00e9partement&#8230;<\/p>\n\n\n\n<figure class=\"wp-block-image size-large\"><a href=\"http:\/\/sasldeh.cluster030.hosting.ovh.net\/wp-content\/uploads\/2022\/08\/Affiche-Legendes-et-Mysteres-des-PO.jpg\"><img loading=\"lazy\" decoding=\"async\" width=\"709\" height=\"1024\" src=\"http:\/\/sasldeh.cluster030.hosting.ovh.net\/wp-content\/uploads\/2022\/08\/Affiche-Legendes-et-Mysteres-des-PO-709x1024.jpg\" alt=\"\" class=\"wp-image-372\" srcset=\"https:\/\/sasl-des-po.fr\/wp-content\/uploads\/2022\/08\/Affiche-Legendes-et-Mysteres-des-PO-709x1024.jpg 709w, https:\/\/sasl-des-po.fr\/wp-content\/uploads\/2022\/08\/Affiche-Legendes-et-Mysteres-des-PO-208x300.jpg 208w, https:\/\/sasl-des-po.fr\/wp-content\/uploads\/2022\/08\/Affiche-Legendes-et-Mysteres-des-PO-768x1109.jpg 768w, https:\/\/sasl-des-po.fr\/wp-content\/uploads\/2022\/08\/Affiche-Legendes-et-Mysteres-des-PO.jpg 825w\" sizes=\"auto, (max-width: 709px) 100vw, 709px\" \/><\/a><\/figure>\n\n\n\n<p><\/p>\n\n\n\n<figure class=\"wp-block-gallery has-nested-images columns-default is-cropped wp-block-gallery-1 is-layout-flex wp-block-gallery-is-layout-flex\">\n<figure class=\"wp-block-image size-large\"><a href=\"http:\/\/sasldeh.cluster030.hosting.ovh.net\/wp-content\/uploads\/2022\/08\/295825483_10227720929478915_1666585568203900315_n.jpg\"><img loading=\"lazy\" decoding=\"async\" width=\"1024\" height=\"681\" data-id=\"373\" src=\"http:\/\/sasldeh.cluster030.hosting.ovh.net\/wp-content\/uploads\/2022\/08\/295825483_10227720929478915_1666585568203900315_n-1024x681.jpg\" alt=\"\" class=\"wp-image-373\" srcset=\"https:\/\/sasl-des-po.fr\/wp-content\/uploads\/2022\/08\/295825483_10227720929478915_1666585568203900315_n-1024x681.jpg 1024w, https:\/\/sasl-des-po.fr\/wp-content\/uploads\/2022\/08\/295825483_10227720929478915_1666585568203900315_n-300x199.jpg 300w, https:\/\/sasl-des-po.fr\/wp-content\/uploads\/2022\/08\/295825483_10227720929478915_1666585568203900315_n-768x511.jpg 768w, https:\/\/sasl-des-po.fr\/wp-content\/uploads\/2022\/08\/295825483_10227720929478915_1666585568203900315_n.jpg 1214w\" sizes=\"auto, (max-width: 1024px) 100vw, 1024px\" \/><\/a><\/figure>\n\n\n\n<figure class=\"wp-block-image size-large\"><a href=\"http:\/\/sasldeh.cluster030.hosting.ovh.net\/wp-content\/uploads\/2022\/08\/296001117_10227720928398888_274445006717481397_n-1.jpg\"><img loading=\"lazy\" decoding=\"async\" width=\"1024\" height=\"497\" data-id=\"375\" src=\"http:\/\/sasldeh.cluster030.hosting.ovh.net\/wp-content\/uploads\/2022\/08\/296001117_10227720928398888_274445006717481397_n-1-1024x497.jpg\" alt=\"\" class=\"wp-image-375\" srcset=\"https:\/\/sasl-des-po.fr\/wp-content\/uploads\/2022\/08\/296001117_10227720928398888_274445006717481397_n-1-1024x497.jpg 1024w, https:\/\/sasl-des-po.fr\/wp-content\/uploads\/2022\/08\/296001117_10227720928398888_274445006717481397_n-1-300x146.jpg 300w, https:\/\/sasl-des-po.fr\/wp-content\/uploads\/2022\/08\/296001117_10227720928398888_274445006717481397_n-1-768x373.jpg 768w, https:\/\/sasl-des-po.fr\/wp-content\/uploads\/2022\/08\/296001117_10227720928398888_274445006717481397_n-1-1536x746.jpg 1536w, https:\/\/sasl-des-po.fr\/wp-content\/uploads\/2022\/08\/296001117_10227720928398888_274445006717481397_n-1.jpg 1540w\" sizes=\"auto, (max-width: 1024px) 100vw, 1024px\" \/><\/a><\/figure>\n\n\n\n<figure class=\"wp-block-image size-large\"><a href=\"http:\/\/sasldeh.cluster030.hosting.ovh.net\/wp-content\/uploads\/2022\/08\/296001117_10227720928398888_274445006717481397_n.jpg\"><img loading=\"lazy\" decoding=\"async\" width=\"1024\" height=\"497\" data-id=\"377\" src=\"http:\/\/sasldeh.cluster030.hosting.ovh.net\/wp-content\/uploads\/2022\/08\/296001117_10227720928398888_274445006717481397_n-1024x497.jpg\" alt=\"\" class=\"wp-image-377\" srcset=\"https:\/\/sasl-des-po.fr\/wp-content\/uploads\/2022\/08\/296001117_10227720928398888_274445006717481397_n-1024x497.jpg 1024w, https:\/\/sasl-des-po.fr\/wp-content\/uploads\/2022\/08\/296001117_10227720928398888_274445006717481397_n-300x146.jpg 300w, https:\/\/sasl-des-po.fr\/wp-content\/uploads\/2022\/08\/296001117_10227720928398888_274445006717481397_n-768x373.jpg 768w, https:\/\/sasl-des-po.fr\/wp-content\/uploads\/2022\/08\/296001117_10227720928398888_274445006717481397_n-1536x746.jpg 1536w, https:\/\/sasl-des-po.fr\/wp-content\/uploads\/2022\/08\/296001117_10227720928398888_274445006717481397_n.jpg 1540w\" sizes=\"auto, (max-width: 1024px) 100vw, 1024px\" \/><\/a><\/figure>\n\n\n\n<figure class=\"wp-block-image size-large\"><a href=\"http:\/\/sasldeh.cluster030.hosting.ovh.net\/wp-content\/uploads\/2022\/08\/296059832_10227720929998928_556667941851818075_n.jpg\"><img loading=\"lazy\" decoding=\"async\" width=\"1024\" height=\"681\" data-id=\"376\" src=\"http:\/\/sasldeh.cluster030.hosting.ovh.net\/wp-content\/uploads\/2022\/08\/296059832_10227720929998928_556667941851818075_n-1024x681.jpg\" alt=\"\" class=\"wp-image-376\" srcset=\"https:\/\/sasl-des-po.fr\/wp-content\/uploads\/2022\/08\/296059832_10227720929998928_556667941851818075_n-1024x681.jpg 1024w, https:\/\/sasl-des-po.fr\/wp-content\/uploads\/2022\/08\/296059832_10227720929998928_556667941851818075_n-300x200.jpg 300w, https:\/\/sasl-des-po.fr\/wp-content\/uploads\/2022\/08\/296059832_10227720929998928_556667941851818075_n-768x511.jpg 768w, https:\/\/sasl-des-po.fr\/wp-content\/uploads\/2022\/08\/296059832_10227720929998928_556667941851818075_n.jpg 1213w\" sizes=\"auto, (max-width: 1024px) 100vw, 1024px\" \/><\/a><\/figure>\n<\/figure>\n\n\n\n<p><\/p>\n\n\n\n<figure class=\"wp-block-gallery has-nested-images columns-default is-cropped wp-block-gallery-2 is-layout-flex wp-block-gallery-is-layout-flex\">\n<figure class=\"wp-block-image size-large\"><img loading=\"lazy\" decoding=\"async\" width=\"768\" height=\"1024\" data-id=\"381\" src=\"http:\/\/sasldeh.cluster030.hosting.ovh.net\/wp-content\/uploads\/2022\/08\/WhatsApp-Image-2022-07-27-at-10.56.40-3-768x1024.jpeg\" alt=\"\" class=\"wp-image-381\" srcset=\"https:\/\/sasl-des-po.fr\/wp-content\/uploads\/2022\/08\/WhatsApp-Image-2022-07-27-at-10.56.40-3-768x1024.jpeg 768w, https:\/\/sasl-des-po.fr\/wp-content\/uploads\/2022\/08\/WhatsApp-Image-2022-07-27-at-10.56.40-3-225x300.jpeg 225w, https:\/\/sasl-des-po.fr\/wp-content\/uploads\/2022\/08\/WhatsApp-Image-2022-07-27-at-10.56.40-3-1152x1536.jpeg 1152w, https:\/\/sasl-des-po.fr\/wp-content\/uploads\/2022\/08\/WhatsApp-Image-2022-07-27-at-10.56.40-3.jpeg 1500w\" sizes=\"auto, (max-width: 768px) 100vw, 768px\" \/><\/figure>\n\n\n\n<figure class=\"wp-block-image size-large\"><a href=\"http:\/\/sasldeh.cluster030.hosting.ovh.net\/wp-content\/uploads\/2022\/08\/WhatsApp-Image-2022-07-27-at-10.56.40-5.jpeg\"><img loading=\"lazy\" decoding=\"async\" width=\"768\" height=\"1024\" data-id=\"380\" src=\"http:\/\/sasldeh.cluster030.hosting.ovh.net\/wp-content\/uploads\/2022\/08\/WhatsApp-Image-2022-07-27-at-10.56.40-5-768x1024.jpeg\" alt=\"\" class=\"wp-image-380\" srcset=\"https:\/\/sasl-des-po.fr\/wp-content\/uploads\/2022\/08\/WhatsApp-Image-2022-07-27-at-10.56.40-5-768x1024.jpeg 768w, https:\/\/sasl-des-po.fr\/wp-content\/uploads\/2022\/08\/WhatsApp-Image-2022-07-27-at-10.56.40-5-225x300.jpeg 225w, https:\/\/sasl-des-po.fr\/wp-content\/uploads\/2022\/08\/WhatsApp-Image-2022-07-27-at-10.56.40-5-1152x1536.jpeg 1152w, https:\/\/sasl-des-po.fr\/wp-content\/uploads\/2022\/08\/WhatsApp-Image-2022-07-27-at-10.56.40-5.jpeg 1500w\" sizes=\"auto, (max-width: 768px) 100vw, 768px\" \/><\/a><\/figure>\n\n\n\n<figure class=\"wp-block-image size-large\"><a href=\"http:\/\/sasldeh.cluster030.hosting.ovh.net\/wp-content\/uploads\/2022\/08\/WhatsApp-Image-2022-07-27-at-10.56.41-2.jpeg\"><img loading=\"lazy\" decoding=\"async\" width=\"768\" height=\"1024\" data-id=\"382\" src=\"http:\/\/sasldeh.cluster030.hosting.ovh.net\/wp-content\/uploads\/2022\/08\/WhatsApp-Image-2022-07-27-at-10.56.41-2-768x1024.jpeg\" alt=\"\" class=\"wp-image-382\" srcset=\"https:\/\/sasl-des-po.fr\/wp-content\/uploads\/2022\/08\/WhatsApp-Image-2022-07-27-at-10.56.41-2-768x1024.jpeg 768w, https:\/\/sasl-des-po.fr\/wp-content\/uploads\/2022\/08\/WhatsApp-Image-2022-07-27-at-10.56.41-2-225x300.jpeg 225w, https:\/\/sasl-des-po.fr\/wp-content\/uploads\/2022\/08\/WhatsApp-Image-2022-07-27-at-10.56.41-2-1152x1536.jpeg 1152w, https:\/\/sasl-des-po.fr\/wp-content\/uploads\/2022\/08\/WhatsApp-Image-2022-07-27-at-10.56.41-2.jpeg 1500w\" sizes=\"auto, (max-width: 768px) 100vw, 768px\" \/><\/a><\/figure>\n\n\n\n<figure class=\"wp-block-image size-large\"><a href=\"http:\/\/sasldeh.cluster030.hosting.ovh.net\/wp-content\/uploads\/2022\/08\/WhatsApp-Image-2022-07-27-at-10.56.41.jpeg\"><img loading=\"lazy\" decoding=\"async\" width=\"768\" height=\"1024\" data-id=\"379\" src=\"http:\/\/sasldeh.cluster030.hosting.ovh.net\/wp-content\/uploads\/2022\/08\/WhatsApp-Image-2022-07-27-at-10.56.41-768x1024.jpeg\" alt=\"\" class=\"wp-image-379\" srcset=\"https:\/\/sasl-des-po.fr\/wp-content\/uploads\/2022\/08\/WhatsApp-Image-2022-07-27-at-10.56.41-768x1024.jpeg 768w, https:\/\/sasl-des-po.fr\/wp-content\/uploads\/2022\/08\/WhatsApp-Image-2022-07-27-at-10.56.41-225x300.jpeg 225w, https:\/\/sasl-des-po.fr\/wp-content\/uploads\/2022\/08\/WhatsApp-Image-2022-07-27-at-10.56.41-1152x1536.jpeg 1152w, https:\/\/sasl-des-po.fr\/wp-content\/uploads\/2022\/08\/WhatsApp-Image-2022-07-27-at-10.56.41.jpeg 1500w\" sizes=\"auto, (max-width: 768px) 100vw, 768px\" \/><\/a><\/figure>\n\n\n\n<figure class=\"wp-block-image size-large\"><a href=\"http:\/\/sasldeh.cluster030.hosting.ovh.net\/wp-content\/uploads\/2022\/08\/WhatsApp-Image-2022-07-27-at-11.26.48-1.jpeg\"><img loading=\"lazy\" decoding=\"async\" width=\"768\" height=\"1024\" data-id=\"383\" src=\"http:\/\/sasldeh.cluster030.hosting.ovh.net\/wp-content\/uploads\/2022\/08\/WhatsApp-Image-2022-07-27-at-11.26.48-1-768x1024.jpeg\" alt=\"\" class=\"wp-image-383\" srcset=\"https:\/\/sasl-des-po.fr\/wp-content\/uploads\/2022\/08\/WhatsApp-Image-2022-07-27-at-11.26.48-1-768x1024.jpeg 768w, https:\/\/sasl-des-po.fr\/wp-content\/uploads\/2022\/08\/WhatsApp-Image-2022-07-27-at-11.26.48-1-225x300.jpeg 225w, https:\/\/sasl-des-po.fr\/wp-content\/uploads\/2022\/08\/WhatsApp-Image-2022-07-27-at-11.26.48-1-1152x1536.jpeg 1152w, https:\/\/sasl-des-po.fr\/wp-content\/uploads\/2022\/08\/WhatsApp-Image-2022-07-27-at-11.26.48-1.jpeg 1500w\" sizes=\"auto, (max-width: 768px) 100vw, 768px\" \/><\/a><\/figure>\n\n\n\n<figure class=\"wp-block-image size-large\"><a href=\"http:\/\/sasldeh.cluster030.hosting.ovh.net\/wp-content\/uploads\/2022\/08\/WhatsApp-Image-2022-07-27-at-11.26.48-2.jpeg\"><img loading=\"lazy\" decoding=\"async\" width=\"768\" height=\"1024\" data-id=\"378\" src=\"http:\/\/sasldeh.cluster030.hosting.ovh.net\/wp-content\/uploads\/2022\/08\/WhatsApp-Image-2022-07-27-at-11.26.48-2-768x1024.jpeg\" alt=\"\" class=\"wp-image-378\" srcset=\"https:\/\/sasl-des-po.fr\/wp-content\/uploads\/2022\/08\/WhatsApp-Image-2022-07-27-at-11.26.48-2-768x1024.jpeg 768w, https:\/\/sasl-des-po.fr\/wp-content\/uploads\/2022\/08\/WhatsApp-Image-2022-07-27-at-11.26.48-2-225x300.jpeg 225w, https:\/\/sasl-des-po.fr\/wp-content\/uploads\/2022\/08\/WhatsApp-Image-2022-07-27-at-11.26.48-2-1152x1536.jpeg 1152w, https:\/\/sasl-des-po.fr\/wp-content\/uploads\/2022\/08\/WhatsApp-Image-2022-07-27-at-11.26.48-2.jpeg 1500w\" sizes=\"auto, (max-width: 768px) 100vw, 768px\" \/><\/a><\/figure>\n\n\n\n<figure class=\"wp-block-image size-large\"><a href=\"http:\/\/sasldeh.cluster030.hosting.ovh.net\/wp-content\/uploads\/2022\/08\/WhatsApp-Image-2022-07-27-at-11.26.48-5.jpeg\"><img loading=\"lazy\" decoding=\"async\" width=\"768\" height=\"1024\" data-id=\"386\" src=\"http:\/\/sasldeh.cluster030.hosting.ovh.net\/wp-content\/uploads\/2022\/08\/WhatsApp-Image-2022-07-27-at-11.26.48-5-768x1024.jpeg\" alt=\"\" class=\"wp-image-386\" srcset=\"https:\/\/sasl-des-po.fr\/wp-content\/uploads\/2022\/08\/WhatsApp-Image-2022-07-27-at-11.26.48-5-768x1024.jpeg 768w, https:\/\/sasl-des-po.fr\/wp-content\/uploads\/2022\/08\/WhatsApp-Image-2022-07-27-at-11.26.48-5-225x300.jpeg 225w, https:\/\/sasl-des-po.fr\/wp-content\/uploads\/2022\/08\/WhatsApp-Image-2022-07-27-at-11.26.48-5-1152x1536.jpeg 1152w, https:\/\/sasl-des-po.fr\/wp-content\/uploads\/2022\/08\/WhatsApp-Image-2022-07-27-at-11.26.48-5.jpeg 1500w\" sizes=\"auto, (max-width: 768px) 100vw, 768px\" \/><\/a><\/figure>\n\n\n\n<figure class=\"wp-block-image size-large\"><a href=\"http:\/\/sasldeh.cluster030.hosting.ovh.net\/wp-content\/uploads\/2022\/08\/WhatsApp-Image-2022-07-27-at-11.26.48.jpeg\"><img loading=\"lazy\" decoding=\"async\" width=\"768\" height=\"1024\" data-id=\"384\" src=\"http:\/\/sasldeh.cluster030.hosting.ovh.net\/wp-content\/uploads\/2022\/08\/WhatsApp-Image-2022-07-27-at-11.26.48-768x1024.jpeg\" alt=\"\" class=\"wp-image-384\" srcset=\"https:\/\/sasl-des-po.fr\/wp-content\/uploads\/2022\/08\/WhatsApp-Image-2022-07-27-at-11.26.48-768x1024.jpeg 768w, https:\/\/sasl-des-po.fr\/wp-content\/uploads\/2022\/08\/WhatsApp-Image-2022-07-27-at-11.26.48-225x300.jpeg 225w, https:\/\/sasl-des-po.fr\/wp-content\/uploads\/2022\/08\/WhatsApp-Image-2022-07-27-at-11.26.48-1152x1536.jpeg 1152w, https:\/\/sasl-des-po.fr\/wp-content\/uploads\/2022\/08\/WhatsApp-Image-2022-07-27-at-11.26.48.jpeg 1500w\" sizes=\"auto, (max-width: 768px) 100vw, 768px\" \/><\/a><\/figure>\n\n\n\n<figure class=\"wp-block-image size-large\"><a href=\"http:\/\/sasldeh.cluster030.hosting.ovh.net\/wp-content\/uploads\/2022\/08\/WhatsApp-Image-2022-07-27-at-11.26.49-4.jpeg\"><img loading=\"lazy\" decoding=\"async\" width=\"768\" height=\"1024\" data-id=\"385\" src=\"http:\/\/sasldeh.cluster030.hosting.ovh.net\/wp-content\/uploads\/2022\/08\/WhatsApp-Image-2022-07-27-at-11.26.49-4-768x1024.jpeg\" alt=\"\" class=\"wp-image-385\" srcset=\"https:\/\/sasl-des-po.fr\/wp-content\/uploads\/2022\/08\/WhatsApp-Image-2022-07-27-at-11.26.49-4-768x1024.jpeg 768w, https:\/\/sasl-des-po.fr\/wp-content\/uploads\/2022\/08\/WhatsApp-Image-2022-07-27-at-11.26.49-4-225x300.jpeg 225w, https:\/\/sasl-des-po.fr\/wp-content\/uploads\/2022\/08\/WhatsApp-Image-2022-07-27-at-11.26.49-4-1152x1536.jpeg 1152w, https:\/\/sasl-des-po.fr\/wp-content\/uploads\/2022\/08\/WhatsApp-Image-2022-07-27-at-11.26.49-4.jpeg 1500w\" sizes=\"auto, (max-width: 768px) 100vw, 768px\" \/><\/a><\/figure>\n\n\n\n<figure class=\"wp-block-image size-large\"><a href=\"http:\/\/sasldeh.cluster030.hosting.ovh.net\/wp-content\/uploads\/2022\/08\/WhatsApp-Image-2022-07-27-at-11.26.49.jpeg\"><img loading=\"lazy\" decoding=\"async\" width=\"768\" height=\"1024\" data-id=\"388\" src=\"http:\/\/sasldeh.cluster030.hosting.ovh.net\/wp-content\/uploads\/2022\/08\/WhatsApp-Image-2022-07-27-at-11.26.49-768x1024.jpeg\" alt=\"\" class=\"wp-image-388\" srcset=\"https:\/\/sasl-des-po.fr\/wp-content\/uploads\/2022\/08\/WhatsApp-Image-2022-07-27-at-11.26.49-768x1024.jpeg 768w, https:\/\/sasl-des-po.fr\/wp-content\/uploads\/2022\/08\/WhatsApp-Image-2022-07-27-at-11.26.49-225x300.jpeg 225w, https:\/\/sasl-des-po.fr\/wp-content\/uploads\/2022\/08\/WhatsApp-Image-2022-07-27-at-11.26.49-1152x1536.jpeg 1152w, https:\/\/sasl-des-po.fr\/wp-content\/uploads\/2022\/08\/WhatsApp-Image-2022-07-27-at-11.26.49.jpeg 1500w\" sizes=\"auto, (max-width: 768px) 100vw, 768px\" \/><\/a><\/figure>\n\n\n\n<figure class=\"wp-block-image size-large\"><a href=\"http:\/\/sasldeh.cluster030.hosting.ovh.net\/wp-content\/uploads\/2022\/08\/WhatsApp-Image-2022-07-27-at-11.32.03-1.jpeg\"><img loading=\"lazy\" decoding=\"async\" width=\"874\" height=\"1024\" data-id=\"387\" src=\"http:\/\/sasldeh.cluster030.hosting.ovh.net\/wp-content\/uploads\/2022\/08\/WhatsApp-Image-2022-07-27-at-11.32.03-1-874x1024.jpeg\" alt=\"\" class=\"wp-image-387\" srcset=\"https:\/\/sasl-des-po.fr\/wp-content\/uploads\/2022\/08\/WhatsApp-Image-2022-07-27-at-11.32.03-1-874x1024.jpeg 874w, https:\/\/sasl-des-po.fr\/wp-content\/uploads\/2022\/08\/WhatsApp-Image-2022-07-27-at-11.32.03-1-256x300.jpeg 256w, https:\/\/sasl-des-po.fr\/wp-content\/uploads\/2022\/08\/WhatsApp-Image-2022-07-27-at-11.32.03-1-768x900.jpeg 768w, https:\/\/sasl-des-po.fr\/wp-content\/uploads\/2022\/08\/WhatsApp-Image-2022-07-27-at-11.32.03-1.jpeg 1106w\" sizes=\"auto, (max-width: 874px) 100vw, 874px\" \/><\/a><\/figure>\n\n\n\n<figure class=\"wp-block-image size-large\"><a href=\"http:\/\/sasldeh.cluster030.hosting.ovh.net\/wp-content\/uploads\/2022\/08\/WhatsApp-Image-2022-07-27-at-11.32.04-1.jpeg\"><img loading=\"lazy\" decoding=\"async\" width=\"768\" height=\"1024\" data-id=\"389\" src=\"http:\/\/sasldeh.cluster030.hosting.ovh.net\/wp-content\/uploads\/2022\/08\/WhatsApp-Image-2022-07-27-at-11.32.04-1-768x1024.jpeg\" alt=\"\" class=\"wp-image-389\" srcset=\"https:\/\/sasl-des-po.fr\/wp-content\/uploads\/2022\/08\/WhatsApp-Image-2022-07-27-at-11.32.04-1-768x1024.jpeg 768w, https:\/\/sasl-des-po.fr\/wp-content\/uploads\/2022\/08\/WhatsApp-Image-2022-07-27-at-11.32.04-1-225x300.jpeg 225w, https:\/\/sasl-des-po.fr\/wp-content\/uploads\/2022\/08\/WhatsApp-Image-2022-07-27-at-11.32.04-1-1152x1536.jpeg 1152w, https:\/\/sasl-des-po.fr\/wp-content\/uploads\/2022\/08\/WhatsApp-Image-2022-07-27-at-11.32.04-1.jpeg 1500w\" sizes=\"auto, (max-width: 768px) 100vw, 768px\" \/><\/a><\/figure>\n\n\n\n<figure class=\"wp-block-image size-large\"><a href=\"http:\/\/sasldeh.cluster030.hosting.ovh.net\/wp-content\/uploads\/2022\/08\/WhatsApp-Image-2022-07-27-at-11.32.04-2.jpeg\"><img loading=\"lazy\" decoding=\"async\" width=\"1024\" height=\"768\" data-id=\"391\" src=\"http:\/\/sasldeh.cluster030.hosting.ovh.net\/wp-content\/uploads\/2022\/08\/WhatsApp-Image-2022-07-27-at-11.32.04-2-1024x768.jpeg\" alt=\"\" class=\"wp-image-391\" srcset=\"https:\/\/sasl-des-po.fr\/wp-content\/uploads\/2022\/08\/WhatsApp-Image-2022-07-27-at-11.32.04-2-1024x768.jpeg 1024w, https:\/\/sasl-des-po.fr\/wp-content\/uploads\/2022\/08\/WhatsApp-Image-2022-07-27-at-11.32.04-2-300x225.jpeg 300w, https:\/\/sasl-des-po.fr\/wp-content\/uploads\/2022\/08\/WhatsApp-Image-2022-07-27-at-11.32.04-2-768x576.jpeg 768w, https:\/\/sasl-des-po.fr\/wp-content\/uploads\/2022\/08\/WhatsApp-Image-2022-07-27-at-11.32.04-2-1536x1152.jpeg 1536w, https:\/\/sasl-des-po.fr\/wp-content\/uploads\/2022\/08\/WhatsApp-Image-2022-07-27-at-11.32.04-2.jpeg 2000w\" sizes=\"auto, (max-width: 1024px) 100vw, 1024px\" \/><\/a><\/figure>\n\n\n\n<figure class=\"wp-block-image size-large\"><a href=\"http:\/\/sasldeh.cluster030.hosting.ovh.net\/wp-content\/uploads\/2022\/08\/WhatsApp-Image-2022-07-27-at-11.32.04-3.jpeg\"><img loading=\"lazy\" decoding=\"async\" width=\"768\" height=\"1024\" data-id=\"390\" src=\"http:\/\/sasldeh.cluster030.hosting.ovh.net\/wp-content\/uploads\/2022\/08\/WhatsApp-Image-2022-07-27-at-11.32.04-3-768x1024.jpeg\" alt=\"\" class=\"wp-image-390\" srcset=\"https:\/\/sasl-des-po.fr\/wp-content\/uploads\/2022\/08\/WhatsApp-Image-2022-07-27-at-11.32.04-3-768x1024.jpeg 768w, https:\/\/sasl-des-po.fr\/wp-content\/uploads\/2022\/08\/WhatsApp-Image-2022-07-27-at-11.32.04-3-225x300.jpeg 225w, https:\/\/sasl-des-po.fr\/wp-content\/uploads\/2022\/08\/WhatsApp-Image-2022-07-27-at-11.32.04-3-1152x1536.jpeg 1152w, https:\/\/sasl-des-po.fr\/wp-content\/uploads\/2022\/08\/WhatsApp-Image-2022-07-27-at-11.32.04-3.jpeg 1500w\" sizes=\"auto, (max-width: 768px) 100vw, 768px\" \/><\/a><\/figure>\n\n\n\n<figure class=\"wp-block-image size-large\"><a href=\"http:\/\/sasldeh.cluster030.hosting.ovh.net\/wp-content\/uploads\/2022\/08\/WhatsApp-Image-2022-07-27-at-11.32.04-7.jpeg\"><img loading=\"lazy\" decoding=\"async\" width=\"768\" height=\"1024\" data-id=\"392\" src=\"http:\/\/sasldeh.cluster030.hosting.ovh.net\/wp-content\/uploads\/2022\/08\/WhatsApp-Image-2022-07-27-at-11.32.04-7-768x1024.jpeg\" alt=\"\" class=\"wp-image-392\" srcset=\"https:\/\/sasl-des-po.fr\/wp-content\/uploads\/2022\/08\/WhatsApp-Image-2022-07-27-at-11.32.04-7-768x1024.jpeg 768w, https:\/\/sasl-des-po.fr\/wp-content\/uploads\/2022\/08\/WhatsApp-Image-2022-07-27-at-11.32.04-7-225x300.jpeg 225w, https:\/\/sasl-des-po.fr\/wp-content\/uploads\/2022\/08\/WhatsApp-Image-2022-07-27-at-11.32.04-7-1152x1536.jpeg 1152w, https:\/\/sasl-des-po.fr\/wp-content\/uploads\/2022\/08\/WhatsApp-Image-2022-07-27-at-11.32.04-7.jpeg 1500w\" sizes=\"auto, (max-width: 768px) 100vw, 768px\" \/><\/a><\/figure>\n<\/figure>\n","protected":false},"excerpt":{"rendered":"<p>Le d\u00e9partement des Pyr\u00e9n\u00e9es-Orientales est une terre riche de myst\u00e8res. Souterrains ou secrets templiers, histoires de sorci\u00e8res et de f\u00e9es, cr\u00e9atures fantastiques tels les effrayants Simiots&#8230; les nombreuses l\u00e9gendes qui hantent le territoire sont aussi le reflet de sa riche histoire. Loin d&rsquo;\u00eatre simple \u0153uvre de l&rsquo;imagination, certains r\u00e9cits fantastiques seraient le vecteur d&rsquo;une histoire &hellip; <a href=\"https:\/\/sasl-des-po.fr\/index.php\/26-juillet-2022-18h-19h-legendes-et-mysteres-des-pyrenees-orientales-christian-doumergue-historien-de-lart-et-de-la-litterature-hotel-pams-18-rue-emile-zola-perpignan\/\" class=\"more-link\">Continuer la lecture de <span class=\"screen-reader-text\">26 juillet 2022 \u2013 18h-19h\u2013 L\u00e9gendes et myst\u00e8res des Pyr\u00e9n\u00e9es-Orientales. Christian Doumergue, historien de l&rsquo;art et de la litt\u00e9rature \/ H\u00f4tel Pams, 18 rue \u00c9mile-Zola, Perpignan.<\/span><\/a><\/p>\n","protected":false},"author":1,"featured_media":0,"parent":0,"menu_order":0,"comment_status":"closed","ping_status":"closed","template":"","meta":{"footnotes":""},"class_list":["post-371","page","type-page","status-publish","hentry"],"_links":{"self":[{"href":"https:\/\/sasl-des-po.fr\/index.php\/wp-json\/wp\/v2\/pages\/371","targetHints":{"allow":["GET"]}}],"collection":[{"href":"https:\/\/sasl-des-po.fr\/index.php\/wp-json\/wp\/v2\/pages"}],"about":[{"href":"https:\/\/sasl-des-po.fr\/index.php\/wp-json\/wp\/v2\/types\/page"}],"author":[{"embeddable":true,"href":"https:\/\/sasl-des-po.fr\/index.php\/wp-json\/wp\/v2\/users\/1"}],"replies":[{"embeddable":true,"href":"https:\/\/sasl-des-po.fr\/index.php\/wp-json\/wp\/v2\/comments?post=371"}],"version-history":[{"count":1,"href":"https:\/\/sasl-des-po.fr\/index.php\/wp-json\/wp\/v2\/pages\/371\/revisions"}],"predecessor-version":[{"id":393,"href":"https:\/\/sasl-des-po.fr\/index.php\/wp-json\/wp\/v2\/pages\/371\/revisions\/393"}],"wp:attachment":[{"href":"https:\/\/sasl-des-po.fr\/index.php\/wp-json\/wp\/v2\/media?parent=371"}],"curies":[{"name":"wp","href":"https:\/\/api.w.org\/{rel}","templated":true}]}}