{"id":290,"date":"2022-08-10T10:33:54","date_gmt":"2022-08-10T08:33:54","guid":{"rendered":"http:\/\/sasldeh.cluster030.hosting.ovh.net\/?page_id=290"},"modified":"2022-08-10T10:36:01","modified_gmt":"2022-08-10T08:36:01","slug":"6-juillet-2022-18h30-20h-musiques-et-danses-du-virreinato-del-peru-au-xviiie-siecle-conference-dansee-teresita-campana-choregraphe-et-historienne-de-la-danse-centro-espagnol","status":"publish","type":"page","link":"https:\/\/sasl-des-po.fr\/index.php\/6-juillet-2022-18h30-20h-musiques-et-danses-du-virreinato-del-peru-au-xviiie-siecle-conference-dansee-teresita-campana-choregraphe-et-historienne-de-la-danse-centro-espagnol\/","title":{"rendered":"6 juillet 2022 \u2013 18h30-20h \u2013 Musiques et danses du Virreinato del Per\u00fa au XVIIIe si\u00e8cle (conf\u00e9rence dans\u00e9e). Teresita Campana, chor\u00e9graphe et historienne de la danse \/ Centro Espagnol, 26 rue Jeanne d&rsquo;Arc, Perpignan."},"content":{"rendered":"\n<p>Retrouvez la vid\u00e9o de cet \u00e9v\u00e9nement exceptionnel : <\/p>\n\n\n\n<figure class=\"wp-block-embed is-type-rich is-provider-prise-en-charge-des-contenus-embarques wp-block-embed-prise-en-charge-des-contenus-embarques wp-embed-aspect-16-9 wp-has-aspect-ratio\"><div class=\"wp-block-embed__wrapper\">\n<iframe loading=\"lazy\" title=\"Le Codex Marti\u0301nez Compan\u0303o\u0301n\" width=\"660\" height=\"371\" src=\"https:\/\/www.youtube.com\/embed\/LGCTCTPI14Q?feature=oembed\" frameborder=\"0\" allow=\"accelerometer; autoplay; clipboard-write; encrypted-media; gyroscope; picture-in-picture; web-share\" referrerpolicy=\"strict-origin-when-cross-origin\" allowfullscreen><\/iframe>\n<\/div><\/figure>\n\n\n\n<figure class=\"wp-block-image size-large\"><a href=\"http:\/\/sasldeh.cluster030.hosting.ovh.net\/wp-content\/uploads\/2022\/08\/El-Codice-Martinez-Companon.png\"><img loading=\"lazy\" decoding=\"async\" width=\"724\" height=\"1024\" src=\"http:\/\/sasldeh.cluster030.hosting.ovh.net\/wp-content\/uploads\/2022\/08\/El-Codice-Martinez-Companon-724x1024.png\" alt=\"\" class=\"wp-image-292\" srcset=\"https:\/\/sasl-des-po.fr\/wp-content\/uploads\/2022\/08\/El-Codice-Martinez-Companon-724x1024.png 724w, https:\/\/sasl-des-po.fr\/wp-content\/uploads\/2022\/08\/El-Codice-Martinez-Companon-212x300.png 212w, https:\/\/sasl-des-po.fr\/wp-content\/uploads\/2022\/08\/El-Codice-Martinez-Companon-768x1086.png 768w, https:\/\/sasl-des-po.fr\/wp-content\/uploads\/2022\/08\/El-Codice-Martinez-Companon-1086x1536.png 1086w, https:\/\/sasl-des-po.fr\/wp-content\/uploads\/2022\/08\/El-Codice-Martinez-Companon.png 1414w\" sizes=\"auto, (max-width: 724px) 100vw, 724px\" \/><\/a><\/figure>\n\n\n\n<figure class=\"wp-block-image size-large\"><a href=\"http:\/\/sasldeh.cluster030.hosting.ovh.net\/wp-content\/uploads\/2022\/08\/20220706_181139-scaled.jpg\"><img loading=\"lazy\" decoding=\"async\" width=\"1024\" height=\"768\" src=\"http:\/\/sasldeh.cluster030.hosting.ovh.net\/wp-content\/uploads\/2022\/08\/20220706_181139-1024x768.jpg\" alt=\"\" class=\"wp-image-293\" srcset=\"https:\/\/sasl-des-po.fr\/wp-content\/uploads\/2022\/08\/20220706_181139-1024x768.jpg 1024w, https:\/\/sasl-des-po.fr\/wp-content\/uploads\/2022\/08\/20220706_181139-300x225.jpg 300w, https:\/\/sasl-des-po.fr\/wp-content\/uploads\/2022\/08\/20220706_181139-768x576.jpg 768w, https:\/\/sasl-des-po.fr\/wp-content\/uploads\/2022\/08\/20220706_181139-1536x1152.jpg 1536w, https:\/\/sasl-des-po.fr\/wp-content\/uploads\/2022\/08\/20220706_181139-2048x1536.jpg 2048w\" sizes=\"auto, (max-width: 1024px) 100vw, 1024px\" \/><\/a><figcaption>R\u00e9p\u00e9tition<\/figcaption><\/figure>\n\n\n\n<figure class=\"wp-block-image size-large\"><a href=\"http:\/\/sasldeh.cluster030.hosting.ovh.net\/wp-content\/uploads\/2022\/08\/thumbnail.jpeg.jpg\"><img loading=\"lazy\" decoding=\"async\" width=\"1024\" height=\"768\" src=\"http:\/\/sasldeh.cluster030.hosting.ovh.net\/wp-content\/uploads\/2022\/08\/thumbnail.jpeg-1024x768.jpg\" alt=\"\" class=\"wp-image-294\" srcset=\"https:\/\/sasl-des-po.fr\/wp-content\/uploads\/2022\/08\/thumbnail.jpeg-1024x768.jpg 1024w, https:\/\/sasl-des-po.fr\/wp-content\/uploads\/2022\/08\/thumbnail.jpeg-300x225.jpg 300w, https:\/\/sasl-des-po.fr\/wp-content\/uploads\/2022\/08\/thumbnail.jpeg-768x576.jpg 768w, https:\/\/sasl-des-po.fr\/wp-content\/uploads\/2022\/08\/thumbnail.jpeg.jpg 1080w\" sizes=\"auto, (max-width: 1024px) 100vw, 1024px\" \/><\/a><figcaption>Le public s&rsquo;\u00e9tait donn\u00e9 rendez-vous : 110 personnes, la salle du Centro Espagnol absolument comble<\/figcaption><\/figure>\n\n\n\n<figure class=\"wp-block-gallery has-nested-images columns-default is-cropped wp-block-gallery-1 is-layout-flex wp-block-gallery-is-layout-flex\">\n<figure class=\"wp-block-image size-large\"><img loading=\"lazy\" decoding=\"async\" width=\"576\" height=\"1024\" data-id=\"299\" src=\"http:\/\/sasldeh.cluster030.hosting.ovh.net\/wp-content\/uploads\/2022\/08\/IMG-20220705-WA0008-576x1024.jpeg\" alt=\"\" class=\"wp-image-299\" srcset=\"https:\/\/sasl-des-po.fr\/wp-content\/uploads\/2022\/08\/IMG-20220705-WA0008-576x1024.jpeg 576w, https:\/\/sasl-des-po.fr\/wp-content\/uploads\/2022\/08\/IMG-20220705-WA0008-169x300.jpeg 169w, https:\/\/sasl-des-po.fr\/wp-content\/uploads\/2022\/08\/IMG-20220705-WA0008-768x1365.jpeg 768w, https:\/\/sasl-des-po.fr\/wp-content\/uploads\/2022\/08\/IMG-20220705-WA0008-864x1536.jpeg 864w, https:\/\/sasl-des-po.fr\/wp-content\/uploads\/2022\/08\/IMG-20220705-WA0008-1152x2048.jpeg 1152w, https:\/\/sasl-des-po.fr\/wp-content\/uploads\/2022\/08\/IMG-20220705-WA0008-scaled.jpeg 1440w\" sizes=\"auto, (max-width: 576px) 100vw, 576px\" \/><\/figure>\n\n\n\n<figure class=\"wp-block-image size-large\"><img loading=\"lazy\" decoding=\"async\" width=\"1024\" height=\"768\" data-id=\"298\" src=\"http:\/\/sasldeh.cluster030.hosting.ovh.net\/wp-content\/uploads\/2022\/08\/IMG-20220708-WA0015-1024x768.jpg\" alt=\"\" class=\"wp-image-298\" srcset=\"https:\/\/sasl-des-po.fr\/wp-content\/uploads\/2022\/08\/IMG-20220708-WA0015-1024x768.jpg 1024w, https:\/\/sasl-des-po.fr\/wp-content\/uploads\/2022\/08\/IMG-20220708-WA0015-300x225.jpg 300w, https:\/\/sasl-des-po.fr\/wp-content\/uploads\/2022\/08\/IMG-20220708-WA0015-768x576.jpg 768w, https:\/\/sasl-des-po.fr\/wp-content\/uploads\/2022\/08\/IMG-20220708-WA0015-1536x1152.jpg 1536w, https:\/\/sasl-des-po.fr\/wp-content\/uploads\/2022\/08\/IMG-20220708-WA0015.jpg 2000w\" sizes=\"auto, (max-width: 1024px) 100vw, 1024px\" \/><\/figure>\n\n\n\n<figure class=\"wp-block-image size-large\"><img loading=\"lazy\" decoding=\"async\" width=\"768\" height=\"1024\" data-id=\"296\" src=\"http:\/\/sasldeh.cluster030.hosting.ovh.net\/wp-content\/uploads\/2022\/08\/IMG-20220708-WA0017-768x1024.jpg\" alt=\"\" class=\"wp-image-296\" srcset=\"https:\/\/sasl-des-po.fr\/wp-content\/uploads\/2022\/08\/IMG-20220708-WA0017-768x1024.jpg 768w, https:\/\/sasl-des-po.fr\/wp-content\/uploads\/2022\/08\/IMG-20220708-WA0017-225x300.jpg 225w, https:\/\/sasl-des-po.fr\/wp-content\/uploads\/2022\/08\/IMG-20220708-WA0017-1152x1536.jpg 1152w, https:\/\/sasl-des-po.fr\/wp-content\/uploads\/2022\/08\/IMG-20220708-WA0017.jpg 1500w\" sizes=\"auto, (max-width: 768px) 100vw, 768px\" \/><\/figure>\n\n\n\n<figure class=\"wp-block-image size-large\"><a href=\"http:\/\/sasldeh.cluster030.hosting.ovh.net\/wp-content\/uploads\/2022\/08\/IMG-20220708-WA0019.jpg\"><img loading=\"lazy\" decoding=\"async\" width=\"768\" height=\"1024\" data-id=\"304\" src=\"http:\/\/sasldeh.cluster030.hosting.ovh.net\/wp-content\/uploads\/2022\/08\/IMG-20220708-WA0019-768x1024.jpg\" alt=\"\" class=\"wp-image-304\" srcset=\"https:\/\/sasl-des-po.fr\/wp-content\/uploads\/2022\/08\/IMG-20220708-WA0019-768x1024.jpg 768w, https:\/\/sasl-des-po.fr\/wp-content\/uploads\/2022\/08\/IMG-20220708-WA0019-225x300.jpg 225w, https:\/\/sasl-des-po.fr\/wp-content\/uploads\/2022\/08\/IMG-20220708-WA0019-1152x1536.jpg 1152w, https:\/\/sasl-des-po.fr\/wp-content\/uploads\/2022\/08\/IMG-20220708-WA0019.jpg 1500w\" sizes=\"auto, (max-width: 768px) 100vw, 768px\" \/><\/a><\/figure>\n\n\n\n<figure class=\"wp-block-image size-large\"><a href=\"http:\/\/sasldeh.cluster030.hosting.ovh.net\/wp-content\/uploads\/2022\/08\/IMG-20220708-WA0022.jpg\"><img loading=\"lazy\" decoding=\"async\" width=\"768\" height=\"1024\" data-id=\"305\" src=\"http:\/\/sasldeh.cluster030.hosting.ovh.net\/wp-content\/uploads\/2022\/08\/IMG-20220708-WA0022-768x1024.jpg\" alt=\"\" class=\"wp-image-305\" srcset=\"https:\/\/sasl-des-po.fr\/wp-content\/uploads\/2022\/08\/IMG-20220708-WA0022-768x1024.jpg 768w, https:\/\/sasl-des-po.fr\/wp-content\/uploads\/2022\/08\/IMG-20220708-WA0022-225x300.jpg 225w, https:\/\/sasl-des-po.fr\/wp-content\/uploads\/2022\/08\/IMG-20220708-WA0022-1152x1536.jpg 1152w, https:\/\/sasl-des-po.fr\/wp-content\/uploads\/2022\/08\/IMG-20220708-WA0022.jpg 1500w\" sizes=\"auto, (max-width: 768px) 100vw, 768px\" \/><\/a><\/figure>\n\n\n\n<figure class=\"wp-block-image size-large\"><a href=\"http:\/\/sasldeh.cluster030.hosting.ovh.net\/wp-content\/uploads\/2022\/08\/IMG-20220708-WA0024.jpg\"><img loading=\"lazy\" decoding=\"async\" width=\"1024\" height=\"768\" data-id=\"307\" src=\"http:\/\/sasldeh.cluster030.hosting.ovh.net\/wp-content\/uploads\/2022\/08\/IMG-20220708-WA0024-1024x768.jpg\" alt=\"\" class=\"wp-image-307\" srcset=\"https:\/\/sasl-des-po.fr\/wp-content\/uploads\/2022\/08\/IMG-20220708-WA0024-1024x768.jpg 1024w, https:\/\/sasl-des-po.fr\/wp-content\/uploads\/2022\/08\/IMG-20220708-WA0024-300x225.jpg 300w, https:\/\/sasl-des-po.fr\/wp-content\/uploads\/2022\/08\/IMG-20220708-WA0024-768x576.jpg 768w, https:\/\/sasl-des-po.fr\/wp-content\/uploads\/2022\/08\/IMG-20220708-WA0024-1536x1152.jpg 1536w, https:\/\/sasl-des-po.fr\/wp-content\/uploads\/2022\/08\/IMG-20220708-WA0024.jpg 2000w\" sizes=\"auto, (max-width: 1024px) 100vw, 1024px\" \/><\/a><\/figure>\n\n\n\n<figure class=\"wp-block-image size-large\"><a href=\"http:\/\/sasldeh.cluster030.hosting.ovh.net\/wp-content\/uploads\/2022\/08\/IMG-20220708-WA0025.jpg\"><img loading=\"lazy\" decoding=\"async\" width=\"768\" height=\"1024\" data-id=\"308\" src=\"http:\/\/sasldeh.cluster030.hosting.ovh.net\/wp-content\/uploads\/2022\/08\/IMG-20220708-WA0025-768x1024.jpg\" alt=\"\" class=\"wp-image-308\" srcset=\"https:\/\/sasl-des-po.fr\/wp-content\/uploads\/2022\/08\/IMG-20220708-WA0025-768x1024.jpg 768w, https:\/\/sasl-des-po.fr\/wp-content\/uploads\/2022\/08\/IMG-20220708-WA0025-225x300.jpg 225w, https:\/\/sasl-des-po.fr\/wp-content\/uploads\/2022\/08\/IMG-20220708-WA0025-1152x1536.jpg 1152w, https:\/\/sasl-des-po.fr\/wp-content\/uploads\/2022\/08\/IMG-20220708-WA0025.jpg 1500w\" sizes=\"auto, (max-width: 768px) 100vw, 768px\" \/><\/a><\/figure>\n\n\n\n<figure class=\"wp-block-image size-large\"><a href=\"http:\/\/sasldeh.cluster030.hosting.ovh.net\/wp-content\/uploads\/2022\/08\/IMG-20220708-WA0030.jpg\"><img loading=\"lazy\" decoding=\"async\" width=\"768\" height=\"1024\" data-id=\"313\" src=\"http:\/\/sasldeh.cluster030.hosting.ovh.net\/wp-content\/uploads\/2022\/08\/IMG-20220708-WA0030-768x1024.jpg\" alt=\"\" class=\"wp-image-313\" srcset=\"https:\/\/sasl-des-po.fr\/wp-content\/uploads\/2022\/08\/IMG-20220708-WA0030-768x1024.jpg 768w, https:\/\/sasl-des-po.fr\/wp-content\/uploads\/2022\/08\/IMG-20220708-WA0030-225x300.jpg 225w, https:\/\/sasl-des-po.fr\/wp-content\/uploads\/2022\/08\/IMG-20220708-WA0030-1152x1536.jpg 1152w, https:\/\/sasl-des-po.fr\/wp-content\/uploads\/2022\/08\/IMG-20220708-WA0030.jpg 1500w\" sizes=\"auto, (max-width: 768px) 100vw, 768px\" \/><\/a><\/figure>\n\n\n\n<figure class=\"wp-block-image size-large\"><a href=\"http:\/\/sasldeh.cluster030.hosting.ovh.net\/wp-content\/uploads\/2022\/08\/IMG-20220708-WA0031.jpg\"><img loading=\"lazy\" decoding=\"async\" width=\"768\" height=\"1024\" data-id=\"314\" src=\"http:\/\/sasldeh.cluster030.hosting.ovh.net\/wp-content\/uploads\/2022\/08\/IMG-20220708-WA0031-768x1024.jpg\" alt=\"\" class=\"wp-image-314\" srcset=\"https:\/\/sasl-des-po.fr\/wp-content\/uploads\/2022\/08\/IMG-20220708-WA0031-768x1024.jpg 768w, https:\/\/sasl-des-po.fr\/wp-content\/uploads\/2022\/08\/IMG-20220708-WA0031-225x300.jpg 225w, https:\/\/sasl-des-po.fr\/wp-content\/uploads\/2022\/08\/IMG-20220708-WA0031-1152x1536.jpg 1152w, https:\/\/sasl-des-po.fr\/wp-content\/uploads\/2022\/08\/IMG-20220708-WA0031.jpg 1500w\" sizes=\"auto, (max-width: 768px) 100vw, 768px\" \/><\/a><\/figure>\n\n\n\n<figure class=\"wp-block-image size-large\"><a href=\"http:\/\/sasldeh.cluster030.hosting.ovh.net\/wp-content\/uploads\/2022\/08\/IMG-20220708-WA0032.jpg\"><img loading=\"lazy\" decoding=\"async\" width=\"1024\" height=\"768\" data-id=\"315\" src=\"http:\/\/sasldeh.cluster030.hosting.ovh.net\/wp-content\/uploads\/2022\/08\/IMG-20220708-WA0032-1024x768.jpg\" alt=\"\" class=\"wp-image-315\" srcset=\"https:\/\/sasl-des-po.fr\/wp-content\/uploads\/2022\/08\/IMG-20220708-WA0032-1024x768.jpg 1024w, https:\/\/sasl-des-po.fr\/wp-content\/uploads\/2022\/08\/IMG-20220708-WA0032-300x225.jpg 300w, https:\/\/sasl-des-po.fr\/wp-content\/uploads\/2022\/08\/IMG-20220708-WA0032-768x576.jpg 768w, https:\/\/sasl-des-po.fr\/wp-content\/uploads\/2022\/08\/IMG-20220708-WA0032-1536x1152.jpg 1536w, https:\/\/sasl-des-po.fr\/wp-content\/uploads\/2022\/08\/IMG-20220708-WA0032.jpg 2000w\" sizes=\"auto, (max-width: 1024px) 100vw, 1024px\" \/><\/a><\/figure>\n\n\n\n<figure class=\"wp-block-image size-large\"><a href=\"http:\/\/sasldeh.cluster030.hosting.ovh.net\/wp-content\/uploads\/2022\/08\/IMG-20220708-WA0033.jpg\"><img loading=\"lazy\" decoding=\"async\" width=\"768\" height=\"1024\" data-id=\"316\" src=\"http:\/\/sasldeh.cluster030.hosting.ovh.net\/wp-content\/uploads\/2022\/08\/IMG-20220708-WA0033-768x1024.jpg\" alt=\"\" class=\"wp-image-316\" srcset=\"https:\/\/sasl-des-po.fr\/wp-content\/uploads\/2022\/08\/IMG-20220708-WA0033-768x1024.jpg 768w, https:\/\/sasl-des-po.fr\/wp-content\/uploads\/2022\/08\/IMG-20220708-WA0033-225x300.jpg 225w, https:\/\/sasl-des-po.fr\/wp-content\/uploads\/2022\/08\/IMG-20220708-WA0033-1152x1536.jpg 1152w, https:\/\/sasl-des-po.fr\/wp-content\/uploads\/2022\/08\/IMG-20220708-WA0033.jpg 1500w\" sizes=\"auto, (max-width: 768px) 100vw, 768px\" \/><\/a><\/figure>\n\n\n\n<figure class=\"wp-block-image size-large\"><a href=\"http:\/\/sasldeh.cluster030.hosting.ovh.net\/wp-content\/uploads\/2022\/08\/IMG-20220708-WA0035.jpg\"><img loading=\"lazy\" decoding=\"async\" width=\"1024\" height=\"768\" data-id=\"318\" src=\"http:\/\/sasldeh.cluster030.hosting.ovh.net\/wp-content\/uploads\/2022\/08\/IMG-20220708-WA0035-1024x768.jpg\" alt=\"\" class=\"wp-image-318\" srcset=\"https:\/\/sasl-des-po.fr\/wp-content\/uploads\/2022\/08\/IMG-20220708-WA0035-1024x768.jpg 1024w, https:\/\/sasl-des-po.fr\/wp-content\/uploads\/2022\/08\/IMG-20220708-WA0035-300x225.jpg 300w, https:\/\/sasl-des-po.fr\/wp-content\/uploads\/2022\/08\/IMG-20220708-WA0035-768x576.jpg 768w, https:\/\/sasl-des-po.fr\/wp-content\/uploads\/2022\/08\/IMG-20220708-WA0035-1536x1152.jpg 1536w, https:\/\/sasl-des-po.fr\/wp-content\/uploads\/2022\/08\/IMG-20220708-WA0035.jpg 2000w\" sizes=\"auto, (max-width: 1024px) 100vw, 1024px\" \/><\/a><\/figure>\n\n\n\n<figure class=\"wp-block-image size-large\"><a href=\"http:\/\/sasldeh.cluster030.hosting.ovh.net\/wp-content\/uploads\/2022\/08\/IMG-20220708-WA0036.jpg\"><img loading=\"lazy\" decoding=\"async\" width=\"768\" height=\"1024\" data-id=\"319\" src=\"http:\/\/sasldeh.cluster030.hosting.ovh.net\/wp-content\/uploads\/2022\/08\/IMG-20220708-WA0036-768x1024.jpg\" alt=\"\" class=\"wp-image-319\" srcset=\"https:\/\/sasl-des-po.fr\/wp-content\/uploads\/2022\/08\/IMG-20220708-WA0036-768x1024.jpg 768w, https:\/\/sasl-des-po.fr\/wp-content\/uploads\/2022\/08\/IMG-20220708-WA0036-225x300.jpg 225w, https:\/\/sasl-des-po.fr\/wp-content\/uploads\/2022\/08\/IMG-20220708-WA0036-1152x1536.jpg 1152w, https:\/\/sasl-des-po.fr\/wp-content\/uploads\/2022\/08\/IMG-20220708-WA0036.jpg 1500w\" sizes=\"auto, (max-width: 768px) 100vw, 768px\" \/><\/a><\/figure>\n\n\n\n<figure class=\"wp-block-image size-large\"><a href=\"http:\/\/sasldeh.cluster030.hosting.ovh.net\/wp-content\/uploads\/2022\/08\/IMG-20220708-WA0039.jpg\"><img loading=\"lazy\" decoding=\"async\" width=\"768\" height=\"1024\" data-id=\"322\" src=\"http:\/\/sasldeh.cluster030.hosting.ovh.net\/wp-content\/uploads\/2022\/08\/IMG-20220708-WA0039-768x1024.jpg\" alt=\"\" class=\"wp-image-322\" srcset=\"https:\/\/sasl-des-po.fr\/wp-content\/uploads\/2022\/08\/IMG-20220708-WA0039-768x1024.jpg 768w, https:\/\/sasl-des-po.fr\/wp-content\/uploads\/2022\/08\/IMG-20220708-WA0039-225x300.jpg 225w, https:\/\/sasl-des-po.fr\/wp-content\/uploads\/2022\/08\/IMG-20220708-WA0039-1152x1536.jpg 1152w, https:\/\/sasl-des-po.fr\/wp-content\/uploads\/2022\/08\/IMG-20220708-WA0039.jpg 1500w\" sizes=\"auto, (max-width: 768px) 100vw, 768px\" \/><\/a><\/figure>\n\n\n\n<figure class=\"wp-block-image size-large\"><a href=\"http:\/\/sasldeh.cluster030.hosting.ovh.net\/wp-content\/uploads\/2022\/08\/IMG-20220708-WA0040.jpg\"><img loading=\"lazy\" decoding=\"async\" width=\"768\" height=\"1024\" data-id=\"324\" src=\"http:\/\/sasldeh.cluster030.hosting.ovh.net\/wp-content\/uploads\/2022\/08\/IMG-20220708-WA0040-768x1024.jpg\" alt=\"\" class=\"wp-image-324\" srcset=\"https:\/\/sasl-des-po.fr\/wp-content\/uploads\/2022\/08\/IMG-20220708-WA0040-768x1024.jpg 768w, https:\/\/sasl-des-po.fr\/wp-content\/uploads\/2022\/08\/IMG-20220708-WA0040-225x300.jpg 225w, https:\/\/sasl-des-po.fr\/wp-content\/uploads\/2022\/08\/IMG-20220708-WA0040-1152x1536.jpg 1152w, https:\/\/sasl-des-po.fr\/wp-content\/uploads\/2022\/08\/IMG-20220708-WA0040.jpg 1500w\" sizes=\"auto, (max-width: 768px) 100vw, 768px\" \/><\/a><\/figure>\n\n\n\n<figure class=\"wp-block-image size-large\"><a href=\"http:\/\/sasldeh.cluster030.hosting.ovh.net\/wp-content\/uploads\/2022\/08\/IMG-20220708-WA0041.jpg\"><img loading=\"lazy\" decoding=\"async\" width=\"768\" height=\"1024\" data-id=\"323\" src=\"http:\/\/sasldeh.cluster030.hosting.ovh.net\/wp-content\/uploads\/2022\/08\/IMG-20220708-WA0041-768x1024.jpg\" alt=\"\" class=\"wp-image-323\" srcset=\"https:\/\/sasl-des-po.fr\/wp-content\/uploads\/2022\/08\/IMG-20220708-WA0041-768x1024.jpg 768w, https:\/\/sasl-des-po.fr\/wp-content\/uploads\/2022\/08\/IMG-20220708-WA0041-225x300.jpg 225w, https:\/\/sasl-des-po.fr\/wp-content\/uploads\/2022\/08\/IMG-20220708-WA0041-1152x1536.jpg 1152w, https:\/\/sasl-des-po.fr\/wp-content\/uploads\/2022\/08\/IMG-20220708-WA0041.jpg 1500w\" sizes=\"auto, (max-width: 768px) 100vw, 768px\" \/><\/a><\/figure>\n\n\n\n<figure class=\"wp-block-image size-large\"><a href=\"http:\/\/sasldeh.cluster030.hosting.ovh.net\/wp-content\/uploads\/2022\/08\/IMG-20220708-WA0042.jpg\"><img loading=\"lazy\" decoding=\"async\" width=\"768\" height=\"1024\" data-id=\"325\" src=\"http:\/\/sasldeh.cluster030.hosting.ovh.net\/wp-content\/uploads\/2022\/08\/IMG-20220708-WA0042-768x1024.jpg\" alt=\"\" class=\"wp-image-325\" srcset=\"https:\/\/sasl-des-po.fr\/wp-content\/uploads\/2022\/08\/IMG-20220708-WA0042-768x1024.jpg 768w, https:\/\/sasl-des-po.fr\/wp-content\/uploads\/2022\/08\/IMG-20220708-WA0042-225x300.jpg 225w, https:\/\/sasl-des-po.fr\/wp-content\/uploads\/2022\/08\/IMG-20220708-WA0042-1152x1536.jpg 1152w, https:\/\/sasl-des-po.fr\/wp-content\/uploads\/2022\/08\/IMG-20220708-WA0042.jpg 1500w\" sizes=\"auto, (max-width: 768px) 100vw, 768px\" \/><\/a><\/figure>\n\n\n\n<figure class=\"wp-block-image size-large\"><a href=\"http:\/\/sasldeh.cluster030.hosting.ovh.net\/wp-content\/uploads\/2022\/08\/IMG-20220708-WA0043.jpg\"><img loading=\"lazy\" decoding=\"async\" width=\"768\" height=\"1024\" data-id=\"326\" src=\"http:\/\/sasldeh.cluster030.hosting.ovh.net\/wp-content\/uploads\/2022\/08\/IMG-20220708-WA0043-768x1024.jpg\" alt=\"\" class=\"wp-image-326\" srcset=\"https:\/\/sasl-des-po.fr\/wp-content\/uploads\/2022\/08\/IMG-20220708-WA0043-768x1024.jpg 768w, https:\/\/sasl-des-po.fr\/wp-content\/uploads\/2022\/08\/IMG-20220708-WA0043-225x300.jpg 225w, https:\/\/sasl-des-po.fr\/wp-content\/uploads\/2022\/08\/IMG-20220708-WA0043-1152x1536.jpg 1152w, https:\/\/sasl-des-po.fr\/wp-content\/uploads\/2022\/08\/IMG-20220708-WA0043.jpg 1500w\" sizes=\"auto, (max-width: 768px) 100vw, 768px\" \/><\/a><\/figure>\n\n\n\n<figure class=\"wp-block-image size-large\"><a href=\"http:\/\/sasldeh.cluster030.hosting.ovh.net\/wp-content\/uploads\/2022\/08\/IMG-20220708-WA0044.jpg\"><img loading=\"lazy\" decoding=\"async\" width=\"768\" height=\"1024\" data-id=\"327\" src=\"http:\/\/sasldeh.cluster030.hosting.ovh.net\/wp-content\/uploads\/2022\/08\/IMG-20220708-WA0044-768x1024.jpg\" alt=\"\" class=\"wp-image-327\" srcset=\"https:\/\/sasl-des-po.fr\/wp-content\/uploads\/2022\/08\/IMG-20220708-WA0044-768x1024.jpg 768w, https:\/\/sasl-des-po.fr\/wp-content\/uploads\/2022\/08\/IMG-20220708-WA0044-225x300.jpg 225w, https:\/\/sasl-des-po.fr\/wp-content\/uploads\/2022\/08\/IMG-20220708-WA0044-1152x1536.jpg 1152w, https:\/\/sasl-des-po.fr\/wp-content\/uploads\/2022\/08\/IMG-20220708-WA0044.jpg 1500w\" sizes=\"auto, (max-width: 768px) 100vw, 768px\" \/><\/a><\/figure>\n<\/figure>\n\n\n\n<p><\/p>\n\n\n\n<p>Voir aussi : le live Facebook de la pr\u00e9sentation de la conf\u00e9rence<\/p>\n\n\n\n<iframe loading=\"lazy\" src=\"https:\/\/www.facebook.com\/plugins\/video.php?height=314&#038;href=https%3A%2F%2Fwww.facebook.com%2Fsasldespo%2Fvideos%2F757520839022239%2F&#038;show_text=false&#038;width=560&#038;t=0\" width=\"560\" height=\"314\" style=\"border:none;overflow:hidden\" scrolling=\"no\" frameborder=\"0\" allowfullscreen=\"true\" allow=\"autoplay; clipboard-write; encrypted-media; picture-in-picture; web-share\" allowFullScreen=\"true\"><\/iframe>\n\n\n\n<p><\/p>\n\n\n\n<p>Voir aussi : la pr\u00e9sentation de la conf\u00e9rence au micro de Nicolas Caudeville pour \u00ab\u00a0L&rsquo;Achipel contre attaque\u00a0\u00bb :<\/p>\n\n\n\n<iframe loading=\"lazy\" width=\"560\" height=\"315\" src=\"https:\/\/www.youtube.com\/embed\/0wcvexIMvyg\" title=\"YouTube video player\" frameborder=\"0\" allow=\"accelerometer; autoplay; clipboard-write; encrypted-media; gyroscope; picture-in-picture\" allowfullscreen><\/iframe>\n\n\n\n<p><a href=\"http:\/\/l-archipel-contre-attaque.over-blog.fr\/2022\/07\/mme-campana-qui-offre-sur-proposition-de-renaud-semper-choregraphe-qui-a-travaille-sur-differents-themes-latino-americains-et-assurera-la-traduction-des-contenus-une-conference-dansee-le-financee-par-la-sasl-dans-le-cadre-de-l-agenda-culturel-de.h\">http:\/\/l-archipel-contre-attaque.over-blog.fr\/2022\/07\/mme-campana-qui-offre-sur-proposition-de-renaud-semper-choregraphe-qui-a-travaille-sur-differents-themes-latino-americains-et-assurera-la-traduction-des-contenus-une-conference-dansee-le-financee-par-la-sasl-dans-le-cadre-de-l-agenda-culturel-de.h<\/a><\/p>\n","protected":false},"excerpt":{"rendered":"<p>Retrouvez la vid\u00e9o de cet \u00e9v\u00e9nement exceptionnel : Voir aussi : le live Facebook de la pr\u00e9sentation de la conf\u00e9rence Voir aussi : la pr\u00e9sentation de la conf\u00e9rence au micro de Nicolas Caudeville pour \u00ab\u00a0L&rsquo;Achipel contre attaque\u00a0\u00bb : http:\/\/l-archipel-contre-attaque.over-blog.fr\/2022\/07\/mme-campana-qui-offre-sur-proposition-de-renaud-semper-choregraphe-qui-a-travaille-sur-differents-themes-latino-americains-et-assurera-la-traduction-des-contenus-une-conference-dansee-le-financee-par-la-sasl-dans-le-cadre-de-l-agenda-culturel-de.h<\/p>\n","protected":false},"author":1,"featured_media":0,"parent":0,"menu_order":0,"comment_status":"closed","ping_status":"closed","template":"","meta":{"footnotes":""},"class_list":["post-290","page","type-page","status-publish","hentry"],"_links":{"self":[{"href":"https:\/\/sasl-des-po.fr\/index.php\/wp-json\/wp\/v2\/pages\/290","targetHints":{"allow":["GET"]}}],"collection":[{"href":"https:\/\/sasl-des-po.fr\/index.php\/wp-json\/wp\/v2\/pages"}],"about":[{"href":"https:\/\/sasl-des-po.fr\/index.php\/wp-json\/wp\/v2\/types\/page"}],"author":[{"embeddable":true,"href":"https:\/\/sasl-des-po.fr\/index.php\/wp-json\/wp\/v2\/users\/1"}],"replies":[{"embeddable":true,"href":"https:\/\/sasl-des-po.fr\/index.php\/wp-json\/wp\/v2\/comments?post=290"}],"version-history":[{"count":3,"href":"https:\/\/sasl-des-po.fr\/index.php\/wp-json\/wp\/v2\/pages\/290\/revisions"}],"predecessor-version":[{"id":366,"href":"https:\/\/sasl-des-po.fr\/index.php\/wp-json\/wp\/v2\/pages\/290\/revisions\/366"}],"wp:attachment":[{"href":"https:\/\/sasl-des-po.fr\/index.php\/wp-json\/wp\/v2\/media?parent=290"}],"curies":[{"name":"wp","href":"https:\/\/api.w.org\/{rel}","templated":true}]}}