{"id":28,"date":"2022-07-14T22:01:38","date_gmt":"2022-07-14T20:01:38","guid":{"rendered":"http:\/\/sasldeh.cluster030.hosting.ovh.net\/?page_id=28"},"modified":"2024-04-06T18:27:14","modified_gmt":"2024-04-06T16:27:14","slug":"adhesion","status":"publish","type":"page","link":"https:\/\/sasl-des-po.fr\/index.php\/adhesion\/","title":{"rendered":"Adh\u00e9sion"},"content":{"rendered":"\n<p>La cotisation 2024 est fix\u00e9e \u00e0 :<\/p>\n\n\n\n<ul class=\"wp-block-list\">\n<li>Adh\u00e9sion individuelle : 35 \u20ac<\/li>\n\n\n\n<li>Adh\u00e9sion de couple : 50 \u20ac<\/li>\n\n\n\n<li>Tarif \u00e9tudiant et demandeur d&#8217;emploi (sur justificatif) : 10 \u20ac<\/li>\n<\/ul>\n\n\n\n<p>Notre association \u00e9tant reconnue d\u2019int\u00e9r\u00eat g\u00e9n\u00e9ral, l\u2019Etat encourage votre solidarit\u00e9. C\u2019est pour vous l\u2019occasion de donner un autre sens \u00e0 votre imp\u00f4t en alliant votre g\u00e9n\u00e9rosit\u00e9 \u00e0 une forte d\u00e9fiscalisation. En effet si vous \u00eates redevable de l\u2019imp\u00f4t sur le revenu, <strong>vous b\u00e9n\u00e9ficiez d\u2019une d\u00e9duction fiscale de 66% <\/strong>du montant de votre cotisation (\u00e9ventuellement augment\u00e9e d&rsquo;un soutien) dans la limite de 20% de votre revenu imposable.<\/p>\n\n\n\n<hr class=\"wp-block-separator has-alpha-channel-opacity\"\/>\n\n\n\n<p>Nous vous proposons trois modes de paiement&nbsp;:<\/p>\n\n\n\n<ul class=\"wp-block-list\">\n<li>Par carte bancaire via la plateforme Hello Asso : <a href=\"https:\/\/www.helloasso.com\/associations\/societe-agricole-scientifique-et-litteraire-des-pyrenees-orientales\/adhesions\/adhesion-a-la-sasl\">https:\/\/www.helloasso.com\/associations\/societe-agricole-scientifique-et-litteraire-des-pyrenees-orientales\/adhesions\/adhesion-a-la-sasl<\/a><\/li>\n\n\n\n<li>Par virement \u00e0 l\u2019ordre de la SASL. Il vous suffira pour cela de nous retourner par mail le bulletin de cotisation rempli et d&rsquo;effectuer votre virement \u00e0 partir du RIB qui figure sur ledit bulletin.<\/li>\n\n\n\n<li>Par ch\u00e8que \u00e0 l\u2019ordre suivant&nbsp;: \u00ab&nbsp;SASL&nbsp;\u00bb&nbsp;; envoy\u00e9 par lettre au si\u00e8ge de la SASL&nbsp;: Maison des Associations, 52 rue Mar\u00e9chal-Foch 66000 PERPIGNAN. N\u2019oubliez pas de joindre \u00e0 votre envoi le bulletin de cotisation rempli.<\/li>\n<\/ul>\n\n\n\n<p class=\"has-medium-pink-background-color has-background has-large-font-size\"><strong><a href=\"https:\/\/sasldeh.cluster030.hosting.ovh.net\/wp-content\/uploads\/2024\/04\/SASL-Bulletin-de-cotisation-2024.doc\" data-type=\"attachment\" data-id=\"1008\">T\u00e9l\u00e9chargez <u>ici<\/u> le bulletin de cotisation. <\/a><\/strong><\/p>\n\n\n\n<p class=\"has-large-font-size\"><strong>Notre adresse mail : <\/strong><\/p>\n\n\n\n<figure class=\"wp-block-image size-full\"><img loading=\"lazy\" decoding=\"async\" width=\"461\" height=\"40\" src=\"http:\/\/sasldeh.cluster030.hosting.ovh.net\/wp-content\/uploads\/2022\/07\/adresse-courriel-SASL.jpg\" alt=\"\" class=\"wp-image-139\" srcset=\"https:\/\/sasl-des-po.fr\/wp-content\/uploads\/2022\/07\/adresse-courriel-SASL.jpg 461w, https:\/\/sasl-des-po.fr\/wp-content\/uploads\/2022\/07\/adresse-courriel-SASL-300x26.jpg 300w\" sizes=\"auto, (max-width: 461px) 100vw, 461px\" \/><\/figure>\n","protected":false},"excerpt":{"rendered":"<p>La cotisation 2024 est fix\u00e9e \u00e0 : Notre association \u00e9tant reconnue d\u2019int\u00e9r\u00eat g\u00e9n\u00e9ral, l\u2019Etat encourage votre solidarit\u00e9. C\u2019est pour vous l\u2019occasion de donner un autre sens \u00e0 votre imp\u00f4t en alliant votre g\u00e9n\u00e9rosit\u00e9 \u00e0 une forte d\u00e9fiscalisation. En effet si vous \u00eates redevable de l\u2019imp\u00f4t sur le revenu, vous b\u00e9n\u00e9ficiez d\u2019une d\u00e9duction fiscale de 66% &hellip; <a href=\"https:\/\/sasl-des-po.fr\/index.php\/adhesion\/\" class=\"more-link\">Continuer la lecture de <span class=\"screen-reader-text\">Adh\u00e9sion<\/span><\/a><\/p>\n","protected":false},"author":1,"featured_media":0,"parent":0,"menu_order":0,"comment_status":"closed","ping_status":"closed","template":"","meta":{"footnotes":""},"class_list":["post-28","page","type-page","status-publish","hentry"],"_links":{"self":[{"href":"https:\/\/sasl-des-po.fr\/index.php\/wp-json\/wp\/v2\/pages\/28","targetHints":{"allow":["GET"]}}],"collection":[{"href":"https:\/\/sasl-des-po.fr\/index.php\/wp-json\/wp\/v2\/pages"}],"about":[{"href":"https:\/\/sasl-des-po.fr\/index.php\/wp-json\/wp\/v2\/types\/page"}],"author":[{"embeddable":true,"href":"https:\/\/sasl-des-po.fr\/index.php\/wp-json\/wp\/v2\/users\/1"}],"replies":[{"embeddable":true,"href":"https:\/\/sasl-des-po.fr\/index.php\/wp-json\/wp\/v2\/comments?post=28"}],"version-history":[{"count":10,"href":"https:\/\/sasl-des-po.fr\/index.php\/wp-json\/wp\/v2\/pages\/28\/revisions"}],"predecessor-version":[{"id":1010,"href":"https:\/\/sasl-des-po.fr\/index.php\/wp-json\/wp\/v2\/pages\/28\/revisions\/1010"}],"wp:attachment":[{"href":"https:\/\/sasl-des-po.fr\/index.php\/wp-json\/wp\/v2\/media?parent=28"}],"curies":[{"name":"wp","href":"https:\/\/api.w.org\/{rel}","templated":true}]}}