{"id":261,"date":"2022-08-10T10:17:59","date_gmt":"2022-08-10T08:17:59","guid":{"rendered":"http:\/\/sasldeh.cluster030.hosting.ovh.net\/?page_id=261"},"modified":"2022-08-10T10:17:59","modified_gmt":"2022-08-10T08:17:59","slug":"25-mars-2022-17h-18h-la-migraine-dr-marc-bailbe-neurologue-cdm66","status":"publish","type":"page","link":"https:\/\/sasl-des-po.fr\/index.php\/25-mars-2022-17h-18h-la-migraine-dr-marc-bailbe-neurologue-cdm66\/","title":{"rendered":"25 mars 2022 \u2013 17h-18h \u2013 La migraine. Dr Marc Bailb\u00e9, neurologue \/ CDM66"},"content":{"rendered":"\n<p>Depuis l\u2019Antiquit\u00e9 de brillants esprits ont cherch\u00e9 \u00e0 \u00e9tablir la s\u00e9miologie et les m\u00e9canismes de la migraine. L\u2019Histoire a \u00e9t\u00e9 jalonn\u00e9e de migraineux c\u00e9l\u00e8bres comme Jules C\u00e9sar, Jean Calvin ou encore Napol\u00e9on&#8230;<\/p>\n\n\n\n<p>La recherche d\u2019un soulagement faisait invoquer le Dieu Tiu chez les Assyro-Babyloniens. Au Moyen-\u00e2ge \u00e9taient invoqu\u00e9s les saints gu\u00e9risseurs dans la Chr\u00e9tient\u00e9.<\/p>\n\n\n\n<p>Si longtemps, l\u2019arsenal th\u00e9rapeutique se r\u00e9suma au quinquina et au caf\u00e9, aujourd\u2019hui, la migraine est une question de sant\u00e9 publique. Nous savons que sa pr\u00e9valence est de 18 % chez la femme et de 8 % chez l\u2019homme.<\/p>\n\n\n\n<p>C\u2019est donc un tr\u00e8s int\u00e9ressant sujet trait\u00e9 par le Dr. Marc Bailb\u00e9. N\u00e9 \u00e0 Perpignan il y a 53 ans, il a fait des \u00e9tudes de m\u00e9decine \u00e0 Montpellier, interne puis chef de clinique-assistant au CHU de Poitiers dans le service du Pr. Roger Gil. Bien connu des perpignanais, il est install\u00e9 depuis janvier 2002 comme neurologue lib\u00e9ral \u00e0 Perpignan, succ\u00e9dant au Dr. Pierre Huc.<\/p>\n\n\n\n<figure class=\"wp-block-gallery has-nested-images columns-default is-cropped wp-block-gallery-1 is-layout-flex wp-block-gallery-is-layout-flex\">\n<figure class=\"wp-block-image size-full\"><img loading=\"lazy\" decoding=\"async\" width=\"866\" height=\"781\" data-id=\"262\" src=\"http:\/\/sasldeh.cluster030.hosting.ovh.net\/wp-content\/uploads\/2022\/08\/276240003_140314311826478_7669898774925029684_n.png\" alt=\"\" class=\"wp-image-262\" srcset=\"https:\/\/sasl-des-po.fr\/wp-content\/uploads\/2022\/08\/276240003_140314311826478_7669898774925029684_n.png 866w, https:\/\/sasl-des-po.fr\/wp-content\/uploads\/2022\/08\/276240003_140314311826478_7669898774925029684_n-300x271.png 300w, https:\/\/sasl-des-po.fr\/wp-content\/uploads\/2022\/08\/276240003_140314311826478_7669898774925029684_n-768x693.png 768w\" sizes=\"auto, (max-width: 866px) 100vw, 866px\" \/><\/figure>\n<\/figure>\n\n\n\n<figure class=\"wp-block-gallery has-nested-images columns-default is-cropped wp-block-gallery-2 is-layout-flex wp-block-gallery-is-layout-flex\">\n<figure class=\"wp-block-image size-large\"><a href=\"http:\/\/sasldeh.cluster030.hosting.ovh.net\/wp-content\/uploads\/2022\/08\/276150358_140847101773199_4964622781738229750_n.jpg\"><img loading=\"lazy\" decoding=\"async\" width=\"576\" height=\"1024\" data-id=\"263\" src=\"http:\/\/sasldeh.cluster030.hosting.ovh.net\/wp-content\/uploads\/2022\/08\/276150358_140847101773199_4964622781738229750_n-576x1024.jpg\" alt=\"\" class=\"wp-image-263\" srcset=\"https:\/\/sasl-des-po.fr\/wp-content\/uploads\/2022\/08\/276150358_140847101773199_4964622781738229750_n-576x1024.jpg 576w, https:\/\/sasl-des-po.fr\/wp-content\/uploads\/2022\/08\/276150358_140847101773199_4964622781738229750_n-169x300.jpg 169w, https:\/\/sasl-des-po.fr\/wp-content\/uploads\/2022\/08\/276150358_140847101773199_4964622781738229750_n-768x1365.jpg 768w, https:\/\/sasl-des-po.fr\/wp-content\/uploads\/2022\/08\/276150358_140847101773199_4964622781738229750_n-864x1536.jpg 864w, https:\/\/sasl-des-po.fr\/wp-content\/uploads\/2022\/08\/276150358_140847101773199_4964622781738229750_n.jpg 1152w\" sizes=\"auto, (max-width: 576px) 100vw, 576px\" \/><\/a><\/figure>\n\n\n\n<figure class=\"wp-block-image size-large\"><a href=\"http:\/\/sasldeh.cluster030.hosting.ovh.net\/wp-content\/uploads\/2022\/08\/277163008_140846568439919_3787180762651505134_n.jpg\"><img loading=\"lazy\" decoding=\"async\" width=\"576\" height=\"1024\" data-id=\"265\" src=\"http:\/\/sasldeh.cluster030.hosting.ovh.net\/wp-content\/uploads\/2022\/08\/277163008_140846568439919_3787180762651505134_n-576x1024.jpg\" alt=\"\" class=\"wp-image-265\" srcset=\"https:\/\/sasl-des-po.fr\/wp-content\/uploads\/2022\/08\/277163008_140846568439919_3787180762651505134_n-576x1024.jpg 576w, https:\/\/sasl-des-po.fr\/wp-content\/uploads\/2022\/08\/277163008_140846568439919_3787180762651505134_n-169x300.jpg 169w, https:\/\/sasl-des-po.fr\/wp-content\/uploads\/2022\/08\/277163008_140846568439919_3787180762651505134_n-768x1365.jpg 768w, https:\/\/sasl-des-po.fr\/wp-content\/uploads\/2022\/08\/277163008_140846568439919_3787180762651505134_n-864x1536.jpg 864w, https:\/\/sasl-des-po.fr\/wp-content\/uploads\/2022\/08\/277163008_140846568439919_3787180762651505134_n.jpg 1152w\" sizes=\"auto, (max-width: 576px) 100vw, 576px\" \/><\/a><\/figure>\n\n\n\n<figure class=\"wp-block-image size-large\"><a href=\"http:\/\/sasldeh.cluster030.hosting.ovh.net\/wp-content\/uploads\/2022\/08\/IMG-20220325-WA0000.jpg\"><img loading=\"lazy\" decoding=\"async\" width=\"576\" height=\"1024\" data-id=\"264\" src=\"http:\/\/sasldeh.cluster030.hosting.ovh.net\/wp-content\/uploads\/2022\/08\/IMG-20220325-WA0000-576x1024.jpg\" alt=\"\" class=\"wp-image-264\" srcset=\"https:\/\/sasl-des-po.fr\/wp-content\/uploads\/2022\/08\/IMG-20220325-WA0000-576x1024.jpg 576w, https:\/\/sasl-des-po.fr\/wp-content\/uploads\/2022\/08\/IMG-20220325-WA0000-169x300.jpg 169w, https:\/\/sasl-des-po.fr\/wp-content\/uploads\/2022\/08\/IMG-20220325-WA0000-768x1365.jpg 768w, https:\/\/sasl-des-po.fr\/wp-content\/uploads\/2022\/08\/IMG-20220325-WA0000.jpg 792w\" sizes=\"auto, (max-width: 576px) 100vw, 576px\" \/><\/a><\/figure>\n<\/figure>\n","protected":false},"excerpt":{"rendered":"<p>Depuis l\u2019Antiquit\u00e9 de brillants esprits ont cherch\u00e9 \u00e0 \u00e9tablir la s\u00e9miologie et les m\u00e9canismes de la migraine. L\u2019Histoire a \u00e9t\u00e9 jalonn\u00e9e de migraineux c\u00e9l\u00e8bres comme Jules C\u00e9sar, Jean Calvin ou encore Napol\u00e9on&#8230; La recherche d\u2019un soulagement faisait invoquer le Dieu Tiu chez les Assyro-Babyloniens. Au Moyen-\u00e2ge \u00e9taient invoqu\u00e9s les saints gu\u00e9risseurs dans la Chr\u00e9tient\u00e9. Si &hellip; <a href=\"https:\/\/sasl-des-po.fr\/index.php\/25-mars-2022-17h-18h-la-migraine-dr-marc-bailbe-neurologue-cdm66\/\" class=\"more-link\">Continuer la lecture de <span class=\"screen-reader-text\">25 mars 2022 \u2013 17h-18h \u2013 La migraine. Dr Marc Bailb\u00e9, neurologue \/ CDM66<\/span><\/a><\/p>\n","protected":false},"author":1,"featured_media":0,"parent":0,"menu_order":0,"comment_status":"closed","ping_status":"closed","template":"","meta":{"footnotes":""},"class_list":["post-261","page","type-page","status-publish","hentry"],"_links":{"self":[{"href":"https:\/\/sasl-des-po.fr\/index.php\/wp-json\/wp\/v2\/pages\/261","targetHints":{"allow":["GET"]}}],"collection":[{"href":"https:\/\/sasl-des-po.fr\/index.php\/wp-json\/wp\/v2\/pages"}],"about":[{"href":"https:\/\/sasl-des-po.fr\/index.php\/wp-json\/wp\/v2\/types\/page"}],"author":[{"embeddable":true,"href":"https:\/\/sasl-des-po.fr\/index.php\/wp-json\/wp\/v2\/users\/1"}],"replies":[{"embeddable":true,"href":"https:\/\/sasl-des-po.fr\/index.php\/wp-json\/wp\/v2\/comments?post=261"}],"version-history":[{"count":1,"href":"https:\/\/sasl-des-po.fr\/index.php\/wp-json\/wp\/v2\/pages\/261\/revisions"}],"predecessor-version":[{"id":266,"href":"https:\/\/sasl-des-po.fr\/index.php\/wp-json\/wp\/v2\/pages\/261\/revisions\/266"}],"wp:attachment":[{"href":"https:\/\/sasl-des-po.fr\/index.php\/wp-json\/wp\/v2\/media?parent=261"}],"curies":[{"name":"wp","href":"https:\/\/api.w.org\/{rel}","templated":true}]}}