{"id":246,"date":"2022-08-10T10:11:50","date_gmt":"2022-08-10T08:11:50","guid":{"rendered":"http:\/\/sasldeh.cluster030.hosting.ovh.net\/?page_id=246"},"modified":"2022-08-10T10:11:50","modified_gmt":"2022-08-10T08:11:50","slug":"11-mars-2022-17h-18h-le-traite-de-corbeil-barcelone-mai-juillet-1258-contexte-et-enjeux-rodrigue-treton-docteur-en-histoire-cdm66","status":"publish","type":"page","link":"https:\/\/sasl-des-po.fr\/index.php\/11-mars-2022-17h-18h-le-traite-de-corbeil-barcelone-mai-juillet-1258-contexte-et-enjeux-rodrigue-treton-docteur-en-histoire-cdm66\/","title":{"rendered":"11 mars 2022 \u2013 17h-18h \u2013 Le trait\u00e9 de Corbeil-Barcelone (mai-juillet 1258), contexte et enjeux. Rodrigue Tr\u00e9ton, docteur en histoire \/ CDM66"},"content":{"rendered":"\n<p>La conf\u00e9rence portera sur les circonstances politiques ayant pr\u00e9c\u00e9d\u00e9 et concouru \u00e0 la n\u00e9gociation du trait\u00e9 de Corbeil-Barcelone (1258). Ce pacte diplomatique solutionnera le conflit de souverainet\u00e9 territoriale sur les pays de Languedoc et de Catalogne. En effet, il va clore la Croisade contre les Albigeois qui opposa deux grands monarques du XIIIe si\u00e8cle, Jacques Ier d\u2019Aragon et Saint Louis.<\/p>\n\n\n\n<figure class=\"wp-block-image size-large\"><img loading=\"lazy\" decoding=\"async\" width=\"1024\" height=\"353\" src=\"http:\/\/sasldeh.cluster030.hosting.ovh.net\/wp-content\/uploads\/2022\/08\/274707637_135173805673862_8544742510516031754_n-1024x353.jpg\" alt=\"\" class=\"wp-image-247\" srcset=\"https:\/\/sasl-des-po.fr\/wp-content\/uploads\/2022\/08\/274707637_135173805673862_8544742510516031754_n-1024x353.jpg 1024w, https:\/\/sasl-des-po.fr\/wp-content\/uploads\/2022\/08\/274707637_135173805673862_8544742510516031754_n-300x103.jpg 300w, https:\/\/sasl-des-po.fr\/wp-content\/uploads\/2022\/08\/274707637_135173805673862_8544742510516031754_n-768x265.jpg 768w, https:\/\/sasl-des-po.fr\/wp-content\/uploads\/2022\/08\/274707637_135173805673862_8544742510516031754_n.jpg 1280w\" sizes=\"auto, (max-width: 1024px) 100vw, 1024px\" \/><\/figure>\n\n\n\n<figure class=\"wp-block-image size-large\"><a href=\"http:\/\/sasldeh.cluster030.hosting.ovh.net\/wp-content\/uploads\/2022\/08\/274741115_135501515641091_1833306818150608944_n.png\"><img loading=\"lazy\" decoding=\"async\" width=\"1024\" height=\"724\" src=\"http:\/\/sasldeh.cluster030.hosting.ovh.net\/wp-content\/uploads\/2022\/08\/274741115_135501515641091_1833306818150608944_n-1024x724.png\" alt=\"\" class=\"wp-image-248\" srcset=\"https:\/\/sasl-des-po.fr\/wp-content\/uploads\/2022\/08\/274741115_135501515641091_1833306818150608944_n-1024x724.png 1024w, https:\/\/sasl-des-po.fr\/wp-content\/uploads\/2022\/08\/274741115_135501515641091_1833306818150608944_n-300x212.png 300w, https:\/\/sasl-des-po.fr\/wp-content\/uploads\/2022\/08\/274741115_135501515641091_1833306818150608944_n-768x543.png 768w, https:\/\/sasl-des-po.fr\/wp-content\/uploads\/2022\/08\/274741115_135501515641091_1833306818150608944_n.png 1164w\" sizes=\"auto, (max-width: 1024px) 100vw, 1024px\" \/><\/a><\/figure>\n\n\n\n<figure class=\"wp-block-gallery has-nested-images columns-default is-cropped wp-block-gallery-1 is-layout-flex wp-block-gallery-is-layout-flex\">\n<figure class=\"wp-block-image size-large\"><a href=\"http:\/\/sasldeh.cluster030.hosting.ovh.net\/wp-content\/uploads\/2022\/08\/275270093_137684662089443_6473041096467075047_n.jpg\"><img loading=\"lazy\" decoding=\"async\" width=\"1024\" height=\"682\" data-id=\"250\" src=\"http:\/\/sasldeh.cluster030.hosting.ovh.net\/wp-content\/uploads\/2022\/08\/275270093_137684662089443_6473041096467075047_n-1024x682.jpg\" alt=\"\" class=\"wp-image-250\" srcset=\"https:\/\/sasl-des-po.fr\/wp-content\/uploads\/2022\/08\/275270093_137684662089443_6473041096467075047_n-1024x682.jpg 1024w, https:\/\/sasl-des-po.fr\/wp-content\/uploads\/2022\/08\/275270093_137684662089443_6473041096467075047_n-300x200.jpg 300w, https:\/\/sasl-des-po.fr\/wp-content\/uploads\/2022\/08\/275270093_137684662089443_6473041096467075047_n-768x511.jpg 768w, https:\/\/sasl-des-po.fr\/wp-content\/uploads\/2022\/08\/275270093_137684662089443_6473041096467075047_n-1536x1023.jpg 1536w, https:\/\/sasl-des-po.fr\/wp-content\/uploads\/2022\/08\/275270093_137684662089443_6473041096467075047_n.jpg 1930w\" sizes=\"auto, (max-width: 1024px) 100vw, 1024px\" \/><\/a><\/figure>\n\n\n\n<figure class=\"wp-block-image size-large\"><a href=\"http:\/\/sasldeh.cluster030.hosting.ovh.net\/wp-content\/uploads\/2022\/08\/275279903_137684492089460_32462944542261527_n.jpg\"><img loading=\"lazy\" decoding=\"async\" width=\"1024\" height=\"682\" data-id=\"251\" src=\"http:\/\/sasldeh.cluster030.hosting.ovh.net\/wp-content\/uploads\/2022\/08\/275279903_137684492089460_32462944542261527_n-1024x682.jpg\" alt=\"\" class=\"wp-image-251\" srcset=\"https:\/\/sasl-des-po.fr\/wp-content\/uploads\/2022\/08\/275279903_137684492089460_32462944542261527_n-1024x682.jpg 1024w, https:\/\/sasl-des-po.fr\/wp-content\/uploads\/2022\/08\/275279903_137684492089460_32462944542261527_n-300x200.jpg 300w, https:\/\/sasl-des-po.fr\/wp-content\/uploads\/2022\/08\/275279903_137684492089460_32462944542261527_n-768x511.jpg 768w, https:\/\/sasl-des-po.fr\/wp-content\/uploads\/2022\/08\/275279903_137684492089460_32462944542261527_n-1536x1023.jpg 1536w, https:\/\/sasl-des-po.fr\/wp-content\/uploads\/2022\/08\/275279903_137684492089460_32462944542261527_n.jpg 1930w\" sizes=\"auto, (max-width: 1024px) 100vw, 1024px\" \/><\/a><\/figure>\n\n\n\n<figure class=\"wp-block-image size-large\"><a href=\"http:\/\/sasldeh.cluster030.hosting.ovh.net\/wp-content\/uploads\/2022\/08\/275286894_137684788756097_896579123940892232_n.jpg\"><img loading=\"lazy\" decoding=\"async\" width=\"1024\" height=\"682\" data-id=\"252\" src=\"http:\/\/sasldeh.cluster030.hosting.ovh.net\/wp-content\/uploads\/2022\/08\/275286894_137684788756097_896579123940892232_n-1024x682.jpg\" alt=\"\" class=\"wp-image-252\" srcset=\"https:\/\/sasl-des-po.fr\/wp-content\/uploads\/2022\/08\/275286894_137684788756097_896579123940892232_n-1024x682.jpg 1024w, https:\/\/sasl-des-po.fr\/wp-content\/uploads\/2022\/08\/275286894_137684788756097_896579123940892232_n-300x200.jpg 300w, https:\/\/sasl-des-po.fr\/wp-content\/uploads\/2022\/08\/275286894_137684788756097_896579123940892232_n-768x511.jpg 768w, https:\/\/sasl-des-po.fr\/wp-content\/uploads\/2022\/08\/275286894_137684788756097_896579123940892232_n-1536x1023.jpg 1536w, https:\/\/sasl-des-po.fr\/wp-content\/uploads\/2022\/08\/275286894_137684788756097_896579123940892232_n.jpg 1930w\" sizes=\"auto, (max-width: 1024px) 100vw, 1024px\" \/><\/a><\/figure>\n\n\n\n<figure class=\"wp-block-image size-large\"><a href=\"http:\/\/sasldeh.cluster030.hosting.ovh.net\/wp-content\/uploads\/2022\/08\/275385560_137684605422782_6057413144431494629_n.jpg\"><img loading=\"lazy\" decoding=\"async\" width=\"1024\" height=\"682\" data-id=\"254\" src=\"http:\/\/sasldeh.cluster030.hosting.ovh.net\/wp-content\/uploads\/2022\/08\/275385560_137684605422782_6057413144431494629_n-1024x682.jpg\" alt=\"\" class=\"wp-image-254\" srcset=\"https:\/\/sasl-des-po.fr\/wp-content\/uploads\/2022\/08\/275385560_137684605422782_6057413144431494629_n-1024x682.jpg 1024w, https:\/\/sasl-des-po.fr\/wp-content\/uploads\/2022\/08\/275385560_137684605422782_6057413144431494629_n-300x200.jpg 300w, https:\/\/sasl-des-po.fr\/wp-content\/uploads\/2022\/08\/275385560_137684605422782_6057413144431494629_n-768x511.jpg 768w, https:\/\/sasl-des-po.fr\/wp-content\/uploads\/2022\/08\/275385560_137684605422782_6057413144431494629_n-1536x1023.jpg 1536w, https:\/\/sasl-des-po.fr\/wp-content\/uploads\/2022\/08\/275385560_137684605422782_6057413144431494629_n.jpg 1930w\" sizes=\"auto, (max-width: 1024px) 100vw, 1024px\" \/><\/a><\/figure>\n\n\n\n<figure class=\"wp-block-image size-large\"><a href=\"http:\/\/sasldeh.cluster030.hosting.ovh.net\/wp-content\/uploads\/2022\/08\/275491747_137684778756098_3252661967662935893_n.jpg\"><img loading=\"lazy\" decoding=\"async\" width=\"1024\" height=\"682\" data-id=\"249\" src=\"http:\/\/sasldeh.cluster030.hosting.ovh.net\/wp-content\/uploads\/2022\/08\/275491747_137684778756098_3252661967662935893_n-1024x682.jpg\" alt=\"\" class=\"wp-image-249\" srcset=\"https:\/\/sasl-des-po.fr\/wp-content\/uploads\/2022\/08\/275491747_137684778756098_3252661967662935893_n-1024x682.jpg 1024w, https:\/\/sasl-des-po.fr\/wp-content\/uploads\/2022\/08\/275491747_137684778756098_3252661967662935893_n-300x200.jpg 300w, https:\/\/sasl-des-po.fr\/wp-content\/uploads\/2022\/08\/275491747_137684778756098_3252661967662935893_n-768x511.jpg 768w, https:\/\/sasl-des-po.fr\/wp-content\/uploads\/2022\/08\/275491747_137684778756098_3252661967662935893_n-1536x1023.jpg 1536w, https:\/\/sasl-des-po.fr\/wp-content\/uploads\/2022\/08\/275491747_137684778756098_3252661967662935893_n.jpg 1930w\" sizes=\"auto, (max-width: 1024px) 100vw, 1024px\" \/><\/a><\/figure>\n\n\n\n<figure class=\"wp-block-image size-large\"><a href=\"http:\/\/sasldeh.cluster030.hosting.ovh.net\/wp-content\/uploads\/2022\/08\/275544341_137684518756124_7200957832350143111_n.jpg\"><img loading=\"lazy\" decoding=\"async\" width=\"1024\" height=\"682\" data-id=\"255\" src=\"http:\/\/sasldeh.cluster030.hosting.ovh.net\/wp-content\/uploads\/2022\/08\/275544341_137684518756124_7200957832350143111_n-1024x682.jpg\" alt=\"\" class=\"wp-image-255\" srcset=\"https:\/\/sasl-des-po.fr\/wp-content\/uploads\/2022\/08\/275544341_137684518756124_7200957832350143111_n-1024x682.jpg 1024w, https:\/\/sasl-des-po.fr\/wp-content\/uploads\/2022\/08\/275544341_137684518756124_7200957832350143111_n-300x200.jpg 300w, https:\/\/sasl-des-po.fr\/wp-content\/uploads\/2022\/08\/275544341_137684518756124_7200957832350143111_n-768x511.jpg 768w, https:\/\/sasl-des-po.fr\/wp-content\/uploads\/2022\/08\/275544341_137684518756124_7200957832350143111_n-1536x1023.jpg 1536w, https:\/\/sasl-des-po.fr\/wp-content\/uploads\/2022\/08\/275544341_137684518756124_7200957832350143111_n.jpg 1930w\" sizes=\"auto, (max-width: 1024px) 100vw, 1024px\" \/><\/a><\/figure>\n\n\n\n<figure class=\"wp-block-image size-large\"><a href=\"http:\/\/sasldeh.cluster030.hosting.ovh.net\/wp-content\/uploads\/2022\/08\/275551565_137684612089448_6168781557968017174_n.jpg\"><img loading=\"lazy\" decoding=\"async\" width=\"1024\" height=\"682\" data-id=\"256\" src=\"http:\/\/sasldeh.cluster030.hosting.ovh.net\/wp-content\/uploads\/2022\/08\/275551565_137684612089448_6168781557968017174_n-1024x682.jpg\" alt=\"\" class=\"wp-image-256\" srcset=\"https:\/\/sasl-des-po.fr\/wp-content\/uploads\/2022\/08\/275551565_137684612089448_6168781557968017174_n-1024x682.jpg 1024w, https:\/\/sasl-des-po.fr\/wp-content\/uploads\/2022\/08\/275551565_137684612089448_6168781557968017174_n-300x200.jpg 300w, https:\/\/sasl-des-po.fr\/wp-content\/uploads\/2022\/08\/275551565_137684612089448_6168781557968017174_n-768x511.jpg 768w, https:\/\/sasl-des-po.fr\/wp-content\/uploads\/2022\/08\/275551565_137684612089448_6168781557968017174_n-1536x1023.jpg 1536w, https:\/\/sasl-des-po.fr\/wp-content\/uploads\/2022\/08\/275551565_137684612089448_6168781557968017174_n.jpg 1930w\" sizes=\"auto, (max-width: 1024px) 100vw, 1024px\" \/><\/a><\/figure>\n\n\n\n<figure class=\"wp-block-image size-large\"><a href=\"http:\/\/sasldeh.cluster030.hosting.ovh.net\/wp-content\/uploads\/2022\/08\/275555880_137684515422791_5418750398802253968_n.jpg\"><img loading=\"lazy\" decoding=\"async\" width=\"1024\" height=\"682\" data-id=\"257\" src=\"http:\/\/sasldeh.cluster030.hosting.ovh.net\/wp-content\/uploads\/2022\/08\/275555880_137684515422791_5418750398802253968_n-1024x682.jpg\" alt=\"\" class=\"wp-image-257\" srcset=\"https:\/\/sasl-des-po.fr\/wp-content\/uploads\/2022\/08\/275555880_137684515422791_5418750398802253968_n-1024x682.jpg 1024w, https:\/\/sasl-des-po.fr\/wp-content\/uploads\/2022\/08\/275555880_137684515422791_5418750398802253968_n-300x200.jpg 300w, https:\/\/sasl-des-po.fr\/wp-content\/uploads\/2022\/08\/275555880_137684515422791_5418750398802253968_n-768x511.jpg 768w, https:\/\/sasl-des-po.fr\/wp-content\/uploads\/2022\/08\/275555880_137684515422791_5418750398802253968_n-1536x1023.jpg 1536w, https:\/\/sasl-des-po.fr\/wp-content\/uploads\/2022\/08\/275555880_137684515422791_5418750398802253968_n.jpg 1930w\" sizes=\"auto, (max-width: 1024px) 100vw, 1024px\" \/><\/a><\/figure>\n\n\n\n<figure class=\"wp-block-image size-large\"><a href=\"http:\/\/sasldeh.cluster030.hosting.ovh.net\/wp-content\/uploads\/2022\/08\/275730027_137684608756115_4447580932819410600_n.jpg\"><img loading=\"lazy\" decoding=\"async\" width=\"1024\" height=\"682\" data-id=\"258\" src=\"http:\/\/sasldeh.cluster030.hosting.ovh.net\/wp-content\/uploads\/2022\/08\/275730027_137684608756115_4447580932819410600_n-1024x682.jpg\" alt=\"\" class=\"wp-image-258\" srcset=\"https:\/\/sasl-des-po.fr\/wp-content\/uploads\/2022\/08\/275730027_137684608756115_4447580932819410600_n-1024x682.jpg 1024w, https:\/\/sasl-des-po.fr\/wp-content\/uploads\/2022\/08\/275730027_137684608756115_4447580932819410600_n-300x200.jpg 300w, https:\/\/sasl-des-po.fr\/wp-content\/uploads\/2022\/08\/275730027_137684608756115_4447580932819410600_n-768x511.jpg 768w, https:\/\/sasl-des-po.fr\/wp-content\/uploads\/2022\/08\/275730027_137684608756115_4447580932819410600_n-1536x1023.jpg 1536w, https:\/\/sasl-des-po.fr\/wp-content\/uploads\/2022\/08\/275730027_137684608756115_4447580932819410600_n.jpg 1930w\" sizes=\"auto, (max-width: 1024px) 100vw, 1024px\" \/><\/a><\/figure>\n<\/figure>\n","protected":false},"excerpt":{"rendered":"<p>La conf\u00e9rence portera sur les circonstances politiques ayant pr\u00e9c\u00e9d\u00e9 et concouru \u00e0 la n\u00e9gociation du trait\u00e9 de Corbeil-Barcelone (1258). Ce pacte diplomatique solutionnera le conflit de souverainet\u00e9 territoriale sur les pays de Languedoc et de Catalogne. En effet, il va clore la Croisade contre les Albigeois qui opposa deux grands monarques du XIIIe si\u00e8cle, Jacques &hellip; <a href=\"https:\/\/sasl-des-po.fr\/index.php\/11-mars-2022-17h-18h-le-traite-de-corbeil-barcelone-mai-juillet-1258-contexte-et-enjeux-rodrigue-treton-docteur-en-histoire-cdm66\/\" class=\"more-link\">Continuer la lecture de <span class=\"screen-reader-text\">11 mars 2022 \u2013 17h-18h \u2013 Le trait\u00e9 de Corbeil-Barcelone (mai-juillet 1258), contexte et enjeux. Rodrigue Tr\u00e9ton, docteur en histoire \/ CDM66<\/span><\/a><\/p>\n","protected":false},"author":1,"featured_media":0,"parent":0,"menu_order":0,"comment_status":"closed","ping_status":"closed","template":"","meta":{"footnotes":""},"class_list":["post-246","page","type-page","status-publish","hentry"],"_links":{"self":[{"href":"https:\/\/sasl-des-po.fr\/index.php\/wp-json\/wp\/v2\/pages\/246","targetHints":{"allow":["GET"]}}],"collection":[{"href":"https:\/\/sasl-des-po.fr\/index.php\/wp-json\/wp\/v2\/pages"}],"about":[{"href":"https:\/\/sasl-des-po.fr\/index.php\/wp-json\/wp\/v2\/types\/page"}],"author":[{"embeddable":true,"href":"https:\/\/sasl-des-po.fr\/index.php\/wp-json\/wp\/v2\/users\/1"}],"replies":[{"embeddable":true,"href":"https:\/\/sasl-des-po.fr\/index.php\/wp-json\/wp\/v2\/comments?post=246"}],"version-history":[{"count":1,"href":"https:\/\/sasl-des-po.fr\/index.php\/wp-json\/wp\/v2\/pages\/246\/revisions"}],"predecessor-version":[{"id":259,"href":"https:\/\/sasl-des-po.fr\/index.php\/wp-json\/wp\/v2\/pages\/246\/revisions\/259"}],"wp:attachment":[{"href":"https:\/\/sasl-des-po.fr\/index.php\/wp-json\/wp\/v2\/media?parent=246"}],"curies":[{"name":"wp","href":"https:\/\/api.w.org\/{rel}","templated":true}]}}