{"id":22,"date":"2022-07-14T22:01:38","date_gmt":"2022-07-14T20:01:38","guid":{"rendered":"http:\/\/sasldeh.cluster030.hosting.ovh.net\/?page_id=22"},"modified":"2022-07-15T01:24:02","modified_gmt":"2022-07-14T23:24:02","slug":"histoire-de-la-societe","status":"publish","type":"page","link":"https:\/\/sasl-des-po.fr\/index.php\/histoire-de-la-societe\/","title":{"rendered":"Histoire de la Soci\u00e9t\u00e9"},"content":{"rendered":"\n<div class=\"wp-block-group is-vertical is-layout-flex wp-container-core-group-is-layout-8cf370e7 wp-block-group-is-layout-flex\">\n<p><strong>1\u00b0) Extrait de \u00ab\u00a0Les Soci\u00e9t\u00e9s Savantes\u00a0\u00bb, Henri Guiter. pp.351-358.<\/strong><\/p>\n\n\n\n<p><strong>Actes du 100e Congr\u00e8s national des soci\u00e9t\u00e9s savantes, Paris 1975<\/strong><\/p>\n<\/div>\n\n\n\n<figure class=\"wp-block-image size-full\"><img loading=\"lazy\" decoding=\"async\" width=\"653\" height=\"1024\" src=\"http:\/\/sasldeh.cluster030.hosting.ovh.net\/wp-content\/uploads\/2022\/07\/004.jpg\" alt=\"\" class=\"wp-image-74\" srcset=\"https:\/\/sasl-des-po.fr\/wp-content\/uploads\/2022\/07\/004.jpg 653w, https:\/\/sasl-des-po.fr\/wp-content\/uploads\/2022\/07\/004-191x300.jpg 191w\" sizes=\"auto, (max-width: 653px) 100vw, 653px\" \/><\/figure>\n\n\n\n<figure class=\"wp-block-image size-full\"><img loading=\"lazy\" decoding=\"async\" width=\"658\" height=\"1024\" src=\"http:\/\/sasldeh.cluster030.hosting.ovh.net\/wp-content\/uploads\/2022\/07\/005.jpg\" alt=\"\" class=\"wp-image-75\" srcset=\"https:\/\/sasl-des-po.fr\/wp-content\/uploads\/2022\/07\/005.jpg 658w, https:\/\/sasl-des-po.fr\/wp-content\/uploads\/2022\/07\/005-193x300.jpg 193w\" sizes=\"auto, (max-width: 658px) 100vw, 658px\" \/><\/figure>\n\n\n\n<figure class=\"wp-block-image size-full\"><img loading=\"lazy\" decoding=\"async\" width=\"658\" height=\"1024\" src=\"http:\/\/sasldeh.cluster030.hosting.ovh.net\/wp-content\/uploads\/2022\/07\/006.jpg\" alt=\"\" class=\"wp-image-76\" srcset=\"https:\/\/sasl-des-po.fr\/wp-content\/uploads\/2022\/07\/006.jpg 658w, https:\/\/sasl-des-po.fr\/wp-content\/uploads\/2022\/07\/006-193x300.jpg 193w\" sizes=\"auto, (max-width: 658px) 100vw, 658px\" \/><\/figure>\n\n\n\n<figure class=\"wp-block-image size-full\"><img loading=\"lazy\" decoding=\"async\" width=\"648\" height=\"1024\" src=\"http:\/\/sasldeh.cluster030.hosting.ovh.net\/wp-content\/uploads\/2022\/07\/007.jpg\" alt=\"\" class=\"wp-image-77\" srcset=\"https:\/\/sasl-des-po.fr\/wp-content\/uploads\/2022\/07\/007.jpg 648w, https:\/\/sasl-des-po.fr\/wp-content\/uploads\/2022\/07\/007-190x300.jpg 190w\" sizes=\"auto, (max-width: 648px) 100vw, 648px\" \/><\/figure>\n\n\n\n<figure class=\"wp-block-image size-full\"><img loading=\"lazy\" decoding=\"async\" width=\"648\" height=\"1024\" src=\"http:\/\/sasldeh.cluster030.hosting.ovh.net\/wp-content\/uploads\/2022\/07\/008.jpg\" alt=\"\" class=\"wp-image-78\" srcset=\"https:\/\/sasl-des-po.fr\/wp-content\/uploads\/2022\/07\/008.jpg 648w, https:\/\/sasl-des-po.fr\/wp-content\/uploads\/2022\/07\/008-190x300.jpg 190w\" sizes=\"auto, (max-width: 648px) 100vw, 648px\" \/><\/figure>\n\n\n\n<figure class=\"wp-block-image size-full\"><img loading=\"lazy\" decoding=\"async\" width=\"633\" height=\"1024\" src=\"http:\/\/sasldeh.cluster030.hosting.ovh.net\/wp-content\/uploads\/2022\/07\/010-1.jpg\" alt=\"\" class=\"wp-image-81\" srcset=\"https:\/\/sasl-des-po.fr\/wp-content\/uploads\/2022\/07\/010-1.jpg 633w, https:\/\/sasl-des-po.fr\/wp-content\/uploads\/2022\/07\/010-1-185x300.jpg 185w\" sizes=\"auto, (max-width: 633px) 100vw, 633px\" \/><\/figure>\n\n\n\n<figure class=\"wp-block-image size-full\"><img loading=\"lazy\" decoding=\"async\" width=\"1024\" height=\"849\" src=\"http:\/\/sasldeh.cluster030.hosting.ovh.net\/wp-content\/uploads\/2022\/07\/011.jpg\" alt=\"\" class=\"wp-image-83\" srcset=\"https:\/\/sasl-des-po.fr\/wp-content\/uploads\/2022\/07\/011.jpg 1024w, https:\/\/sasl-des-po.fr\/wp-content\/uploads\/2022\/07\/011-300x249.jpg 300w, https:\/\/sasl-des-po.fr\/wp-content\/uploads\/2022\/07\/011-768x637.jpg 768w\" sizes=\"auto, (max-width: 1024px) 100vw, 1024px\" \/><\/figure>\n\n\n\n<p><strong>2\u00b0)\u00a0Extrait de \u00ab\u00a0Aux origines de la S.A.S.L.\u00a0\u00bb Philippe Rosset. pp.25-34, 93\u00e8me volume 1985.<\/strong><\/p>\n\n\n\n<figure class=\"wp-block-image size-large\"><img loading=\"lazy\" decoding=\"async\" width=\"673\" height=\"1024\" src=\"http:\/\/sasldeh.cluster030.hosting.ovh.net\/wp-content\/uploads\/2022\/07\/17-673x1024.jpg\" alt=\"\" class=\"wp-image-84\" srcset=\"https:\/\/sasl-des-po.fr\/wp-content\/uploads\/2022\/07\/17-673x1024.jpg 673w, https:\/\/sasl-des-po.fr\/wp-content\/uploads\/2022\/07\/17-197x300.jpg 197w, https:\/\/sasl-des-po.fr\/wp-content\/uploads\/2022\/07\/17-768x1169.jpg 768w, https:\/\/sasl-des-po.fr\/wp-content\/uploads\/2022\/07\/17.jpg 862w\" sizes=\"auto, (max-width: 673px) 100vw, 673px\" \/><\/figure>\n\n\n\n<figure class=\"wp-block-image size-large\"><img loading=\"lazy\" decoding=\"async\" width=\"619\" height=\"1024\" src=\"http:\/\/sasldeh.cluster030.hosting.ovh.net\/wp-content\/uploads\/2022\/07\/18-619x1024.jpg\" alt=\"\" class=\"wp-image-85\" srcset=\"https:\/\/sasl-des-po.fr\/wp-content\/uploads\/2022\/07\/18-619x1024.jpg 619w, https:\/\/sasl-des-po.fr\/wp-content\/uploads\/2022\/07\/18-181x300.jpg 181w, https:\/\/sasl-des-po.fr\/wp-content\/uploads\/2022\/07\/18-768x1271.jpg 768w, https:\/\/sasl-des-po.fr\/wp-content\/uploads\/2022\/07\/18.jpg 847w\" sizes=\"auto, (max-width: 619px) 100vw, 619px\" \/><\/figure>\n\n\n\n<figure class=\"wp-block-image size-large\"><img loading=\"lazy\" decoding=\"async\" width=\"622\" height=\"1024\" src=\"http:\/\/sasldeh.cluster030.hosting.ovh.net\/wp-content\/uploads\/2022\/07\/19-622x1024.jpg\" alt=\"\" class=\"wp-image-86\" srcset=\"https:\/\/sasl-des-po.fr\/wp-content\/uploads\/2022\/07\/19-622x1024.jpg 622w, https:\/\/sasl-des-po.fr\/wp-content\/uploads\/2022\/07\/19-182x300.jpg 182w, https:\/\/sasl-des-po.fr\/wp-content\/uploads\/2022\/07\/19-768x1265.jpg 768w, https:\/\/sasl-des-po.fr\/wp-content\/uploads\/2022\/07\/19.jpg 847w\" sizes=\"auto, (max-width: 622px) 100vw, 622px\" \/><\/figure>\n\n\n\n<figure class=\"wp-block-image size-large\"><img loading=\"lazy\" decoding=\"async\" width=\"616\" height=\"1024\" src=\"http:\/\/sasldeh.cluster030.hosting.ovh.net\/wp-content\/uploads\/2022\/07\/20-616x1024.jpg\" alt=\"\" class=\"wp-image-87\" srcset=\"https:\/\/sasl-des-po.fr\/wp-content\/uploads\/2022\/07\/20-616x1024.jpg 616w, https:\/\/sasl-des-po.fr\/wp-content\/uploads\/2022\/07\/20-181x300.jpg 181w, https:\/\/sasl-des-po.fr\/wp-content\/uploads\/2022\/07\/20-768x1276.jpg 768w, https:\/\/sasl-des-po.fr\/wp-content\/uploads\/2022\/07\/20.jpg 841w\" sizes=\"auto, (max-width: 616px) 100vw, 616px\" \/><\/figure>\n\n\n\n<figure class=\"wp-block-image size-large\"><img loading=\"lazy\" decoding=\"async\" width=\"620\" height=\"1024\" src=\"http:\/\/sasldeh.cluster030.hosting.ovh.net\/wp-content\/uploads\/2022\/07\/21-620x1024.jpg\" alt=\"\" class=\"wp-image-88\" srcset=\"https:\/\/sasl-des-po.fr\/wp-content\/uploads\/2022\/07\/21-620x1024.jpg 620w, https:\/\/sasl-des-po.fr\/wp-content\/uploads\/2022\/07\/21-182x300.jpg 182w, https:\/\/sasl-des-po.fr\/wp-content\/uploads\/2022\/07\/21-768x1269.jpg 768w, https:\/\/sasl-des-po.fr\/wp-content\/uploads\/2022\/07\/21.jpg 847w\" sizes=\"auto, (max-width: 620px) 100vw, 620px\" \/><\/figure>\n\n\n\n<figure class=\"wp-block-image size-large\"><img loading=\"lazy\" decoding=\"async\" width=\"627\" height=\"1024\" src=\"http:\/\/sasldeh.cluster030.hosting.ovh.net\/wp-content\/uploads\/2022\/07\/22-627x1024.jpg\" alt=\"\" class=\"wp-image-89\" srcset=\"https:\/\/sasl-des-po.fr\/wp-content\/uploads\/2022\/07\/22-627x1024.jpg 627w, https:\/\/sasl-des-po.fr\/wp-content\/uploads\/2022\/07\/22-184x300.jpg 184w, https:\/\/sasl-des-po.fr\/wp-content\/uploads\/2022\/07\/22-768x1255.jpg 768w, https:\/\/sasl-des-po.fr\/wp-content\/uploads\/2022\/07\/22.jpg 855w\" sizes=\"auto, (max-width: 627px) 100vw, 627px\" \/><\/figure>\n\n\n\n<figure class=\"wp-block-image size-large\"><img loading=\"lazy\" decoding=\"async\" width=\"620\" height=\"1024\" src=\"http:\/\/sasldeh.cluster030.hosting.ovh.net\/wp-content\/uploads\/2022\/07\/23-620x1024.jpg\" alt=\"\" class=\"wp-image-90\" srcset=\"https:\/\/sasl-des-po.fr\/wp-content\/uploads\/2022\/07\/23-620x1024.jpg 620w, https:\/\/sasl-des-po.fr\/wp-content\/uploads\/2022\/07\/23-182x300.jpg 182w, https:\/\/sasl-des-po.fr\/wp-content\/uploads\/2022\/07\/23-768x1268.jpg 768w, https:\/\/sasl-des-po.fr\/wp-content\/uploads\/2022\/07\/23.jpg 855w\" sizes=\"auto, (max-width: 620px) 100vw, 620px\" \/><\/figure>\n\n\n\n<figure class=\"wp-block-image size-full\"><img loading=\"lazy\" decoding=\"async\" width=\"848\" height=\"352\" src=\"http:\/\/sasldeh.cluster030.hosting.ovh.net\/wp-content\/uploads\/2022\/07\/24.jpg\" alt=\"\" class=\"wp-image-91\" srcset=\"https:\/\/sasl-des-po.fr\/wp-content\/uploads\/2022\/07\/24.jpg 848w, https:\/\/sasl-des-po.fr\/wp-content\/uploads\/2022\/07\/24-300x125.jpg 300w, https:\/\/sasl-des-po.fr\/wp-content\/uploads\/2022\/07\/24-768x319.jpg 768w\" sizes=\"auto, (max-width: 848px) 100vw, 848px\" \/><\/figure>\n\n\n\n<figure class=\"wp-block-image size-large\"><img loading=\"lazy\" decoding=\"async\" width=\"749\" height=\"1024\" src=\"http:\/\/sasldeh.cluster030.hosting.ovh.net\/wp-content\/uploads\/2022\/07\/25-749x1024.jpg\" alt=\"\" class=\"wp-image-92\" srcset=\"https:\/\/sasl-des-po.fr\/wp-content\/uploads\/2022\/07\/25-749x1024.jpg 749w, https:\/\/sasl-des-po.fr\/wp-content\/uploads\/2022\/07\/25-219x300.jpg 219w, https:\/\/sasl-des-po.fr\/wp-content\/uploads\/2022\/07\/25-768x1050.jpg 768w, https:\/\/sasl-des-po.fr\/wp-content\/uploads\/2022\/07\/25.jpg 854w\" sizes=\"auto, (max-width: 749px) 100vw, 749px\" \/><\/figure>\n\n\n\n<figure class=\"wp-block-image size-full\"><img loading=\"lazy\" decoding=\"async\" width=\"847\" height=\"620\" src=\"http:\/\/sasldeh.cluster030.hosting.ovh.net\/wp-content\/uploads\/2022\/07\/26.jpg\" alt=\"\" class=\"wp-image-93\" srcset=\"https:\/\/sasl-des-po.fr\/wp-content\/uploads\/2022\/07\/26.jpg 847w, https:\/\/sasl-des-po.fr\/wp-content\/uploads\/2022\/07\/26-300x220.jpg 300w, https:\/\/sasl-des-po.fr\/wp-content\/uploads\/2022\/07\/26-768x562.jpg 768w\" sizes=\"auto, (max-width: 847px) 100vw, 847px\" \/><\/figure>\n\n\n\n<p><strong>3\u00b0)\u00a0Extrait de Belledent, F.G.: \u201cLa ville et le pouvoir intellectuel : les soci\u00e9t\u00e9s savantes au XIXe si\u00e8cle\u201d,\u00a0<em>La ville et les pouvoirs<\/em>, ICRECS-Presses Universitaires de Perpignan, 2000, p. 479-485<\/strong>.<\/p>\n\n\n\n<figure class=\"wp-block-image size-large\"><img loading=\"lazy\" decoding=\"async\" width=\"693\" height=\"1024\" src=\"http:\/\/sasldeh.cluster030.hosting.ovh.net\/wp-content\/uploads\/2022\/07\/09-693x1024.jpg\" alt=\"\" class=\"wp-image-94\" srcset=\"https:\/\/sasl-des-po.fr\/wp-content\/uploads\/2022\/07\/09-693x1024.jpg 693w, https:\/\/sasl-des-po.fr\/wp-content\/uploads\/2022\/07\/09-203x300.jpg 203w, https:\/\/sasl-des-po.fr\/wp-content\/uploads\/2022\/07\/09-768x1135.jpg 768w, https:\/\/sasl-des-po.fr\/wp-content\/uploads\/2022\/07\/09.jpg 1025w\" sizes=\"auto, (max-width: 693px) 100vw, 693px\" \/><\/figure>\n\n\n\n<figure class=\"wp-block-image size-large\"><img loading=\"lazy\" decoding=\"async\" width=\"641\" height=\"1024\" src=\"http:\/\/sasldeh.cluster030.hosting.ovh.net\/wp-content\/uploads\/2022\/07\/10-641x1024.jpg\" alt=\"\" class=\"wp-image-95\" srcset=\"https:\/\/sasl-des-po.fr\/wp-content\/uploads\/2022\/07\/10-641x1024.jpg 641w, https:\/\/sasl-des-po.fr\/wp-content\/uploads\/2022\/07\/10-188x300.jpg 188w, https:\/\/sasl-des-po.fr\/wp-content\/uploads\/2022\/07\/10-768x1228.jpg 768w, https:\/\/sasl-des-po.fr\/wp-content\/uploads\/2022\/07\/10-961x1536.jpg 961w, https:\/\/sasl-des-po.fr\/wp-content\/uploads\/2022\/07\/10.jpg 1011w\" sizes=\"auto, (max-width: 641px) 100vw, 641px\" \/><\/figure>\n\n\n\n<figure class=\"wp-block-image size-large\"><img loading=\"lazy\" decoding=\"async\" width=\"644\" height=\"1024\" src=\"http:\/\/sasldeh.cluster030.hosting.ovh.net\/wp-content\/uploads\/2022\/07\/11-644x1024.jpg\" alt=\"\" class=\"wp-image-96\" srcset=\"https:\/\/sasl-des-po.fr\/wp-content\/uploads\/2022\/07\/11-644x1024.jpg 644w, https:\/\/sasl-des-po.fr\/wp-content\/uploads\/2022\/07\/11-189x300.jpg 189w, https:\/\/sasl-des-po.fr\/wp-content\/uploads\/2022\/07\/11-768x1221.jpg 768w, https:\/\/sasl-des-po.fr\/wp-content\/uploads\/2022\/07\/11-966x1536.jpg 966w, https:\/\/sasl-des-po.fr\/wp-content\/uploads\/2022\/07\/11.jpg 1018w\" sizes=\"auto, (max-width: 644px) 100vw, 644px\" \/><\/figure>\n\n\n\n<figure class=\"wp-block-image size-large\"><img loading=\"lazy\" decoding=\"async\" width=\"633\" height=\"1024\" src=\"http:\/\/sasldeh.cluster030.hosting.ovh.net\/wp-content\/uploads\/2022\/07\/12-633x1024.jpg\" alt=\"\" class=\"wp-image-97\" srcset=\"https:\/\/sasl-des-po.fr\/wp-content\/uploads\/2022\/07\/12-633x1024.jpg 633w, https:\/\/sasl-des-po.fr\/wp-content\/uploads\/2022\/07\/12-185x300.jpg 185w, https:\/\/sasl-des-po.fr\/wp-content\/uploads\/2022\/07\/12-768x1242.jpg 768w, https:\/\/sasl-des-po.fr\/wp-content\/uploads\/2022\/07\/12-950x1536.jpg 950w, https:\/\/sasl-des-po.fr\/wp-content\/uploads\/2022\/07\/12.jpg 1014w\" sizes=\"auto, (max-width: 633px) 100vw, 633px\" \/><\/figure>\n\n\n\n<figure class=\"wp-block-image size-large\"><img loading=\"lazy\" decoding=\"async\" width=\"647\" height=\"1024\" src=\"http:\/\/sasldeh.cluster030.hosting.ovh.net\/wp-content\/uploads\/2022\/07\/13-647x1024.jpg\" alt=\"\" class=\"wp-image-98\" srcset=\"https:\/\/sasl-des-po.fr\/wp-content\/uploads\/2022\/07\/13-647x1024.jpg 647w, https:\/\/sasl-des-po.fr\/wp-content\/uploads\/2022\/07\/13-190x300.jpg 190w, https:\/\/sasl-des-po.fr\/wp-content\/uploads\/2022\/07\/13-768x1215.jpg 768w, https:\/\/sasl-des-po.fr\/wp-content\/uploads\/2022\/07\/13-971x1536.jpg 971w, https:\/\/sasl-des-po.fr\/wp-content\/uploads\/2022\/07\/13.jpg 1023w\" sizes=\"auto, (max-width: 647px) 100vw, 647px\" \/><\/figure>\n\n\n\n<figure class=\"wp-block-image size-large\"><img loading=\"lazy\" decoding=\"async\" width=\"657\" height=\"1024\" src=\"http:\/\/sasldeh.cluster030.hosting.ovh.net\/wp-content\/uploads\/2022\/07\/15-657x1024.jpg\" alt=\"\" class=\"wp-image-99\" srcset=\"https:\/\/sasl-des-po.fr\/wp-content\/uploads\/2022\/07\/15-657x1024.jpg 657w, https:\/\/sasl-des-po.fr\/wp-content\/uploads\/2022\/07\/15-193x300.jpg 193w, https:\/\/sasl-des-po.fr\/wp-content\/uploads\/2022\/07\/15-768x1196.jpg 768w, https:\/\/sasl-des-po.fr\/wp-content\/uploads\/2022\/07\/15-986x1536.jpg 986w, https:\/\/sasl-des-po.fr\/wp-content\/uploads\/2022\/07\/15.jpg 1056w\" sizes=\"auto, (max-width: 657px) 100vw, 657px\" \/><\/figure>\n\n\n\n<figure class=\"wp-block-image size-large\"><img loading=\"lazy\" decoding=\"async\" width=\"990\" height=\"1024\" src=\"http:\/\/sasldeh.cluster030.hosting.ovh.net\/wp-content\/uploads\/2022\/07\/16-990x1024.jpg\" alt=\"\" class=\"wp-image-100\" srcset=\"https:\/\/sasl-des-po.fr\/wp-content\/uploads\/2022\/07\/16-990x1024.jpg 990w, https:\/\/sasl-des-po.fr\/wp-content\/uploads\/2022\/07\/16-290x300.jpg 290w, https:\/\/sasl-des-po.fr\/wp-content\/uploads\/2022\/07\/16-768x794.jpg 768w, https:\/\/sasl-des-po.fr\/wp-content\/uploads\/2022\/07\/16.jpg 1031w\" sizes=\"auto, (max-width: 990px) 100vw, 990px\" \/><\/figure>\n\n\n\n<p><strong><strong>4\u00b0)\u00a0Extrait de \u00ab\u00a0M\u00e9langes Roussillonnais\u00a0\u00bb Fernand-G\u00e9rard Belledent.<em>\u00a0La c\u00e9l\u00e9bration du centenaire de la S.A.S.L.<\/em>\u00a0en 1933. 112\u00e8me volume, 2005.<\/strong><\/strong><\/p>\n\n\n\n<figure class=\"wp-block-image size-full is-resized\"><img loading=\"lazy\" decoding=\"async\" src=\"http:\/\/sasldeh.cluster030.hosting.ovh.net\/wp-content\/uploads\/2022\/07\/41.jpg\" alt=\"\" class=\"wp-image-101\" width=\"554\" height=\"255\" srcset=\"https:\/\/sasl-des-po.fr\/wp-content\/uploads\/2022\/07\/41.jpg 554w, https:\/\/sasl-des-po.fr\/wp-content\/uploads\/2022\/07\/41-300x138.jpg 300w\" sizes=\"auto, (max-width: 554px) 100vw, 554px\" \/><\/figure>\n\n\n\n<figure class=\"wp-block-image size-large\"><img loading=\"lazy\" decoding=\"async\" width=\"610\" height=\"1024\" src=\"http:\/\/sasldeh.cluster030.hosting.ovh.net\/wp-content\/uploads\/2022\/07\/03-610x1024.jpg\" alt=\"\" class=\"wp-image-104\" srcset=\"https:\/\/sasl-des-po.fr\/wp-content\/uploads\/2022\/07\/03-610x1024.jpg 610w, https:\/\/sasl-des-po.fr\/wp-content\/uploads\/2022\/07\/03-179x300.jpg 179w, https:\/\/sasl-des-po.fr\/wp-content\/uploads\/2022\/07\/03-768x1289.jpg 768w, https:\/\/sasl-des-po.fr\/wp-content\/uploads\/2022\/07\/03-915x1536.jpg 915w, https:\/\/sasl-des-po.fr\/wp-content\/uploads\/2022\/07\/03-1220x2048.jpg 1220w, https:\/\/sasl-des-po.fr\/wp-content\/uploads\/2022\/07\/03.jpg 1239w\" sizes=\"auto, (max-width: 610px) 100vw, 610px\" \/><\/figure>\n\n\n\n<p><\/p>\n\n\n\n<figure class=\"wp-block-image size-large\"><img loading=\"lazy\" decoding=\"async\" width=\"614\" height=\"1024\" src=\"http:\/\/sasldeh.cluster030.hosting.ovh.net\/wp-content\/uploads\/2022\/07\/04-614x1024.jpg\" alt=\"\" class=\"wp-image-105\" srcset=\"https:\/\/sasl-des-po.fr\/wp-content\/uploads\/2022\/07\/04-614x1024.jpg 614w, https:\/\/sasl-des-po.fr\/wp-content\/uploads\/2022\/07\/04-180x300.jpg 180w, https:\/\/sasl-des-po.fr\/wp-content\/uploads\/2022\/07\/04-768x1281.jpg 768w, https:\/\/sasl-des-po.fr\/wp-content\/uploads\/2022\/07\/04-921x1536.jpg 921w, https:\/\/sasl-des-po.fr\/wp-content\/uploads\/2022\/07\/04-1228x2048.jpg 1228w, https:\/\/sasl-des-po.fr\/wp-content\/uploads\/2022\/07\/04.jpg 1230w\" sizes=\"auto, (max-width: 614px) 100vw, 614px\" \/><\/figure>\n\n\n\n<figure class=\"wp-block-image size-large\"><img loading=\"lazy\" decoding=\"async\" width=\"601\" height=\"1024\" src=\"http:\/\/sasldeh.cluster030.hosting.ovh.net\/wp-content\/uploads\/2022\/07\/05-601x1024.jpg\" alt=\"\" class=\"wp-image-106\" srcset=\"https:\/\/sasl-des-po.fr\/wp-content\/uploads\/2022\/07\/05-601x1024.jpg 601w, https:\/\/sasl-des-po.fr\/wp-content\/uploads\/2022\/07\/05-176x300.jpg 176w, https:\/\/sasl-des-po.fr\/wp-content\/uploads\/2022\/07\/05-768x1308.jpg 768w, https:\/\/sasl-des-po.fr\/wp-content\/uploads\/2022\/07\/05-902x1536.jpg 902w, https:\/\/sasl-des-po.fr\/wp-content\/uploads\/2022\/07\/05-1202x2048.jpg 1202w, https:\/\/sasl-des-po.fr\/wp-content\/uploads\/2022\/07\/05.jpg 1204w\" sizes=\"auto, (max-width: 601px) 100vw, 601px\" \/><\/figure>\n\n\n\n<figure class=\"wp-block-image size-large\"><img loading=\"lazy\" decoding=\"async\" width=\"600\" height=\"1024\" src=\"http:\/\/sasldeh.cluster030.hosting.ovh.net\/wp-content\/uploads\/2022\/07\/06-600x1024.jpg\" alt=\"\" class=\"wp-image-107\" srcset=\"https:\/\/sasl-des-po.fr\/wp-content\/uploads\/2022\/07\/06-600x1024.jpg 600w, https:\/\/sasl-des-po.fr\/wp-content\/uploads\/2022\/07\/06-176x300.jpg 176w, https:\/\/sasl-des-po.fr\/wp-content\/uploads\/2022\/07\/06-768x1310.jpg 768w, https:\/\/sasl-des-po.fr\/wp-content\/uploads\/2022\/07\/06-900x1536.jpg 900w, https:\/\/sasl-des-po.fr\/wp-content\/uploads\/2022\/07\/06-1201x2048.jpg 1201w, https:\/\/sasl-des-po.fr\/wp-content\/uploads\/2022\/07\/06.jpg 1203w\" sizes=\"auto, (max-width: 600px) 100vw, 600px\" \/><\/figure>\n\n\n\n<figure class=\"wp-block-image size-large\"><img loading=\"lazy\" decoding=\"async\" width=\"587\" height=\"1024\" src=\"http:\/\/sasldeh.cluster030.hosting.ovh.net\/wp-content\/uploads\/2022\/07\/07-587x1024.jpg\" alt=\"\" class=\"wp-image-108\" srcset=\"https:\/\/sasl-des-po.fr\/wp-content\/uploads\/2022\/07\/07-587x1024.jpg 587w, https:\/\/sasl-des-po.fr\/wp-content\/uploads\/2022\/07\/07-172x300.jpg 172w, https:\/\/sasl-des-po.fr\/wp-content\/uploads\/2022\/07\/07-768x1339.jpg 768w, https:\/\/sasl-des-po.fr\/wp-content\/uploads\/2022\/07\/07-881x1536.jpg 881w, https:\/\/sasl-des-po.fr\/wp-content\/uploads\/2022\/07\/07-1175x2048.jpg 1175w, https:\/\/sasl-des-po.fr\/wp-content\/uploads\/2022\/07\/07.jpg 1191w\" sizes=\"auto, (max-width: 587px) 100vw, 587px\" \/><\/figure>\n\n\n\n<figure class=\"wp-block-image size-large\"><img loading=\"lazy\" decoding=\"async\" width=\"591\" height=\"1024\" src=\"http:\/\/sasldeh.cluster030.hosting.ovh.net\/wp-content\/uploads\/2022\/07\/08-591x1024.jpg\" alt=\"\" class=\"wp-image-109\" srcset=\"https:\/\/sasl-des-po.fr\/wp-content\/uploads\/2022\/07\/08-591x1024.jpg 591w, https:\/\/sasl-des-po.fr\/wp-content\/uploads\/2022\/07\/08-173x300.jpg 173w, https:\/\/sasl-des-po.fr\/wp-content\/uploads\/2022\/07\/08-768x1330.jpg 768w, https:\/\/sasl-des-po.fr\/wp-content\/uploads\/2022\/07\/08-887x1536.jpg 887w, https:\/\/sasl-des-po.fr\/wp-content\/uploads\/2022\/07\/08-1183x2048.jpg 1183w, https:\/\/sasl-des-po.fr\/wp-content\/uploads\/2022\/07\/08.jpg 1185w\" sizes=\"auto, (max-width: 591px) 100vw, 591px\" \/><\/figure>\n","protected":false},"excerpt":{"rendered":"<p>1\u00b0) Extrait de \u00ab\u00a0Les Soci\u00e9t\u00e9s Savantes\u00a0\u00bb, Henri Guiter. pp.351-358. Actes du 100e Congr\u00e8s national des soci\u00e9t\u00e9s savantes, Paris 1975 2\u00b0)\u00a0Extrait de \u00ab\u00a0Aux origines de la S.A.S.L.\u00a0\u00bb Philippe Rosset. pp.25-34, 93\u00e8me volume 1985. 3\u00b0)\u00a0Extrait de Belledent, F.G.: \u201cLa ville et le pouvoir intellectuel : les soci\u00e9t\u00e9s savantes au XIXe si\u00e8cle\u201d,\u00a0La ville et les pouvoirs, ICRECS-Presses Universitaires &hellip; <a href=\"https:\/\/sasl-des-po.fr\/index.php\/histoire-de-la-societe\/\" class=\"more-link\">Continuer la lecture de <span class=\"screen-reader-text\">Histoire de la Soci\u00e9t\u00e9<\/span><\/a><\/p>\n","protected":false},"author":1,"featured_media":0,"parent":0,"menu_order":0,"comment_status":"closed","ping_status":"closed","template":"","meta":{"footnotes":""},"class_list":["post-22","page","type-page","status-publish","hentry"],"_links":{"self":[{"href":"https:\/\/sasl-des-po.fr\/index.php\/wp-json\/wp\/v2\/pages\/22","targetHints":{"allow":["GET"]}}],"collection":[{"href":"https:\/\/sasl-des-po.fr\/index.php\/wp-json\/wp\/v2\/pages"}],"about":[{"href":"https:\/\/sasl-des-po.fr\/index.php\/wp-json\/wp\/v2\/types\/page"}],"author":[{"embeddable":true,"href":"https:\/\/sasl-des-po.fr\/index.php\/wp-json\/wp\/v2\/users\/1"}],"replies":[{"embeddable":true,"href":"https:\/\/sasl-des-po.fr\/index.php\/wp-json\/wp\/v2\/comments?post=22"}],"version-history":[{"count":3,"href":"https:\/\/sasl-des-po.fr\/index.php\/wp-json\/wp\/v2\/pages\/22\/revisions"}],"predecessor-version":[{"id":110,"href":"https:\/\/sasl-des-po.fr\/index.php\/wp-json\/wp\/v2\/pages\/22\/revisions\/110"}],"wp:attachment":[{"href":"https:\/\/sasl-des-po.fr\/index.php\/wp-json\/wp\/v2\/media?parent=22"}],"curies":[{"name":"wp","href":"https:\/\/api.w.org\/{rel}","templated":true}]}}