{"id":213,"date":"2022-08-10T09:49:33","date_gmt":"2022-08-10T07:49:33","guid":{"rendered":"http:\/\/sasldeh.cluster030.hosting.ovh.net\/?page_id=213"},"modified":"2022-08-10T09:56:40","modified_gmt":"2022-08-10T07:56:40","slug":"213-2","status":"publish","type":"page","link":"https:\/\/sasl-des-po.fr\/index.php\/213-2\/","title":{"rendered":"17 d\u00e9cembre 2021 \u2013 17h \u2013 Le Pessebre unique de Sant Vicens : cr\u00e9ation, \u00e9volution. Claire Bauby-Gasparian, c\u00e9ramiste \/ Ev\u00e9nement en ligne"},"content":{"rendered":"\n<p>Le Pessebre de Sant Vicens c&rsquo;est plus de 500 santons cr\u00e9s par Conrad PARIS et conserv\u00e9s \u00e0 Sant Vicens par la famille BAUBY.<\/p>\n\n\n\n<p>Retrouvez la vid\u00e9o de la conf\u00e9rence sur notre cha\u00eene Youtube : https:\/\/youtu.be\/kxSWyPD6nCI<\/p>\n\n\n\n<figure class=\"wp-block-image size-large\"><a href=\"http:\/\/sasldeh.cluster030.hosting.ovh.net\/wp-content\/uploads\/2022\/08\/268441686_114861441038432_5093236266109186450_n.jpg\"><img loading=\"lazy\" decoding=\"async\" width=\"1024\" height=\"440\" src=\"http:\/\/sasldeh.cluster030.hosting.ovh.net\/wp-content\/uploads\/2022\/08\/268441686_114861441038432_5093236266109186450_n-1024x440.jpg\" alt=\"\" class=\"wp-image-217\" srcset=\"https:\/\/sasl-des-po.fr\/wp-content\/uploads\/2022\/08\/268441686_114861441038432_5093236266109186450_n-1024x440.jpg 1024w, https:\/\/sasl-des-po.fr\/wp-content\/uploads\/2022\/08\/268441686_114861441038432_5093236266109186450_n-300x129.jpg 300w, https:\/\/sasl-des-po.fr\/wp-content\/uploads\/2022\/08\/268441686_114861441038432_5093236266109186450_n-768x330.jpg 768w, https:\/\/sasl-des-po.fr\/wp-content\/uploads\/2022\/08\/268441686_114861441038432_5093236266109186450_n-1536x661.jpg 1536w, https:\/\/sasl-des-po.fr\/wp-content\/uploads\/2022\/08\/268441686_114861441038432_5093236266109186450_n.jpg 1902w\" sizes=\"auto, (max-width: 1024px) 100vw, 1024px\" \/><\/a><figcaption>Premi\u00e8re conf\u00e9rence en vid\u00e9o \u00e0 cause du COVID, donc cr\u00e9ation d&rsquo;une cha\u00eene Youtube pour la SASL des P-O !<\/figcaption><\/figure>\n\n\n\n<figure class=\"wp-block-image size-full\"><img loading=\"lazy\" decoding=\"async\" width=\"909\" height=\"523\" src=\"http:\/\/sasldeh.cluster030.hosting.ovh.net\/wp-content\/uploads\/2022\/08\/265187564_113224027868840_612137486575952977_n.jpg\" alt=\"\" class=\"wp-image-218\" srcset=\"https:\/\/sasl-des-po.fr\/wp-content\/uploads\/2022\/08\/265187564_113224027868840_612137486575952977_n.jpg 909w, https:\/\/sasl-des-po.fr\/wp-content\/uploads\/2022\/08\/265187564_113224027868840_612137486575952977_n-300x173.jpg 300w, https:\/\/sasl-des-po.fr\/wp-content\/uploads\/2022\/08\/265187564_113224027868840_612137486575952977_n-768x442.jpg 768w\" sizes=\"auto, (max-width: 909px) 100vw, 909px\" \/><\/figure>\n\n\n\n<figure class=\"wp-block-image size-full\"><img loading=\"lazy\" decoding=\"async\" width=\"904\" height=\"511\" src=\"http:\/\/sasldeh.cluster030.hosting.ovh.net\/wp-content\/uploads\/2022\/08\/266384219_114338151090761_4616177106253022939_n.jpg\" alt=\"\" class=\"wp-image-219\" srcset=\"https:\/\/sasl-des-po.fr\/wp-content\/uploads\/2022\/08\/266384219_114338151090761_4616177106253022939_n.jpg 904w, https:\/\/sasl-des-po.fr\/wp-content\/uploads\/2022\/08\/266384219_114338151090761_4616177106253022939_n-300x170.jpg 300w, https:\/\/sasl-des-po.fr\/wp-content\/uploads\/2022\/08\/266384219_114338151090761_4616177106253022939_n-768x434.jpg 768w\" sizes=\"auto, (max-width: 904px) 100vw, 904px\" \/><\/figure>\n\n\n\n<figure class=\"wp-block-image size-full\"><img loading=\"lazy\" decoding=\"async\" width=\"904\" height=\"507\" src=\"http:\/\/sasldeh.cluster030.hosting.ovh.net\/wp-content\/uploads\/2022\/08\/266449726_113224104535499_1278436926515376672_n.jpg\" alt=\"\" class=\"wp-image-220\" srcset=\"https:\/\/sasl-des-po.fr\/wp-content\/uploads\/2022\/08\/266449726_113224104535499_1278436926515376672_n.jpg 904w, https:\/\/sasl-des-po.fr\/wp-content\/uploads\/2022\/08\/266449726_113224104535499_1278436926515376672_n-300x168.jpg 300w, https:\/\/sasl-des-po.fr\/wp-content\/uploads\/2022\/08\/266449726_113224104535499_1278436926515376672_n-768x431.jpg 768w\" sizes=\"auto, (max-width: 904px) 100vw, 904px\" \/><\/figure>\n\n\n\n<figure class=\"wp-block-image size-full\"><img loading=\"lazy\" decoding=\"async\" width=\"919\" height=\"509\" src=\"http:\/\/sasldeh.cluster030.hosting.ovh.net\/wp-content\/uploads\/2022\/08\/266592306_113224107868832_3458855266307496876_n.jpg\" alt=\"\" class=\"wp-image-221\" srcset=\"https:\/\/sasl-des-po.fr\/wp-content\/uploads\/2022\/08\/266592306_113224107868832_3458855266307496876_n.jpg 919w, https:\/\/sasl-des-po.fr\/wp-content\/uploads\/2022\/08\/266592306_113224107868832_3458855266307496876_n-300x166.jpg 300w, https:\/\/sasl-des-po.fr\/wp-content\/uploads\/2022\/08\/266592306_113224107868832_3458855266307496876_n-768x425.jpg 768w\" sizes=\"auto, (max-width: 919px) 100vw, 919px\" \/><\/figure>\n\n\n\n<figure class=\"wp-block-image size-full\"><img loading=\"lazy\" decoding=\"async\" width=\"906\" height=\"517\" src=\"http:\/\/sasldeh.cluster030.hosting.ovh.net\/wp-content\/uploads\/2022\/08\/267698630_114338124424097_5077316965242439950_n-1.jpg\" alt=\"\" class=\"wp-image-222\" srcset=\"https:\/\/sasl-des-po.fr\/wp-content\/uploads\/2022\/08\/267698630_114338124424097_5077316965242439950_n-1.jpg 906w, https:\/\/sasl-des-po.fr\/wp-content\/uploads\/2022\/08\/267698630_114338124424097_5077316965242439950_n-1-300x171.jpg 300w, https:\/\/sasl-des-po.fr\/wp-content\/uploads\/2022\/08\/267698630_114338124424097_5077316965242439950_n-1-768x438.jpg 768w\" sizes=\"auto, (max-width: 906px) 100vw, 906px\" \/><\/figure>\n\n\n\n<figure class=\"wp-block-image size-full\"><img loading=\"lazy\" decoding=\"async\" width=\"911\" height=\"511\" src=\"http:\/\/sasldeh.cluster030.hosting.ovh.net\/wp-content\/uploads\/2022\/08\/267773194_114338121090764_2582302949067854640_n.jpg\" alt=\"\" class=\"wp-image-223\" srcset=\"https:\/\/sasl-des-po.fr\/wp-content\/uploads\/2022\/08\/267773194_114338121090764_2582302949067854640_n.jpg 911w, https:\/\/sasl-des-po.fr\/wp-content\/uploads\/2022\/08\/267773194_114338121090764_2582302949067854640_n-300x168.jpg 300w, https:\/\/sasl-des-po.fr\/wp-content\/uploads\/2022\/08\/267773194_114338121090764_2582302949067854640_n-768x431.jpg 768w\" sizes=\"auto, (max-width: 911px) 100vw, 911px\" \/><\/figure>\n\n\n\n<figure class=\"wp-block-image size-full\"><img loading=\"lazy\" decoding=\"async\" width=\"911\" height=\"520\" src=\"http:\/\/sasldeh.cluster030.hosting.ovh.net\/wp-content\/uploads\/2022\/08\/267858176_114338147757428_7601487437714273984_n.jpg\" alt=\"\" class=\"wp-image-224\" srcset=\"https:\/\/sasl-des-po.fr\/wp-content\/uploads\/2022\/08\/267858176_114338147757428_7601487437714273984_n.jpg 911w, https:\/\/sasl-des-po.fr\/wp-content\/uploads\/2022\/08\/267858176_114338147757428_7601487437714273984_n-300x171.jpg 300w, https:\/\/sasl-des-po.fr\/wp-content\/uploads\/2022\/08\/267858176_114338147757428_7601487437714273984_n-768x438.jpg 768w\" sizes=\"auto, (max-width: 911px) 100vw, 911px\" \/><\/figure>\n\n\n\n<figure class=\"wp-block-image size-full\"><img loading=\"lazy\" decoding=\"async\" width=\"906\" height=\"517\" src=\"http:\/\/sasldeh.cluster030.hosting.ovh.net\/wp-content\/uploads\/2022\/08\/268277000_114338154424094_5579347678010961463_n.jpg\" alt=\"\" class=\"wp-image-225\" srcset=\"https:\/\/sasl-des-po.fr\/wp-content\/uploads\/2022\/08\/268277000_114338154424094_5579347678010961463_n.jpg 906w, https:\/\/sasl-des-po.fr\/wp-content\/uploads\/2022\/08\/268277000_114338154424094_5579347678010961463_n-300x171.jpg 300w, https:\/\/sasl-des-po.fr\/wp-content\/uploads\/2022\/08\/268277000_114338154424094_5579347678010961463_n-768x438.jpg 768w\" sizes=\"auto, (max-width: 906px) 100vw, 906px\" \/><\/figure>\n","protected":false},"excerpt":{"rendered":"<p>Le Pessebre de Sant Vicens c&rsquo;est plus de 500 santons cr\u00e9s par Conrad PARIS et conserv\u00e9s \u00e0 Sant Vicens par la famille BAUBY. Retrouvez la vid\u00e9o de la conf\u00e9rence sur notre cha\u00eene Youtube : https:\/\/youtu.be\/kxSWyPD6nCI<\/p>\n","protected":false},"author":1,"featured_media":0,"parent":0,"menu_order":0,"comment_status":"closed","ping_status":"closed","template":"","meta":{"footnotes":""},"class_list":["post-213","page","type-page","status-publish","hentry"],"_links":{"self":[{"href":"https:\/\/sasl-des-po.fr\/index.php\/wp-json\/wp\/v2\/pages\/213","targetHints":{"allow":["GET"]}}],"collection":[{"href":"https:\/\/sasl-des-po.fr\/index.php\/wp-json\/wp\/v2\/pages"}],"about":[{"href":"https:\/\/sasl-des-po.fr\/index.php\/wp-json\/wp\/v2\/types\/page"}],"author":[{"embeddable":true,"href":"https:\/\/sasl-des-po.fr\/index.php\/wp-json\/wp\/v2\/users\/1"}],"replies":[{"embeddable":true,"href":"https:\/\/sasl-des-po.fr\/index.php\/wp-json\/wp\/v2\/comments?post=213"}],"version-history":[{"count":4,"href":"https:\/\/sasl-des-po.fr\/index.php\/wp-json\/wp\/v2\/pages\/213\/revisions"}],"predecessor-version":[{"id":226,"href":"https:\/\/sasl-des-po.fr\/index.php\/wp-json\/wp\/v2\/pages\/213\/revisions\/226"}],"wp:attachment":[{"href":"https:\/\/sasl-des-po.fr\/index.php\/wp-json\/wp\/v2\/media?parent=213"}],"curies":[{"name":"wp","href":"https:\/\/api.w.org\/{rel}","templated":true}]}}