{"id":21,"date":"2022-07-14T22:01:38","date_gmt":"2022-07-14T20:01:38","guid":{"rendered":"http:\/\/sasldeh.cluster030.hosting.ovh.net\/?page_id=21"},"modified":"2024-04-21T19:27:29","modified_gmt":"2024-04-21T17:27:29","slug":"agenda-culturel-2022-2023","status":"publish","type":"page","link":"https:\/\/sasl-des-po.fr\/index.php\/agenda-culturel-2022-2023\/","title":{"rendered":"Agenda culturel 2023-2024"},"content":{"rendered":"\n<p class=\"has-medium-pink-background-color has-background\"><strong><a href=\"http:\/\/sasldeh.cluster030.hosting.ovh.net\/wp-content\/uploads\/2023\/07\/SASL-Programme-2023-2024.pdf\" data-type=\"attachment\" data-id=\"784\">T\u00e9l\u00e9charger le programme imprimable en PDF.<\/a><\/strong><\/p>\n\n\n\n<p><strong>7 &nbsp;juillet 2023<\/strong> \u2013 21h \u2013 <strong><em>Sur les traces de Prosper M\u00e9rim\u00e9e<\/em><\/strong> (parcours th\u00e9\u00e2tralis\u00e9 dans le centre ancien). Clarisse Requena, docteur \u00e8s lettres, en collaboration avec le Temps du Costume Roussillonnais \/ Perpignan, d\u00e9part place Gambetta.<\/p>\n\n\n\n<p><strong>29 juillet 2023<\/strong> \u2013 18h \u2013 <strong><em>Loi Stratae et loi Camini et Strate, deux articles des Usages mill\u00e9naires de Barcelone qui persistent \u00e0 r\u00e9gir les chemins des Pyr\u00e9n\u00e9es-Orientales<\/em><\/strong>. Michel Bougain, avocat honoraire et historien \/ Ille-sur-Tet, Espace M\u00e9rim\u00e9e\/Maison du Comte, 4 rue du Jeu de Paume<\/p>\n\n\n\n<p><strong>4 ao\u00fbt 2023<\/strong> \u2013 10h <strong>\u2013 <em>1828-2023&nbsp;: deux si\u00e8cles de recherches \u00e0 la Caune de l\u2019Arago <\/em><\/strong>(visite du Centre Europ\u00e9en de Recherches Pr\u00e9historiques de Tautavel)<em>. <\/em>Cl\u00e9ment M\u00e9nard, directeur du Centre \/ Tautavel, avenue L\u00e9on-Jean Gr\u00e9gory<\/p>\n\n\n\n<p><strong>8 septembre 2023<\/strong> \u2013 17h30 <strong>\u2013 <em>Le style n\u00e9o-catalan dans la construction en Roussillon et Conflent (1910-1940)<\/em><\/strong><em>. <\/em>Laurent Fonquernie, historien, et R\u00e9gis P\u00e9ricot, architecte \/ Perpignan, Hall Guy Mal\u00e9*<\/p>\n\n\n\n<p><strong>28 septembre 2023<\/strong> \u2013 18h30 <strong>\u2013<\/strong><strong> <\/strong><strong><em>La \u00ab&nbsp;Bande des artistes roussillonnais&nbsp;\u00bb \u00e0 Fontfroide<\/em><\/strong><em>. <\/em>Fr\u00e9d\u00e9ric Sabatini, historien de l\u2019art \/ Perpignan, M\u00e9diath\u00e8que*<\/p>\n\n\n\n<p><strong>13 octobre 2023<\/strong> \u2013 17h30 <strong>\u2013 <em>L\u2019\u00e9glise abbatiale Sant Quirc de Colera. L\u2019architecture confront\u00e9e \u00e0 la documentation \u00e9crite<\/em><\/strong><em>. <\/em>Andr\u00e9 Bonnery, docteur d\u2019\u00c9tat, historien \/ Perpignan, Hall Guy Mal\u00e9*<\/p>\n\n\n\n<p><strong>21 octobre 2023<\/strong> \u2013 15h <strong>\u2013 Pr\u00e9sentation publique du Bulletin 2022-2023 de la SASL \u2013 Actes des Journ\u00e9es d\u2019\u00c9tudes 2022 en hommage \u00e0 Anny de Pous. <\/strong>En pr\u00e9sence des auteurs \/ Am\u00e9lie-les-Bains Palalda, H\u00f4tel Le Roussillon, 37 avenue Beausoleil<\/p>\n\n\n\n<p><strong>26 octobre 2023<\/strong> \u2013 18h30 <strong>\u2013 <em>Femmes dipl\u00f4m\u00e9es et couples dans les classes populaires<\/em><\/strong><em>. <\/em>Roxanne Maurice, dipl\u00f4m\u00e9e de master \/ Perpignan, M\u00e9diath\u00e8que*<\/p>\n\n\n\n<p><strong>24 novembre 2023<\/strong> \u2013 17h30 <strong>\u2013<\/strong><strong> <\/strong><strong><em>Mise en place d&rsquo;une aire marine prot\u00e9g\u00e9e : quels effets \u00e9cologiques sur la biodiversit\u00e9 marine et les activit\u00e9s humaines ?<\/em><\/strong><em> <\/em>Philippe Lenfant, professeur d\u2019Universit\u00e9 \/ Perpignan, Hall Guy Mal\u00e9*<\/p>\n\n\n\n<p><strong>15 d\u00e9cembre 2023<\/strong> \u2013 17h30 <strong>\u2013<\/strong><strong> <\/strong><strong><em>La fronti\u00e8re franco-hispanique, entre d\u00e9fense et passage&nbsp;: strat\u00e9gies familiales, collectives et individuelles (des ann\u00e9es 1560 aux ann\u00e9es 1630-1640)<\/em><\/strong>.<em> <\/em>Galdric Vidal, doctorant en histoire \/ Perpignan, Hall Guy Mal\u00e9*<\/p>\n\n\n\n<p><strong>12 janvier 2024<\/strong> \u2013 17h30 <strong>\u2013<\/strong><strong> <\/strong><strong><em>L\u2019ascension de la famille Xanxo, marchands de Perpignan (1470-1530)<\/em><\/strong>.<em> <\/em>Bernard Desclaux, doctorant en histoire \/ Perpignan, Hall Guy Mal\u00e9*<\/p>\n\n\n\n<p><strong>25 janvier 2024<\/strong> \u2013 18h30 <strong>\u2013<\/strong><strong> <\/strong><strong><em>L\u2019enseignement du dessin \u00e0 Perpignan au XIXe si\u00e8cle<\/em><\/strong>.<em> <\/em>Aurore Toureille, docteur en histoire de l\u2019art \/ Perpignan, M\u00e9diath\u00e8que*<\/p>\n\n\n\n<p><strong>9 f\u00e9vrier 2024<\/strong> \u2013 17h30 <strong>\u2013 <em>La vie quotidienne \u00e0 bord des navires dans l\u2019Antiquit\u00e9 gr\u00e9co-romaine<\/em><\/strong>.<em> <\/em>Marie-Pierre J\u00e9z\u00e9gou, ing\u00e9nieure d\u2019\u00e9tudes au D\u00e9partement des recherches arch\u00e9ologiques subaquatiques et sous-marines \/ Perpignan, Hall Guy Mal\u00e9*<\/p>\n\n\n\n<p><strong>29 f\u00e9vrier 2024<\/strong> \u2013 18h30 <strong>\u2013<\/strong><strong> <\/strong><strong><em>L\u2019histoire du Roussillon&nbsp;: mythes, mensonges et parano<\/em><\/strong>.<em> <\/em>Alain Ayats, historien \/ Perpignan, M\u00e9diath\u00e8que*<\/p>\n\n\n\n<p><strong>8 mars 2024<\/strong> \u2013 17h30 <strong>\u2013<\/strong><strong> <\/strong><strong><em>Hist<\/em><\/strong><strong><em>\u00f2<\/em><\/strong><strong><em>ria i llegenda. Els fonaments hist<\/em><\/strong><strong><em>\u00f2<\/em><\/strong><strong><em>rics del corpus llegendari de l&rsquo;Alt Conflent, de la Cerdanya i del Capcir <\/em><\/strong>(conf\u00e9rence en catalan).<em> <\/em>Andr\u00e9 Balent, historien, et Didier Payr\u00e9, enseignant \/ Perpignan, Hall Guy Mal\u00e9*<\/p>\n\n\n\n<p><strong>15 mars 2024<\/strong> \u2013 18h00 <strong>\u2013<\/strong><strong> <\/strong><strong><em>Robert Rius (1914-1944) et le surr\u00e9alisme. Des mots aux \u0153uvres <\/em><\/strong>(dans le cadre du Printemps des Po\u00e8tes).<em> <\/em>Rose-H\u00e9l\u00e8ne Ich\u00e9, journaliste et historienne de l\u2019art \/ Perpignan, H\u00f4tel Pams*<\/p>\n\n\n\n<p><strong>29 mars 2024<\/strong> \u2013 17h30 <strong>\u2013<\/strong><strong>&nbsp;<\/strong><strong><em>Nouvelles donn\u00e9es autour de la Via Domitia en Roussillon (2012-2023)<\/em><\/strong>.<em> <\/em>Georges Castellvi, J\u00e9r\u00f4me Kotarba, C\u00e9line Jandot, arch\u00e9ologues \/ Perpignan, Hall Guy Mal\u00e9*<\/p>\n\n\n\n<p><strong>4 avril 2024<\/strong> \u2013 18h30 <strong>\u2013<\/strong><strong>&nbsp;<\/strong><strong><em>Le portique d\u2019entr\u00e9e de l\u2019\u00e9glise Saint-Jacques&nbsp;: une \u0153uvre de l\u2019architecte de Pons Descoyl&nbsp;?<\/em><\/strong> Ninon Roques, doctorante en histoire de l\u2019art \/ Perpignan, M\u00e9diath\u00e8que*<\/p>\n\n\n\n<p><strong>12 avril 2024<\/strong> \u2013 17h30 <strong>\u2013<\/strong><strong>&nbsp;<\/strong><strong><em>R\u00e0dios lliures a Catalunya del Nord, l\u2019aventura sonora de 1977 a 1987<\/em><\/strong>. Esteve Vaills, auteur et r\u00e9dacteur de presse \/ Perpignan, Hall Guy Mal\u00e9*<\/p>\n\n\n\n<p><strong>26 avril 2024<\/strong> \u2013 17h30 <strong>\u2013<\/strong><strong>&nbsp;<\/strong><strong><em>Biodiversit\u00e9 marine des Pyr\u00e9n\u00e9es-Orientales et esp\u00e8ces non indig\u00e8nes&nbsp;: d\u00e9m\u00ealons le vrai du faux<\/em><\/strong>. Pascal Romans, conservateur du Biodiversarium, Observatoire Oc\u00e9anologique de Banyuls \/ Perpignan, Hall Guy Mal\u00e9*<\/p>\n\n\n\n<p><strong>24 mai 2024<\/strong> \u2013 17h30 <strong>\u2013<\/strong><strong>&nbsp;<\/strong><strong><em>Fran\u00e7ois Millet i Catal\u00e0, une \u00ab&nbsp;vie oubli\u00e9e&nbsp;\u00bb \u00e0 Perpignan au XVIIe si\u00e8cle<\/em><\/strong>. Aurian Meunier, doctorant en histoire \/ Perpignan, Hall Guy Mal\u00e9*<\/p>\n\n\n\n<p><strong>7 juin 2024<\/strong> \u2013 17h30 <strong>\u2013<\/strong><strong>&nbsp;<\/strong><strong><em>De l\u2019Atlantique \u00e0 la M\u00e9diterran\u00e9e&nbsp;: gen\u00e8se(s), actualit\u00e9(s) et perspective(s) d\u2019une Pr\u00e9histoire ancienne au Nord des Pyr\u00e9n\u00e9es<\/em><\/strong>. Justin Guibert, doctorant en pr\u00e9histoire \/ Perpignan, Hall Guy Mal\u00e9*<\/p>\n\n\n\n<p><strong>28 juin 2024<\/strong> \u2013 17h30 <strong>\u2013&nbsp;<em>Crimes de mis\u00e8res et crimes contre les m\u0153urs&nbsp;: femmes victimes ou criminelles dans la premi\u00e8re moiti\u00e9 du XVIIIe si\u00e8cle en Roussillon<\/em><\/strong>. L\u00e9onard Grenier, dipl\u00f4m\u00e9 de master \/ Perpignan, Hall Guy Mal\u00e9*<\/p>\n\n\n\n<hr class=\"wp-block-separator has-text-color has-dark-gray-color has-alpha-channel-opacity has-dark-gray-background-color has-background is-style-wide\"\/>\n\n\n\n<div class=\"wp-block-group is-vertical is-layout-flex wp-container-core-group-is-layout-8cf370e7 wp-block-group-is-layout-flex\">\n<p class=\"has-text-align-center\"><strong>* <\/strong>&nbsp;Conf\u00e9rences \u00e0 Perpignan : <\/p>\n\n\n\n<p class=\"has-text-align-center\"><strong>Hall Guy Mal\u00e9<\/strong><\/p>\n\n\n\n<p class=\"has-text-align-center\">24, quai Sadi Carnot<\/p>\n\n\n\n<p class=\"has-text-align-center\"><strong>M\u00e9diath\u00e8que<\/strong><\/p>\n\n\n\n<p class=\"has-text-align-center\">15, rue \u00c9mile Zola<\/p>\n\n\n\n<p class=\"has-text-align-center\"><strong>H\u00f4tel Pams<\/strong><\/p>\n\n\n\n<p>18, rue \u00c9mile Zola<\/p>\n\n\n\n<p>Partenaires de la SASL<\/p>\n<\/div>\n\n\n\n<hr class=\"wp-block-separator has-text-color has-dark-gray-color has-alpha-channel-opacity has-dark-gray-background-color has-background is-style-wide\"\/>\n\n\n\n<p><\/p>\n\n\n\n<p><\/p>\n","protected":false},"excerpt":{"rendered":"<p>T\u00e9l\u00e9charger le programme imprimable en PDF. 7 &nbsp;juillet 2023 \u2013 21h \u2013 Sur les traces de Prosper M\u00e9rim\u00e9e (parcours th\u00e9\u00e2tralis\u00e9 dans le centre ancien). Clarisse Requena, docteur \u00e8s lettres, en collaboration avec le Temps du Costume Roussillonnais \/ Perpignan, d\u00e9part place Gambetta. 29 juillet 2023 \u2013 18h \u2013 Loi Stratae et loi Camini et Strate, &hellip; <a href=\"https:\/\/sasl-des-po.fr\/index.php\/agenda-culturel-2022-2023\/\" class=\"more-link\">Continuer la lecture de <span class=\"screen-reader-text\">Agenda culturel 2023-2024<\/span><\/a><\/p>\n","protected":false},"author":1,"featured_media":0,"parent":0,"menu_order":0,"comment_status":"closed","ping_status":"closed","template":"","meta":{"footnotes":""},"class_list":["post-21","page","type-page","status-publish","hentry"],"_links":{"self":[{"href":"https:\/\/sasl-des-po.fr\/index.php\/wp-json\/wp\/v2\/pages\/21","targetHints":{"allow":["GET"]}}],"collection":[{"href":"https:\/\/sasl-des-po.fr\/index.php\/wp-json\/wp\/v2\/pages"}],"about":[{"href":"https:\/\/sasl-des-po.fr\/index.php\/wp-json\/wp\/v2\/types\/page"}],"author":[{"embeddable":true,"href":"https:\/\/sasl-des-po.fr\/index.php\/wp-json\/wp\/v2\/users\/1"}],"replies":[{"embeddable":true,"href":"https:\/\/sasl-des-po.fr\/index.php\/wp-json\/wp\/v2\/comments?post=21"}],"version-history":[{"count":24,"href":"https:\/\/sasl-des-po.fr\/index.php\/wp-json\/wp\/v2\/pages\/21\/revisions"}],"predecessor-version":[{"id":1023,"href":"https:\/\/sasl-des-po.fr\/index.php\/wp-json\/wp\/v2\/pages\/21\/revisions\/1023"}],"wp:attachment":[{"href":"https:\/\/sasl-des-po.fr\/index.php\/wp-json\/wp\/v2\/media?parent=21"}],"curies":[{"name":"wp","href":"https:\/\/api.w.org\/{rel}","templated":true}]}}