{"id":1047,"date":"2024-06-29T11:54:49","date_gmt":"2024-06-29T09:54:49","guid":{"rendered":"https:\/\/sasldeh.cluster030.hosting.ovh.net\/?page_id=1047"},"modified":"2025-10-04T00:16:22","modified_gmt":"2025-10-03T22:16:22","slug":"agenda-culturel-2024-2025","status":"publish","type":"page","link":"https:\/\/sasl-des-po.fr\/index.php\/agenda-culturel-2024-2025\/","title":{"rendered":"Agenda culturel 2024-2025"},"content":{"rendered":"\n<p><strong>4 octobre 2025 &#8211; <em>Apr\u00e8s-midi au Monastir del Camp, Passa &#8211; Le Roussillon de Jaubert de Passa et L&rsquo;\u00c9veill\u00e9, 1815-1821. Images inconnues &#8211;<\/em><\/strong> en collaboration avec l&rsquo;ASPAHR et le Temps du Costume Roussillonnais.<\/p>\n\n\n\n<p>17h &#8211; Conf\u00e9rence par Olivier Poisson, Conservateur g\u00e9n\u00e9ral du Patrimoine honoraire.<\/p>\n\n\n\n<p>18h &#8211; Promenade costum\u00e9e \u00e0 l&rsquo;\u00e9poque de Jaubert de Passa et L&rsquo;\u00c9veill\u00e9 par le Temps du Costume Roussillonnais, association ethnographique, avec des commentaires de Laurent Fonquernie, historien. <\/p>\n\n\n\n<p><strong>21 novembre 2025 &#8211; 17h30 &#8211; <em>L&rsquo;Ann\u00e9e terrible dans les Pyr\u00e9n\u00e9es-Orientales (4 septembre 1870 &#8211; 4 septembre 1871) <\/em><\/strong>par J\u00e9r\u00f4me Quaretti, charg\u00e9 de cours \u00e0 l&rsquo;Universit\u00e9 de Perpignan Via Domitia et doctorant au GHS FRAMESPA (UMR 5136) \/ Perpignan,  Hall Guy-Mal\u00e9. <\/p>\n\n\n\n<p><strong>D\u00e9cembre 2025 &#8211; Janvier 2026 &#8211; Pr\u00e9sentation du volume hors s\u00e9rie de la SASL. <em>Histoire de la soie dans les Pyr\u00e9n\u00e9es-Orientales <\/em><\/strong>par Jean-Marie Rosenstein, historien \/ Catllar, Ille-sur-T\u00eat, Perpignan, Prades.<\/p>\n\n\n\n<p><strong>20 f\u00e9vrier 2026 &#8211; 17h30 &#8211; <em>Du corps au croire : pratiques sensibles, qu\u00eate de soi et recompositions spirituelles dans l&rsquo;Aude contemporaine<\/em><\/strong> par Flora Martin, dipl\u00f4m\u00e9e de Master (Universit\u00e9 de Perpignan Via Domitia) \/ Perpignan, Hall Guy-Mal\u00e9<\/p>\n\n\n\n<p><strong>12 mars 2026 &#8211; 18h30 &#8211; <em>Au nord des Comt\u00e9s de Roussillon et de Cerdagne, la fronti\u00e8re construite et \u00e9prouv\u00e9e par ses acteurs (1258-1462) <\/em><\/strong> par Margault Coste, docteure en histoire \/ Perpignan, M\u00e9diath\u00e8que. <\/p>\n\n\n\n<p><strong>17 avril 2026 &#8211; 17h30 &#8211;  <\/strong><em><strong>Entre lacs et volcans : recherches sur les soci\u00e9t\u00e9s pr\u00e9historiques du Rift \u00e9thiopien <\/strong><\/em>par Cl\u00e9ment M\u00e9nard, docteur en Pr\u00e9histoire, directeur de l&rsquo;EPCC CERP-Tautavel \/ Perpignan, Hall Guy-Mal\u00e9<\/p>\n\n\n\n<p><strong>Mai 2026 &#8211; <em>Dans le cadre des Jeux Floraux du Gen\u00eat d&rsquo;Or de Perpignan &#8211; Apr\u00e8s-midi de conf\u00e9rences litt\u00e9raires<\/em> \/ <\/strong>Perpignan.<strong> Programme \u00e0 para\u00eetre<\/strong><\/p>\n\n\n\n<p><strong>29 mai 2026 &#8211; 17h30 &#8211; <em>Cerdagne, 1940-1944 : passeurs et pass\u00e9s, destins crois\u00e9s<\/em> <\/strong>par Pierre Chevalier, historien \/ Perpignan, Hall Guy-Mal\u00e9<\/p>\n\n\n\n<p><strong>11 juin 2026 &#8211; 17h30 &#8211; <em>Exercer un m\u00e9tier artisanal et commercial dans le Perpignan du XVII\u00e8me si\u00e8cle : la confr\u00e9rie des tailleurs d&rsquo;habits de Perpignan<\/em><\/strong> par Thierry Torr\u00e8s, mast\u00e9rant Civilisations, Cultures et Soci\u00e9t\u00e9s \u00e0 l&rsquo;Universit\u00e9 de Perpignan Via Domitia \/ Perpignan, Hall Guy-Mal\u00e9<\/p>\n\n\n\n<p><strong>13 juin 2026 &#8211; <em>Journ\u00e9e rencontre entre la SASL des Pyr\u00e9n\u00e9es-Orientales et sa soeur la SASL de B\u00e9ziers<\/em><\/strong> \/ Perpignan. <strong>Programme \u00e0 para\u00eetre. <\/strong><\/p>\n\n\n\n<p><\/p>\n\n\n\n<p><\/p>\n\n\n\n<p><\/p>\n\n\n\n<p><\/p>\n\n\n\n<p><\/p>\n\n\n\n<p><\/p>\n\n\n\n<p><\/p>\n\n\n\n<p><\/p>\n\n\n\n<p><\/p>\n\n\n\n<p><\/p>\n","protected":false},"excerpt":{"rendered":"<p>4 octobre 2025 &#8211; Apr\u00e8s-midi au Monastir del Camp, Passa &#8211; Le Roussillon de Jaubert de Passa et L&rsquo;\u00c9veill\u00e9, 1815-1821. Images inconnues &#8211; en collaboration avec l&rsquo;ASPAHR et le Temps du Costume Roussillonnais. 17h &#8211; Conf\u00e9rence par Olivier Poisson, Conservateur g\u00e9n\u00e9ral du Patrimoine honoraire. 18h &#8211; Promenade costum\u00e9e \u00e0 l&rsquo;\u00e9poque de Jaubert de Passa et &hellip; <a href=\"https:\/\/sasl-des-po.fr\/index.php\/agenda-culturel-2024-2025\/\" class=\"more-link\">Continuer la lecture de <span class=\"screen-reader-text\">Agenda culturel 2024-2025<\/span><\/a><\/p>\n","protected":false},"author":1,"featured_media":0,"parent":0,"menu_order":0,"comment_status":"closed","ping_status":"closed","template":"","meta":{"footnotes":""},"class_list":["post-1047","page","type-page","status-publish","hentry"],"_links":{"self":[{"href":"https:\/\/sasl-des-po.fr\/index.php\/wp-json\/wp\/v2\/pages\/1047","targetHints":{"allow":["GET"]}}],"collection":[{"href":"https:\/\/sasl-des-po.fr\/index.php\/wp-json\/wp\/v2\/pages"}],"about":[{"href":"https:\/\/sasl-des-po.fr\/index.php\/wp-json\/wp\/v2\/types\/page"}],"author":[{"embeddable":true,"href":"https:\/\/sasl-des-po.fr\/index.php\/wp-json\/wp\/v2\/users\/1"}],"replies":[{"embeddable":true,"href":"https:\/\/sasl-des-po.fr\/index.php\/wp-json\/wp\/v2\/comments?post=1047"}],"version-history":[{"count":19,"href":"https:\/\/sasl-des-po.fr\/index.php\/wp-json\/wp\/v2\/pages\/1047\/revisions"}],"predecessor-version":[{"id":1249,"href":"https:\/\/sasl-des-po.fr\/index.php\/wp-json\/wp\/v2\/pages\/1047\/revisions\/1249"}],"wp:attachment":[{"href":"https:\/\/sasl-des-po.fr\/index.php\/wp-json\/wp\/v2\/media?parent=1047"}],"curies":[{"name":"wp","href":"https:\/\/api.w.org\/{rel}","templated":true}]}}